{"id":981,"date":"2023-07-19T08:49:13","date_gmt":"2023-07-19T08:49:13","guid":{"rendered":"https:\/\/klima-theke.com\/produkt\/reiniger-fellowes-9287004\/"},"modified":"2023-09-25T12:37:18","modified_gmt":"2023-09-25T10:37:18","slug":"reiniger-fellowes-9287004","status":"publish","type":"product","link":"https:\/\/klima-theke.com\/?product=reiniger-fellowes-9287004","title":{"rendered":"Reiniger Fellowes 9287004"},"content":{"rendered":"<ul>\n<li>Farbe: Wei\u00df<\/li>\n<li>Filter: HEPA<\/li>\n<li>Haltbarkeitsdauer nach dem \u00d6ffnen: 12 Monate<\/li>\n<li>Kompatibilit\u00e4t: AeraMaxTM DX55<\/li>\n<li>Ma\u00dfe ca.: 26,2 x 0,3 x 34 cm<\/li>\n<\/ul>\n<p><\/p>\n<p>&#8211; Der True HEPA Filter filtert 99,97% aller luft\u00fcbertragenen Partikel so klein wie 0,3 Mikrometer, inklusive Schimmelpilze, Pollen, Staubmilben, Allergene und Zigarettenrauch<br \/>\n&#8211; Kompatibel mit Fellowes\u00ae AeraMax\u0099 DX55 Luftreiniger<br \/>\n&#8211; Der True HEPA Filter sollte ca. alle 12 Monate ersetzt werden, um eine optimale Leistung des Luftreinigers zu gew\u00e4hrleisten<\/p>\n<p><\/p>\n<ul>\n<li>Effizienz: 99,97%<\/li>\n<li>Produktfarbe: Wei\u00df<\/li>\n<li>Filter type: HEPA<\/li>\n<li>Anzahl: 1<\/li>\n<li>Kompatibilit\u00e4t: Fellowes AeraMax DX55<\/li>\n<li>Breite: 262 mm<\/li>\n<li>Tiefe: 30 mm<\/li>\n<li>H\u00f6he: 340 mm<\/li>\n<li>Gewicht: 200 g<\/li>\n<li>Paketbreite: 278 mm<\/li>\n<li>Pakettiefe: 40 mm<\/li>\n<li>Paketh\u00f6he: 355 mm<\/li>\n<li>Paketgewicht: 360 g<\/li>\n<li>Breite des Versandkartons: 17,2 cm<\/li>\n<li>L\u00e4nge des Versandkartons: 28,5 cm<\/li>\n<li>H\u00f6he des Versandkartons: 37 cm<\/li>\n<li>Gewicht Versandkarton: 1,67 kg<\/li>\n<li>Menge pro Versandkarton: 4 St\u00fcck(e)<\/li>\n<\/ul>\n<p>Wenn Sie Haushaltsger\u00e4te zum besten Gro\u00dfhandelspreis suchen, dann verpassen Sie nicht Ihre Chance auf <b>Reiniger Fellowes 9287004<\/b> sowie ein breites Sortiment an kleinen Haushaltsger\u00e4ten!<\/p>\n","protected":false},"excerpt":{"rendered":"<p>Farbe: Wei\u00df Filter: HEPA Haltbarkeitsdauer nach dem \u00d6ffnen: 12 Monate Kompatibilit\u00e4t: AeraMaxTM DX55 Ma\u00dfe ca.: 26,2 x 0,3 x 34 cm &#8211; Der True HEPA Filter filtert 99,97% aller luft\u00fcbertragenen Partikel so klein wie 0,3 Mikrometer, inklusive Schimmelpilze, Pollen, Staubmilben, Allergene und Zigarettenrauch &#8211; Kompatibel mit Fellowes\u00ae AeraMax\u0099 DX55 Luftreiniger &#8211; Der True HEPA Filter [&#8230;]\n","protected":false},"featured_media":84369,"template":"","meta":[],"product_cat":[34],"product_tag":[],"class_list":{"0":"post-981","1":"product","2":"type-product","3":"status-publish","4":"has-post-thumbnail","6":"product_cat-tisch-standventilatoren","8":"first","9":"outofstock","10":"taxable","11":"shipping-taxable","12":"purchasable","13":"product-type-simple"},"_links":{"self":[{"href":"https:\/\/klima-theke.com\/index.php?rest_route=\/wp\/v2\/product\/981","targetHints":{"allow":["GET"]}}],"collection":[{"href":"https:\/\/klima-theke.com\/index.php?rest_route=\/wp\/v2\/product"}],"about":[{"href":"https:\/\/klima-theke.com\/index.php?rest_route=\/wp\/v2\/types\/product"}],"wp:featuredmedia":[{"embeddable":true,"href":"https:\/\/klima-theke.com\/index.php?rest_route=\/wp\/v2\/media\/84369"}],"wp:attachment":[{"href":"https:\/\/klima-theke.com\/index.php?rest_route=%2Fwp%2Fv2%2Fmedia&parent=981"}],"wp:term":[{"taxonomy":"product_cat","embeddable":true,"href":"https:\/\/klima-theke.com\/index.php?rest_route=%2Fwp%2Fv2%2Fproduct_cat&post=981"},{"taxonomy":"product_tag","embeddable":true,"href":"https:\/\/klima-theke.com\/index.php?rest_route=%2Fwp%2Fv2%2Fproduct_tag&post=981"}],"curies":[{"name":"wp","href":"https:\/\/api.w.org\/{rel}","templated":true}]}}