{"id":940,"date":"2023-07-19T10:48:45","date_gmt":"2023-07-19T08:48:45","guid":{"rendered":"https:\/\/klima-theke.com\/produkt\/nature-paraffinheizer-coldframe-17-l-6020422\/"},"modified":"2023-10-29T11:02:28","modified_gmt":"2023-10-29T09:02:28","slug":"nature-paraffinheizer-coldframe-17-l-6020422","status":"publish","type":"product","link":"https:\/\/klima-theke.com\/?product=nature-paraffinheizer-coldframe-17-l-6020422","title":{"rendered":"Nature Paraffinheizer Coldframe 1,7 l 6020422"},"content":{"rendered":"<p>Diese Coldframe Paraffinheizung von Nature hat eine F\u00fcllmenge von 1,7 l. Diese Paraffinheizungen stellen eine gute und wirtschaftliche M\u00f6glichkeit dar, im Gew\u00e4chshaus eine konstante Strahlungsw\u00e4rme zu erzeugen. Diese W\u00e4rme ist wichtig, um empfindliche Pflanzen, wie zum Beispiel Fuchsien oder Pelargonien, durch den Winter zu bringen. Beim Anz\u00fcnden der Flamme wird Wasserdampf freigesetzt, der die Luft im Gew\u00e4chshaus befeuchtet. Bei der Verbrennung entsteht auch Kohlendioxid, ein wesentliches Element f\u00fcr das Pflanzenwachstum.<\/p>\n<ul>\n<li>Farbe: Grau<\/li>\n<li>Material: Verzinktes Metall<\/li>\n<li>Abmessungen: 21 x 13 cm (Durchmesser x H)<\/li>\n<li>F\u00fcllmenge: 1,7 L<\/li>\n<li>Unbeaufsichtigter Dauerbetrieb f\u00fcr ca. 10 Tage<\/li>\n<li>Beheizt eine Fl\u00e4che von bis zu 2 m\u00b2<\/li>\n<\/ul>\n","protected":false},"excerpt":{"rendered":"<p>Diese Coldframe Paraffinheizung von Nature hat eine F\u00fcllmenge von 1,7 l. Diese Paraffinheizungen stellen eine gute und wirtschaftliche M\u00f6glichkeit dar, im Gew\u00e4chshaus eine konstante Strahlungsw\u00e4rme zu erzeugen. Diese W\u00e4rme ist wichtig, um empfindliche Pflanzen, wie zum Beispiel Fuchsien oder Pelargonien, durch den Winter zu bringen. Beim Anz\u00fcnden der Flamme wird Wasserdampf freigesetzt, der die Luft [&#8230;]\n","protected":false},"featured_media":124329,"template":"","meta":[],"product_cat":[38],"product_tag":[],"class_list":{"0":"post-940","1":"product","2":"type-product","3":"status-publish","4":"has-post-thumbnail","6":"product_cat-heizungen-zubehoer","8":"first","9":"instock","10":"taxable","11":"shipping-taxable","12":"purchasable","13":"product-type-simple"},"_links":{"self":[{"href":"https:\/\/klima-theke.com\/index.php?rest_route=\/wp\/v2\/product\/940","targetHints":{"allow":["GET"]}}],"collection":[{"href":"https:\/\/klima-theke.com\/index.php?rest_route=\/wp\/v2\/product"}],"about":[{"href":"https:\/\/klima-theke.com\/index.php?rest_route=\/wp\/v2\/types\/product"}],"wp:featuredmedia":[{"embeddable":true,"href":"https:\/\/klima-theke.com\/index.php?rest_route=\/wp\/v2\/media\/124329"}],"wp:attachment":[{"href":"https:\/\/klima-theke.com\/index.php?rest_route=%2Fwp%2Fv2%2Fmedia&parent=940"}],"wp:term":[{"taxonomy":"product_cat","embeddable":true,"href":"https:\/\/klima-theke.com\/index.php?rest_route=%2Fwp%2Fv2%2Fproduct_cat&post=940"},{"taxonomy":"product_tag","embeddable":true,"href":"https:\/\/klima-theke.com\/index.php?rest_route=%2Fwp%2Fv2%2Fproduct_tag&post=940"}],"curies":[{"name":"wp","href":"https:\/\/api.w.org\/{rel}","templated":true}]}}