{"id":870,"date":"2023-07-19T10:47:52","date_gmt":"2023-07-19T08:47:52","guid":{"rendered":"https:\/\/klima-theke.com\/produkt\/tragbarer-heizluefter-cecotec-ready-warm-9870-smart-rotate-2000-w\/"},"modified":"2023-10-16T20:37:00","modified_gmt":"2023-10-16T18:37:00","slug":"tragbarer-heizluefter-cecotec-ready-warm-9870-smart-rotate-2000-w","status":"publish","type":"product","link":"https:\/\/klima-theke.com\/?product=tragbarer-heizluefter-cecotec-ready-warm-9870-smart-rotate-2000-w","title":{"rendered":"Tragbarer Heizl\u00fcfter Cecotec Ready Warm 9870 Smart Rotate 2000 W"},"content":{"rendered":"<p>Wenn Sie Haushaltsger\u00e4te zum besten Gro\u00dfhandelspreis suchen, dann verpassen Sie nicht Ihre Chance auf <b>Tragbarer Heizl\u00fcfter Cecotec Ready Warm 9870 Smart Rotate 2000 W<\/b> sowie ein breites Sortiment an kleinen Haushaltsger\u00e4ten!<\/p>\n<ul>\n<li>Leistung: 2000 W<\/li>\n<li>Oszillierend: 60\u00ba<\/li>\n<li>Merkmale:\n<ul>\n<li>LCD-Screen<\/li>\n<li>3 Verwendungsarten:<\/li>\n<\/ul>\n<\/li>\n<li>Thermostat: Einstellbar<\/li>\n<li>Soundintensit\u00e4t: 30 dB<\/li>\n<li>Ungef\u00e4hres Gewicht: 1,3 Kg<\/li>\n<li>Ma\u00dfe ca.: 21 x 14 x 30 cm<\/li>\n<\/ul>\n","protected":false},"excerpt":{"rendered":"<p>Wenn Sie Haushaltsger\u00e4te zum besten Gro\u00dfhandelspreis suchen, dann verpassen Sie nicht Ihre Chance auf Tragbarer Heizl\u00fcfter Cecotec Ready Warm 9870 Smart Rotate 2000 W sowie ein breites Sortiment an kleinen Haushaltsger\u00e4ten! Leistung: 2000 W Oszillierend: 60\u00ba Merkmale: LCD-Screen 3 Verwendungsarten: Thermostat: Einstellbar Soundintensit\u00e4t: 30 dB Ungef\u00e4hres Gewicht: 1,3 Kg Ma\u00dfe ca.: 21 x 14 x [&#8230;]\n","protected":false},"featured_media":112560,"template":"","meta":[],"product_cat":[117],"product_tag":[],"class_list":{"0":"post-870","1":"product","2":"type-product","3":"status-publish","4":"has-post-thumbnail","6":"product_cat-heizluefter","8":"first","9":"outofstock","10":"taxable","11":"shipping-taxable","12":"purchasable","13":"product-type-simple"},"_links":{"self":[{"href":"https:\/\/klima-theke.com\/index.php?rest_route=\/wp\/v2\/product\/870","targetHints":{"allow":["GET"]}}],"collection":[{"href":"https:\/\/klima-theke.com\/index.php?rest_route=\/wp\/v2\/product"}],"about":[{"href":"https:\/\/klima-theke.com\/index.php?rest_route=\/wp\/v2\/types\/product"}],"wp:featuredmedia":[{"embeddable":true,"href":"https:\/\/klima-theke.com\/index.php?rest_route=\/wp\/v2\/media\/112560"}],"wp:attachment":[{"href":"https:\/\/klima-theke.com\/index.php?rest_route=%2Fwp%2Fv2%2Fmedia&parent=870"}],"wp:term":[{"taxonomy":"product_cat","embeddable":true,"href":"https:\/\/klima-theke.com\/index.php?rest_route=%2Fwp%2Fv2%2Fproduct_cat&post=870"},{"taxonomy":"product_tag","embeddable":true,"href":"https:\/\/klima-theke.com\/index.php?rest_route=%2Fwp%2Fv2%2Fproduct_tag&post=870"}],"curies":[{"name":"wp","href":"https:\/\/api.w.org\/{rel}","templated":true}]}}