{"id":77130,"date":"2023-09-14T07:43:37","date_gmt":"2023-09-14T05:43:37","guid":{"rendered":"https:\/\/klima-theke.com\/produkt\/iea-medical-sofort-kaltkompresse-5er-box\/"},"modified":"2023-09-20T17:54:43","modified_gmt":"2023-09-20T15:54:43","slug":"iea-medical-sofort-kaltkompresse-5er-box","status":"publish","type":"product","link":"https:\/\/klima-theke.com\/?product=iea-medical-sofort-kaltkompresse-5er-box","title":{"rendered":"IEA Medical &#8211; Sofort Kaltkompresse 5er Box"},"content":{"rendered":"<ul class=\"a-unordered-list a-vertical a-spacing-mini\" style=\"margin-right: 0px;margin-bottom: 0px;margin-left: 18px;padding: 0px;, Arial, sans-serif\">\n<li class=\"a-spacing-mini\" style=\"margin: 0px\"><span class=\"a-list-item\">\u2705 SOFORTIGE K\u00dcHLUNG: Unsere Sofortk\u00e4ltekompresse ist sekundenschnell gebrauchsfertig ohne Vork\u00fchlung. So ist sie ideal geeignet f\u00fcr Unterwegs und auch f\u00fcr Zuhause. Egal, ob Sie mit den Kindern unterwegs sind oder zum Sport gehen, mit der Sofortk\u00e4ltekompresse sind Sie f\u00fcr den Notfall gut gewappnet.<\/span><\/li>\n<li class=\"a-spacing-mini\" style=\"margin: 0px\"><span class=\"a-list-item\">\u2705 EINFACHE ANWENDUNG: Die Aktivierung der Sofortk\u00e4ltekompresse ist kinderleicht. Sie m\u00fcssen lediglich die Blase in der Sofortk\u00e4ltekompresse ertasten und diese durch Zusammendr\u00fccken des Beutels zum platzen bringen. Anschlie\u00dfend den Beutel gut durchsch\u00fctteln, damit ist die K\u00e4ltewirkung aktiviert. Die Sofortk\u00e4ltekompresse ist direkt einsatzbereit.<\/span><\/li>\n<li class=\"a-spacing-mini\" style=\"margin: 0px\"><span class=\"a-list-item\">\u2705 LANGANHALTENDE K\u00dcHLUNG: Durch die ideale Mischung der K\u00fchlkomponenten im Inneren der Sofortk\u00e4ltekompresse wird eine K\u00fchlung von etwa 25 Minuten erreicht. So haben Sie lange genug Zeit um Ihre Verletzung zu k\u00fchlen.<\/span><\/li>\n<li class=\"a-spacing-mini\" style=\"margin: 0px\"><span class=\"a-list-item\">\u2705&nbsp;<\/span>ANWENDUNG: Als Indoor-Sportler oder bei Outdoor-Aktivit\u00e4ten wie Wandern, Radfahren oder Tennis, sollten Sie auf jeden Fall mindestens einen K\u00fchl-Eisbeutel in Ihrer Tasche mitnehmen. Auf diese Weise k\u00f6nnen Sie kleinere Verletzungen schnell reagieren und sofort behandeln.<\/li>\n<\/ul>\n","protected":false},"excerpt":{"rendered":"<p>\u2705 SOFORTIGE K\u00dcHLUNG: Unsere Sofortk\u00e4ltekompresse ist sekundenschnell gebrauchsfertig ohne Vork\u00fchlung. So ist sie ideal geeignet f\u00fcr Unterwegs und auch f\u00fcr Zuhause. Egal, ob Sie mit den Kindern unterwegs sind oder zum Sport gehen, mit der Sofortk\u00e4ltekompresse sind Sie f\u00fcr den Notfall gut gewappnet. \u2705 EINFACHE ANWENDUNG: Die Aktivierung der Sofortk\u00e4ltekompresse ist kinderleicht. Sie m\u00fcssen lediglich [&#8230;]\n","protected":false},"featured_media":82802,"template":"","meta":[],"product_cat":[119],"product_tag":[],"class_list":{"0":"post-77130","1":"product","2":"type-product","3":"status-publish","4":"has-post-thumbnail","6":"product_cat-kalt-warm-kompressen","8":"first","9":"instock","10":"taxable","11":"shipping-taxable","12":"purchasable","13":"product-type-simple"},"_links":{"self":[{"href":"https:\/\/klima-theke.com\/index.php?rest_route=\/wp\/v2\/product\/77130","targetHints":{"allow":["GET"]}}],"collection":[{"href":"https:\/\/klima-theke.com\/index.php?rest_route=\/wp\/v2\/product"}],"about":[{"href":"https:\/\/klima-theke.com\/index.php?rest_route=\/wp\/v2\/types\/product"}],"wp:featuredmedia":[{"embeddable":true,"href":"https:\/\/klima-theke.com\/index.php?rest_route=\/wp\/v2\/media\/82802"}],"wp:attachment":[{"href":"https:\/\/klima-theke.com\/index.php?rest_route=%2Fwp%2Fv2%2Fmedia&parent=77130"}],"wp:term":[{"taxonomy":"product_cat","embeddable":true,"href":"https:\/\/klima-theke.com\/index.php?rest_route=%2Fwp%2Fv2%2Fproduct_cat&post=77130"},{"taxonomy":"product_tag","embeddable":true,"href":"https:\/\/klima-theke.com\/index.php?rest_route=%2Fwp%2Fv2%2Fproduct_tag&post=77130"}],"curies":[{"name":"wp","href":"https:\/\/api.w.org\/{rel}","templated":true}]}}