{"id":77114,"date":"2023-09-14T07:42:59","date_gmt":"2023-09-14T05:42:59","guid":{"rendered":"https:\/\/klima-theke.com\/produkt\/iea-medical-kalt-warmkompressen-12x20-3er-set\/"},"modified":"2023-10-11T07:45:45","modified_gmt":"2023-10-11T05:45:45","slug":"iea-medical-kalt-warmkompressen-12x20-3er-set","status":"publish","type":"product","link":"https:\/\/klima-theke.com\/?product=iea-medical-kalt-warmkompressen-12x20-3er-set","title":{"rendered":"IEA Medical &#8211; Kalt Warmkompressen 12&#215;20 | 3er Set"},"content":{"rendered":"<ul class=\"a-unordered-list a-vertical a-spacing-mini\" style=\"margin-right: 0px;margin-bottom: 0px;margin-left: 18px;padding: 0px;, Arial, sans-serif\">\n<li class=\"a-spacing-mini\" style=\"margin: 0px\"><span class=\"a-list-item\">\u2705 KALT WARM KOMPRESSEN sind wiederverwendbar und Mikrowellen geeignet. Das Gel in dem Gel-Pack ist bei -18 Grad noch flexibel, sodass sich das Gelpad ideal anpasst. Das Gel ist ungiftig.<\/span><\/li>\n<li class=\"a-spacing-mini\" style=\"margin: 0px\"><span class=\"a-list-item\">\u2705 KALT ANWENDUNG: Etwa 2 Stunden vor dem Gebrauch in das Gefrierfach, Tiefk\u00fchltruhe oder K\u00fchlfach legen. Wirksam ist es lokal schmerzlindernd und abschwellend. Ideal&nbsp; Anwendung bei Zahnschmerzen, Insektenstichen, Verletzungen beim Sport, Zerrungen, Prellungen, nach Operationen, bei Gelenk Schmerzen in Arm, Bein oder Schulter bei Fieber sowie Kopfschmerzen Ideal f\u00fcr Kinder geeignet<\/span><\/li>\n<li class=\"a-spacing-mini\" style=\"margin: 0px\"><span class=\"a-list-item\">\u2705 WARMANWENDUNG: Etwa f\u00fcr 2 Min. in max. 80\u00b0C hei\u00dfem Wasser erw\u00e4rmen oder f\u00fcr 60 Sekunden, bei maximal 600 Watt, in der Mikrowelle erhitzen. Die Warmanwendung hilft bei der lokalen Durchblutungsf\u00f6rderung, Spannungsl\u00f6sung und ist ideal bei R\u00fcckenschmerzen, Menstruation, Nierenschmerzen, Hexenschuss und Bauchschmerzen.<\/span><\/li>\n<li class=\"a-spacing-mini\" style=\"margin: 0px\"><span class=\"a-list-item\">\u2705 ANWENDUNGSBEREICHE: Optimal f\u00fcr die Anwendung am Ellenbogen, Kopf, Kn\u00f6chel, Fu\u00df, Hand. Das K\u00fchlpad k\u00f6nnen sie bei Prellungen Zahnschmerzen nach eine OP ideal einsetzen. Diese Gr\u00f6\u00dfe eignet sich auch zur K\u00fchlung bei Fieber von Kindern.<\/span><\/li>\n<li class=\"a-spacing-mini\" style=\"margin: 0px\"><span class=\"a-list-item\">\u2705 LIEFERUMFANG: 3x Kalt Warm Kompresse in der Gr\u00f6\u00dfe 12x20cm<\/span><\/li>\n<\/ul>\n","protected":false},"excerpt":{"rendered":"<p>\u2705 KALT WARM KOMPRESSEN sind wiederverwendbar und Mikrowellen geeignet. Das Gel in dem Gel-Pack ist bei -18 Grad noch flexibel, sodass sich das Gelpad ideal anpasst. Das Gel ist ungiftig. \u2705 KALT ANWENDUNG: Etwa 2 Stunden vor dem Gebrauch in das Gefrierfach, Tiefk\u00fchltruhe oder K\u00fchlfach legen. Wirksam ist es lokal schmerzlindernd und abschwellend. Ideal&nbsp; Anwendung [&#8230;]\n","protected":false},"featured_media":105882,"template":"","meta":[],"product_cat":[119],"product_tag":[],"class_list":{"0":"post-77114","1":"product","2":"type-product","3":"status-publish","4":"has-post-thumbnail","6":"product_cat-kalt-warm-kompressen","8":"first","9":"instock","10":"taxable","11":"shipping-taxable","12":"purchasable","13":"product-type-simple"},"_links":{"self":[{"href":"https:\/\/klima-theke.com\/index.php?rest_route=\/wp\/v2\/product\/77114","targetHints":{"allow":["GET"]}}],"collection":[{"href":"https:\/\/klima-theke.com\/index.php?rest_route=\/wp\/v2\/product"}],"about":[{"href":"https:\/\/klima-theke.com\/index.php?rest_route=\/wp\/v2\/types\/product"}],"wp:featuredmedia":[{"embeddable":true,"href":"https:\/\/klima-theke.com\/index.php?rest_route=\/wp\/v2\/media\/105882"}],"wp:attachment":[{"href":"https:\/\/klima-theke.com\/index.php?rest_route=%2Fwp%2Fv2%2Fmedia&parent=77114"}],"wp:term":[{"taxonomy":"product_cat","embeddable":true,"href":"https:\/\/klima-theke.com\/index.php?rest_route=%2Fwp%2Fv2%2Fproduct_cat&post=77114"},{"taxonomy":"product_tag","embeddable":true,"href":"https:\/\/klima-theke.com\/index.php?rest_route=%2Fwp%2Fv2%2Fproduct_tag&post=77114"}],"curies":[{"name":"wp","href":"https:\/\/api.w.org\/{rel}","templated":true}]}}