{"id":75712,"date":"2023-09-13T07:23:22","date_gmt":"2023-09-13T05:23:22","guid":{"rendered":"https:\/\/klima-theke.com\/produkt\/gartenkamin-mit-schuerhaken-39x39x90-cm-stahl\/"},"modified":"2023-10-29T04:23:14","modified_gmt":"2023-10-29T02:23:14","slug":"gartenkamin-mit-schuerhaken-39x39x90-cm-stahl","status":"publish","type":"product","link":"https:\/\/klima-theke.com\/?product=gartenkamin-mit-schuerhaken-39x39x90-cm-stahl","title":{"rendered":"Gartenkamin mit Sch\u00fcrhaken 39x39x90 cm Stahl"},"content":{"rendered":"<p>Mit seinen geschwungenen Beinen verleiht dieser Gartenkamin deinem Au\u00dfenbereich einen Hauch von charmanter Eleganz und sorgt gleichzeitig f\u00fcr W\u00e4rme. Stabiles Material: Stahl ist ein au\u00dfergew\u00f6hnlich hartes und starkes Material. Er bietet Robustheit und Stabilit\u00e4t. Aus Stahl gefertigt, absorbiert der Kamin W\u00e4rme hervorragend und gibt sie an die Umgebung ab.Gittert\u00fcr: Dank der Gittert\u00fcr kannst du das brennende Feuer beobachten; sie umschlie\u00dft das Feuer aus Sicherheitsgr\u00fcnden und verhindert, dass Funken herausfliegen.Praktischer Sch\u00fcrhaken: Der Outdoor-Kamin wird mit einem Sch\u00fcrhaken geliefert, mit dem du ganz einfach Holzscheite bewegen oder den Holzkohle-Rost aufnehmen kannst, um ein sicheres und angenehmes Feuererlebnis im Freien zu genie\u00dfen.Kamin mit Deckel: Der Kamin ist mit einem Deckel versehen, der das Feuer vor Regen sch\u00fctzt und verhindert, dass sich Feuchtigkeit im Gartenkamin ansammelt. Gut zu wissen:Er kann nur im Freien verwendet werden. Um Verletzungen und Verbrennungen zu vermeiden, ber\u00fchre das Produkt nicht, wenn Holz darin brennt oder kurz danach.<\/p>\n<ul>\n<li>Farbe: Schwarz<\/li>\n<li>Material: Stahl<\/li>\n<li>Abmessungen: 39 x 90 cm (Durchmesser x H)<\/li>\n<li>Zusammenbau erforderlich: Ja<\/li>\n<\/ul>\n","protected":false},"excerpt":{"rendered":"<p>Mit seinen geschwungenen Beinen verleiht dieser Gartenkamin deinem Au\u00dfenbereich einen Hauch von charmanter Eleganz und sorgt gleichzeitig f\u00fcr W\u00e4rme. Stabiles Material: Stahl ist ein au\u00dfergew\u00f6hnlich hartes und starkes Material. Er bietet Robustheit und Stabilit\u00e4t. Aus Stahl gefertigt, absorbiert der Kamin W\u00e4rme hervorragend und gibt sie an die Umgebung ab.Gittert\u00fcr: Dank der Gittert\u00fcr kannst du das [&#8230;]\n","protected":false},"featured_media":124031,"template":"","meta":[],"product_cat":[39],"product_tag":[],"class_list":{"0":"post-75712","1":"product","2":"type-product","3":"status-publish","4":"has-post-thumbnail","6":"product_cat-kamine-grills-grillkamine","8":"first","9":"instock","10":"taxable","11":"shipping-taxable","12":"purchasable","13":"product-type-simple"},"_links":{"self":[{"href":"https:\/\/klima-theke.com\/index.php?rest_route=\/wp\/v2\/product\/75712","targetHints":{"allow":["GET"]}}],"collection":[{"href":"https:\/\/klima-theke.com\/index.php?rest_route=\/wp\/v2\/product"}],"about":[{"href":"https:\/\/klima-theke.com\/index.php?rest_route=\/wp\/v2\/types\/product"}],"wp:featuredmedia":[{"embeddable":true,"href":"https:\/\/klima-theke.com\/index.php?rest_route=\/wp\/v2\/media\/124031"}],"wp:attachment":[{"href":"https:\/\/klima-theke.com\/index.php?rest_route=%2Fwp%2Fv2%2Fmedia&parent=75712"}],"wp:term":[{"taxonomy":"product_cat","embeddable":true,"href":"https:\/\/klima-theke.com\/index.php?rest_route=%2Fwp%2Fv2%2Fproduct_cat&post=75712"},{"taxonomy":"product_tag","embeddable":true,"href":"https:\/\/klima-theke.com\/index.php?rest_route=%2Fwp%2Fv2%2Fproduct_tag&post=75712"}],"curies":[{"name":"wp","href":"https:\/\/api.w.org\/{rel}","templated":true}]}}