{"id":751,"date":"2023-07-19T10:46:35","date_gmt":"2023-07-19T08:46:35","guid":{"rendered":"https:\/\/klima-theke.com\/produkt\/redfire-feuerkorb-buffalo-44-x-90-cm-stahl-mattschwarz\/"},"modified":"2023-10-29T11:22:08","modified_gmt":"2023-10-29T09:22:08","slug":"redfire-feuerkorb-buffalo-44-x-90-cm-stahl-mattschwarz","status":"publish","type":"product","link":"https:\/\/klima-theke.com\/?product=redfire-feuerkorb-buffalo-44-x-90-cm-stahl-mattschwarz","title":{"rendered":"RedFire Feuerkorb Buffalo 44 x 90 cm Stahl Mattschwarz"},"content":{"rendered":"<p>Der Buffalo Feuerkorb von RedFire stellt eine Kombination aus einem Holzlagerplatz und einer Feuerstelle dar. Das sch\u00f6ne beidseitige Netzgitter erm\u00f6glicht es Ihnen, das Feuer von allen Seiten klar zu sehen. Dar\u00fcber hinaus sorgt dieses Gitter f\u00fcr Sicherheit, falls Holz knistert oder platzt. Die Buffalo Feuerschale ist mit einer mattschwarzen Pulverbeschichtung versehen. Sie eignet sich ideal, um eine angenehme Atmosph\u00e4re im Garten zu schaffen. HinweisBitte lassen Sie Feuerstellen nicht unbeaufsichtigt und erlauben Sie Kindern nicht, das Feuer zu ber\u00fchren oder damit zu spielen.<\/p>\n<ul>\n<li>Farbe: Mattschwarz<\/li>\n<li>Material: pulverbeschichteter Stahl<\/li>\n<li>Gr\u00f6\u00dfe: 44 x 90 cm (Durchmesser x H)<\/li>\n<li>2-in-1 Feuerstelle und Holzlagerung<\/li>\n<li> Sicherheitsnetzgitter auf beiden Seiten<\/li>\n<li>Gro\u00dfe Nachf\u00fcll\u00f6ffnung<\/li>\n<\/ul>\n","protected":false},"excerpt":{"rendered":"<p>Der Buffalo Feuerkorb von RedFire stellt eine Kombination aus einem Holzlagerplatz und einer Feuerstelle dar. Das sch\u00f6ne beidseitige Netzgitter erm\u00f6glicht es Ihnen, das Feuer von allen Seiten klar zu sehen. Dar\u00fcber hinaus sorgt dieses Gitter f\u00fcr Sicherheit, falls Holz knistert oder platzt. Die Buffalo Feuerschale ist mit einer mattschwarzen Pulverbeschichtung versehen. Sie eignet sich ideal, [&#8230;]\n","protected":false},"featured_media":124419,"template":"","meta":[],"product_cat":[39],"product_tag":[],"class_list":{"0":"post-751","1":"product","2":"type-product","3":"status-publish","4":"has-post-thumbnail","6":"product_cat-kamine-grills-grillkamine","8":"first","9":"instock","10":"taxable","11":"shipping-taxable","12":"purchasable","13":"product-type-simple"},"_links":{"self":[{"href":"https:\/\/klima-theke.com\/index.php?rest_route=\/wp\/v2\/product\/751","targetHints":{"allow":["GET"]}}],"collection":[{"href":"https:\/\/klima-theke.com\/index.php?rest_route=\/wp\/v2\/product"}],"about":[{"href":"https:\/\/klima-theke.com\/index.php?rest_route=\/wp\/v2\/types\/product"}],"wp:featuredmedia":[{"embeddable":true,"href":"https:\/\/klima-theke.com\/index.php?rest_route=\/wp\/v2\/media\/124419"}],"wp:attachment":[{"href":"https:\/\/klima-theke.com\/index.php?rest_route=%2Fwp%2Fv2%2Fmedia&parent=751"}],"wp:term":[{"taxonomy":"product_cat","embeddable":true,"href":"https:\/\/klima-theke.com\/index.php?rest_route=%2Fwp%2Fv2%2Fproduct_cat&post=751"},{"taxonomy":"product_tag","embeddable":true,"href":"https:\/\/klima-theke.com\/index.php?rest_route=%2Fwp%2Fv2%2Fproduct_tag&post=751"}],"curies":[{"name":"wp","href":"https:\/\/api.w.org\/{rel}","templated":true}]}}