{"id":72183,"date":"2023-09-09T07:48:45","date_gmt":"2023-09-09T05:48:45","guid":{"rendered":"https:\/\/klima-theke.com\/produkt\/nature-holzabdeckplane-15x6-m-pe-gruen\/"},"modified":"2023-10-24T11:31:13","modified_gmt":"2023-10-24T09:31:13","slug":"nature-holzabdeckplane-15x6-m-pe-gruen","status":"publish","type":"product","link":"https:\/\/klima-theke.com\/?product=nature-holzabdeckplane-15x6-m-pe-gruen","title":{"rendered":"Nature Holzabdeckplane 1,5\u00d76 m PE Gr\u00fcn"},"content":{"rendered":"<p>Die Abdeckplane von Nature besteht aus UV-best\u00e4ndigem Polyethylen. Sie ist speziell f\u00fcr die Abdeckung von Holzhaufen konzipiert, l\u00e4sst sich aber auch f\u00fcr viele andere Zwecke einsetzen. Diese gr\u00fcne Abdeckung ist 100% wasserdicht und l\u00e4sst sich ganz einfach sauber halten. Dar\u00fcber hinaus ist sie mit seitlichen \u00d6sen versehen, die eine einfache Befestigung der Plane an anderen Gegenst\u00e4nden oder am Boden erm\u00f6glichen. Die Abdeckplane ist au\u00dferdem leicht und einfach zu verstauen. Mit dieser benutzerfreundlichen Abdeckplane k\u00f6nnen Sie Holzhaufen, Auto, Motorrad oder Boot perfekt vor Wind, Regen und Sonnenstrahlen sch\u00fctzen.<\/p>\n<ul>\n<li>Farbe: Gr\u00fcn<\/li>\n<li>Material: gewebtes PE (Polyethylen)<\/li>\n<li>Gr\u00f6\u00dfe: 600 x 150 cm (L x B)<\/li>\n<li>Dichte: 90 g\/m\u00b2<\/li>\n<li>100% wasserdicht<\/li>\n<\/ul>\n","protected":false},"excerpt":{"rendered":"<p>Die Abdeckplane von Nature besteht aus UV-best\u00e4ndigem Polyethylen. Sie ist speziell f\u00fcr die Abdeckung von Holzhaufen konzipiert, l\u00e4sst sich aber auch f\u00fcr viele andere Zwecke einsetzen. Diese gr\u00fcne Abdeckung ist 100% wasserdicht und l\u00e4sst sich ganz einfach sauber halten. Dar\u00fcber hinaus ist sie mit seitlichen \u00d6sen versehen, die eine einfache Befestigung der Plane an anderen [&#8230;]\n","protected":false},"featured_media":119622,"template":"","meta":[],"product_cat":[46],"product_tag":[],"class_list":{"0":"post-72183","1":"product","2":"type-product","3":"status-publish","4":"has-post-thumbnail","6":"product_cat-aufbewahrungs-koerbe","8":"first","9":"instock","10":"taxable","11":"shipping-taxable","12":"purchasable","13":"product-type-simple"},"_links":{"self":[{"href":"https:\/\/klima-theke.com\/index.php?rest_route=\/wp\/v2\/product\/72183","targetHints":{"allow":["GET"]}}],"collection":[{"href":"https:\/\/klima-theke.com\/index.php?rest_route=\/wp\/v2\/product"}],"about":[{"href":"https:\/\/klima-theke.com\/index.php?rest_route=\/wp\/v2\/types\/product"}],"wp:featuredmedia":[{"embeddable":true,"href":"https:\/\/klima-theke.com\/index.php?rest_route=\/wp\/v2\/media\/119622"}],"wp:attachment":[{"href":"https:\/\/klima-theke.com\/index.php?rest_route=%2Fwp%2Fv2%2Fmedia&parent=72183"}],"wp:term":[{"taxonomy":"product_cat","embeddable":true,"href":"https:\/\/klima-theke.com\/index.php?rest_route=%2Fwp%2Fv2%2Fproduct_cat&post=72183"},{"taxonomy":"product_tag","embeddable":true,"href":"https:\/\/klima-theke.com\/index.php?rest_route=%2Fwp%2Fv2%2Fproduct_tag&post=72183"}],"curies":[{"name":"wp","href":"https:\/\/api.w.org\/{rel}","templated":true}]}}