{"id":692,"date":"2023-07-19T10:43:30","date_gmt":"2023-07-19T08:43:30","guid":{"rendered":"https:\/\/klima-theke.com\/produkt\/roehre-edm-33973-ersatzteil-20-cm\/"},"modified":"2023-09-13T17:56:52","modified_gmt":"2023-09-13T15:56:52","slug":"roehre-edm-33973-ersatzteil-20-cm","status":"publish","type":"product","link":"https:\/\/klima-theke.com\/?product=roehre-edm-33973-ersatzteil-20-cm","title":{"rendered":"R\u00f6hre EDM 33973 Ersatzteil 20 cm"},"content":{"rendered":"<p>Wenn Sie bei der Einrichtung ihres Heims Wert auf Details legen und bei Produkten, die Ihnen das Leben leichter machen, auf dem letzten Stand sein m\u00f6chten, dann kaufen Sie <b>R\u00f6hre EDM 33973 Ersatzteil 20 cm<\/b> zum besten Preis.<\/p>\n<ul>\n<li>Art:\n<ul>\n<li>Ventilator<\/li>\n<li>Ersatzteil<\/li>\n<\/ul>\n<\/li>\n<li>Farbe: Schwarz<\/li>\n<li>Material: Metall<\/li>\n<li>Ma\u00dfe ca.: 20 cm<\/li>\n<li>Design: Verchromt<\/li>\n<\/ul>\n","protected":false},"excerpt":{"rendered":"<p>Wenn Sie bei der Einrichtung ihres Heims Wert auf Details legen und bei Produkten, die Ihnen das Leben leichter machen, auf dem letzten Stand sein m\u00f6chten, dann kaufen Sie R\u00f6hre EDM 33973 Ersatzteil 20 cm zum besten Preis. Art: Ventilator Ersatzteil Farbe: Schwarz Material: Metall Ma\u00dfe ca.: 20 cm Design: Verchromt<\/p>\n","protected":false},"featured_media":76530,"template":"","meta":[],"product_cat":[34],"product_tag":[],"class_list":{"0":"post-692","1":"product","2":"type-product","3":"status-publish","4":"has-post-thumbnail","6":"product_cat-tisch-standventilatoren","8":"first","9":"instock","10":"taxable","11":"shipping-taxable","12":"purchasable","13":"product-type-simple"},"_links":{"self":[{"href":"https:\/\/klima-theke.com\/index.php?rest_route=\/wp\/v2\/product\/692","targetHints":{"allow":["GET"]}}],"collection":[{"href":"https:\/\/klima-theke.com\/index.php?rest_route=\/wp\/v2\/product"}],"about":[{"href":"https:\/\/klima-theke.com\/index.php?rest_route=\/wp\/v2\/types\/product"}],"wp:featuredmedia":[{"embeddable":true,"href":"https:\/\/klima-theke.com\/index.php?rest_route=\/wp\/v2\/media\/76530"}],"wp:attachment":[{"href":"https:\/\/klima-theke.com\/index.php?rest_route=%2Fwp%2Fv2%2Fmedia&parent=692"}],"wp:term":[{"taxonomy":"product_cat","embeddable":true,"href":"https:\/\/klima-theke.com\/index.php?rest_route=%2Fwp%2Fv2%2Fproduct_cat&post=692"},{"taxonomy":"product_tag","embeddable":true,"href":"https:\/\/klima-theke.com\/index.php?rest_route=%2Fwp%2Fv2%2Fproduct_tag&post=692"}],"curies":[{"name":"wp","href":"https:\/\/api.w.org\/{rel}","templated":true}]}}