{"id":690,"date":"2023-07-19T10:43:27","date_gmt":"2023-07-19T08:43:27","guid":{"rendered":"https:\/\/klima-theke.com\/produkt\/lampenschirm-edm-33984-33985-ersatzteil-deckenventilator-o-16-cm\/"},"modified":"2023-10-19T13:21:19","modified_gmt":"2023-10-19T11:21:19","slug":"lampenschirm-edm-33984-33985-ersatzteil-deckenventilator-o-16-cm","status":"publish","type":"product","link":"https:\/\/klima-theke.com\/?product=lampenschirm-edm-33984-33985-ersatzteil-deckenventilator-o-16-cm","title":{"rendered":"Lampenschirm EDM  33984\/33985 Ersatzteil \u00d8 16 cm"},"content":{"rendered":"<p>Wenn Sie bei der Einrichtung ihres Heims Wert auf Details legen und bei Produkten, die Ihnen das Leben leichter machen, auf dem letzten Stand sein m\u00f6chten, dann kaufen Sie <b>Lampenschirm EDM  33984\/33985 Ersatzteil Deckenventilator \u00d8 16 cm<\/b> zum besten Preis.<\/p>\n<ul>\n<li>Art:\n<ul>\n<li>Ventilator<\/li>\n<li>Ersatzteil<\/li>\n<li>Deckenventilator<\/li>\n<\/ul>\n<\/li>\n<li>Farbe: Wei\u00df<\/li>\n<li>Material: Kristall<\/li>\n<li>Durchmesser: \u00d8 16 cm<\/li>\n<li>Stromquelle: AC-Strom<\/li>\n<li>Gewicht: 250 g<\/li>\n<\/ul>\n","protected":false},"excerpt":{"rendered":"<p>Wenn Sie bei der Einrichtung ihres Heims Wert auf Details legen und bei Produkten, die Ihnen das Leben leichter machen, auf dem letzten Stand sein m\u00f6chten, dann kaufen Sie Lampenschirm EDM 33984\/33985 Ersatzteil Deckenventilator \u00d8 16 cm zum besten Preis. Art: Ventilator Ersatzteil Deckenventilator Farbe: Wei\u00df Material: Kristall Durchmesser: \u00d8 16 cm Stromquelle: AC-Strom Gewicht: [&#8230;]\n","protected":false},"featured_media":116138,"template":"","meta":[],"product_cat":[34],"product_tag":[],"class_list":{"0":"post-690","1":"product","2":"type-product","3":"status-publish","4":"has-post-thumbnail","6":"product_cat-tisch-standventilatoren","8":"first","9":"instock","10":"taxable","11":"shipping-taxable","12":"purchasable","13":"product-type-simple"},"_links":{"self":[{"href":"https:\/\/klima-theke.com\/index.php?rest_route=\/wp\/v2\/product\/690","targetHints":{"allow":["GET"]}}],"collection":[{"href":"https:\/\/klima-theke.com\/index.php?rest_route=\/wp\/v2\/product"}],"about":[{"href":"https:\/\/klima-theke.com\/index.php?rest_route=\/wp\/v2\/types\/product"}],"wp:featuredmedia":[{"embeddable":true,"href":"https:\/\/klima-theke.com\/index.php?rest_route=\/wp\/v2\/media\/116138"}],"wp:attachment":[{"href":"https:\/\/klima-theke.com\/index.php?rest_route=%2Fwp%2Fv2%2Fmedia&parent=690"}],"wp:term":[{"taxonomy":"product_cat","embeddable":true,"href":"https:\/\/klima-theke.com\/index.php?rest_route=%2Fwp%2Fv2%2Fproduct_cat&post=690"},{"taxonomy":"product_tag","embeddable":true,"href":"https:\/\/klima-theke.com\/index.php?rest_route=%2Fwp%2Fv2%2Fproduct_tag&post=690"}],"curies":[{"name":"wp","href":"https:\/\/api.w.org\/{rel}","templated":true}]}}