{"id":688,"date":"2023-07-19T10:43:25","date_gmt":"2023-07-19T08:43:25","guid":{"rendered":"https:\/\/klima-theke.com\/produkt\/raster-edm-33963-ersatzteil\/"},"modified":"2023-10-09T10:55:03","modified_gmt":"2023-10-09T08:55:03","slug":"raster-edm-33963-ersatzteil","status":"publish","type":"product","link":"https:\/\/klima-theke.com\/?product=raster-edm-33963-ersatzteil","title":{"rendered":"Raster EDM 33963 Ersatzteil"},"content":{"rendered":"<p>Wenn Sie bei der Einrichtung ihres Heims Wert auf Details legen und bei Produkten, die Ihnen das Leben leichter machen, auf dem letzten Stand sein m\u00f6chten, dann kaufen Sie <b>Raster EDM 33963 Ersatzteil<\/b> zum besten Preis.<\/p>\n<ul>\n<li>Farbe: Wei\u00df<\/li>\n<li>Material: Aluminium<\/li>\n<li>Anzahl der St\u00fccke: 2 St\u00fccke<\/li>\n<li>Art: Ersatzteil<\/li>\n<li>Inklusive Batterien: Kein<\/li>\n<li>Gewicht: 0,47 Kg<\/li>\n<\/ul>\n","protected":false},"excerpt":{"rendered":"<p>Wenn Sie bei der Einrichtung ihres Heims Wert auf Details legen und bei Produkten, die Ihnen das Leben leichter machen, auf dem letzten Stand sein m\u00f6chten, dann kaufen Sie Raster EDM 33963 Ersatzteil zum besten Preis. Farbe: Wei\u00df Material: Aluminium Anzahl der St\u00fccke: 2 St\u00fccke Art: Ersatzteil Inklusive Batterien: Kein Gewicht: 0,47 Kg<\/p>\n","protected":false},"featured_media":102493,"template":"","meta":[],"product_cat":[34],"product_tag":[],"class_list":{"0":"post-688","1":"product","2":"type-product","3":"status-publish","4":"has-post-thumbnail","6":"product_cat-tisch-standventilatoren","8":"first","9":"instock","10":"taxable","11":"shipping-taxable","12":"purchasable","13":"product-type-simple"},"_links":{"self":[{"href":"https:\/\/klima-theke.com\/index.php?rest_route=\/wp\/v2\/product\/688","targetHints":{"allow":["GET"]}}],"collection":[{"href":"https:\/\/klima-theke.com\/index.php?rest_route=\/wp\/v2\/product"}],"about":[{"href":"https:\/\/klima-theke.com\/index.php?rest_route=\/wp\/v2\/types\/product"}],"wp:featuredmedia":[{"embeddable":true,"href":"https:\/\/klima-theke.com\/index.php?rest_route=\/wp\/v2\/media\/102493"}],"wp:attachment":[{"href":"https:\/\/klima-theke.com\/index.php?rest_route=%2Fwp%2Fv2%2Fmedia&parent=688"}],"wp:term":[{"taxonomy":"product_cat","embeddable":true,"href":"https:\/\/klima-theke.com\/index.php?rest_route=%2Fwp%2Fv2%2Fproduct_cat&post=688"},{"taxonomy":"product_tag","embeddable":true,"href":"https:\/\/klima-theke.com\/index.php?rest_route=%2Fwp%2Fv2%2Fproduct_tag&post=688"}],"curies":[{"name":"wp","href":"https:\/\/api.w.org\/{rel}","templated":true}]}}