{"id":680,"date":"2023-07-19T10:35:16","date_gmt":"2023-07-19T08:35:16","guid":{"rendered":"https:\/\/klima-theke.com\/produkt\/raster-fepre-moskitonetz-lackierung-aluminium-weiss-10-x-10-cm\/"},"modified":"2023-10-18T22:06:40","modified_gmt":"2023-10-18T20:06:40","slug":"raster-fepre-moskitonetz-lackierung-aluminium-weiss-10-x-10-cm","status":"publish","type":"product","link":"https:\/\/klima-theke.com\/?product=raster-fepre-moskitonetz-lackierung-aluminium-weiss-10-x-10-cm","title":{"rendered":"Raster Fepre Moskitonetz Lackierung Aluminium Wei\u00df (10 x 10 cm)"},"content":{"rendered":"<p>Wenn Sie bei der Einrichtung ihres Heims Wert auf Details legen und bei Produkten, die Ihnen das Leben leichter machen, auf dem letzten Stand sein m\u00f6chten, dann kaufen Sie <b>Raster Fepre Moskitonetz Lackierung Aluminium Wei\u00df (10 x 10 cm)<\/b> zum besten Preis.<\/p>\n<ul>\n<li>Art: Raster<\/li>\n<li>Farbe: Wei\u00df<\/li>\n<li>Material: Aluminium<\/li>\n<li>Ma\u00dfe ca.: 10 x 10 cm<\/li>\n<li>Enthalten: Moskitonetz<\/li>\n<li>Finish: Lackierung<\/li>\n<\/ul>\n","protected":false},"excerpt":{"rendered":"<p>Wenn Sie bei der Einrichtung ihres Heims Wert auf Details legen und bei Produkten, die Ihnen das Leben leichter machen, auf dem letzten Stand sein m\u00f6chten, dann kaufen Sie Raster Fepre Moskitonetz Lackierung Aluminium Wei\u00df (10 x 10 cm) zum besten Preis. Art: Raster Farbe: Wei\u00df Material: Aluminium Ma\u00dfe ca.: 10 x 10 cm Enthalten: [&#8230;]\n","protected":false},"featured_media":115721,"template":"","meta":[],"product_cat":[34],"product_tag":[],"class_list":{"0":"post-680","1":"product","2":"type-product","3":"status-publish","4":"has-post-thumbnail","6":"product_cat-tisch-standventilatoren","8":"first","9":"instock","10":"taxable","11":"shipping-taxable","12":"purchasable","13":"product-type-simple"},"_links":{"self":[{"href":"https:\/\/klima-theke.com\/index.php?rest_route=\/wp\/v2\/product\/680","targetHints":{"allow":["GET"]}}],"collection":[{"href":"https:\/\/klima-theke.com\/index.php?rest_route=\/wp\/v2\/product"}],"about":[{"href":"https:\/\/klima-theke.com\/index.php?rest_route=\/wp\/v2\/types\/product"}],"wp:featuredmedia":[{"embeddable":true,"href":"https:\/\/klima-theke.com\/index.php?rest_route=\/wp\/v2\/media\/115721"}],"wp:attachment":[{"href":"https:\/\/klima-theke.com\/index.php?rest_route=%2Fwp%2Fv2%2Fmedia&parent=680"}],"wp:term":[{"taxonomy":"product_cat","embeddable":true,"href":"https:\/\/klima-theke.com\/index.php?rest_route=%2Fwp%2Fv2%2Fproduct_cat&post=680"},{"taxonomy":"product_tag","embeddable":true,"href":"https:\/\/klima-theke.com\/index.php?rest_route=%2Fwp%2Fv2%2Fproduct_tag&post=680"}],"curies":[{"name":"wp","href":"https:\/\/api.w.org\/{rel}","templated":true}]}}