{"id":56719,"date":"2023-08-30T07:43:57","date_gmt":"2023-08-30T05:43:57","guid":{"rendered":"https:\/\/klima-theke.com\/produkt\/bestway-lay-z-spa-mauritius-airjet-whirlpool-oval\/"},"modified":"2023-10-13T14:28:09","modified_gmt":"2023-10-13T12:28:09","slug":"bestway-lay-z-spa-mauritius-airjet-whirlpool-oval","status":"publish","type":"product","link":"https:\/\/klima-theke.com\/?product=bestway-lay-z-spa-mauritius-airjet-whirlpool-oval","title":{"rendered":"Bestway Lay-Z-Spa Mauritius Airjet Whirlpool Oval"},"content":{"rendered":"<p>Tr\u00e4umen Sie davon, Ihren eigenen Whirlpool zu haben? Der Bestway Lay-Z-Spa Mauritius Airjet Whirlpool ist ein erschwinglicher Whirlpool, der \u00fcberall hin mitgenommen werden kann und in dem bis zu 7 Erwachsene bequem Platz finden. So k\u00f6nnen Sie auch im kalten Winter viel Spa\u00df mit Ihrer Familie und Ihren Freunden haben. Dank des rei\u00dffesten DuraPlus-Materials ist der Whirlpool au\u00dfergew\u00f6hnlich stabil, robust und langlebig. \u00dcber das integrierte digitale Bedienfeld haben Sie Zugriff auf alle Funktionen, die Sie bequem sitzend einstellen k\u00f6nnen. Au\u00dferdem kann das Wasser eine H\u00f6chsttemperatur von 40\u00b0C erreichen. Mit dem Airjet-Luftmassagesystem mit 180 D\u00fcsen k\u00f6nnen Sie eine sprudelnde und au\u00dferordentlich wohltuende Massage genie\u00dfen. Das innovative Freeze Shield System erm\u00f6glicht es, die Pumpe \u00fcber einen langen Zeitraum bei niedrigen Temperaturen und im Energiesparmodus laufen zu lassen. So wird verhindert, dass das Wasser in im Pool einfriert und die innere Struktur besch\u00e4digt wird. Der Massage-Whirlpool l\u00e4sst sich mit der mitgelieferten Pumpe schnell aufblasen und entleeren. Au\u00dferdem verteilt der Chemikalienspender st\u00e4ndig sauberes Wasser in dem Pool. Das Filtersystem mit Filterpatrone und die Pool-Abdeckung sch\u00fctzen den Whirlpool, wenn er nicht benutzt wird. Bei Nichtgebrauch l\u00e4sst er sich zur Aufbewahrung und zum Transport leicht zusammenfalten.<\/p>\n<ul>\n<li>Abmessungen: 270 x 180 x 71 cm (L x B x H)<\/li>\n<li>Innenma\u00dfe: 220 x 130 cm (L x B)<\/li>\n<li>Kapazit\u00e4t: 5 bis 7 Erwachsene<\/li>\n<li>Wasser Fassungsverm\u00f6gen (80%): 1370 L (362 gal.)<\/li>\n<li>Aktueller Wasserdurchfluss: 1.325 L\/h (350 gal\/h)<\/li>\n<li>Heizsystem: Ca. 1-1,5\u02daC\/h (2-3\u02daF\/h)<\/li>\n<li>max. W\u00e4rmeleistung: 40\u02daC (104\u02daF)<\/li>\n<li>Maximale Wassertiefe: 52 cm<\/li>\n<li>Beruhigendes AirJet\u2122 Sprudelmassage-System (180 D\u00fcsen)<\/li>\n<li>Ultra starke DuraPlus\u2122 Innenbalken und Au\u00dfenw\u00e4nde<\/li>\n<li>Programmieren Sie die Whirlpool-Heizung bis zu 40 Tage im Voraus f\u00fcr die zuk\u00fcnftige Nutzung<\/li>\n<li>Stromsparendes, timergesteuertes Heizsystem<\/li>\n<li>Verst\u00e4rkter Deckel mit Sicherheitsverschl\u00fcssen<\/li>\n<li>Zusammenbau erforderlich: Ja<\/li>\n<li>Bestway Artikelnummer: 60067<\/li>\n<li><strong>Lieferung enth\u00e4lt:<\/strong><\/li>\n<li>1 x Whirlpool<\/li>\n<li>1 x Poolabdeckung<\/li>\n<li>1 x Whirlpoolpumpe<\/li>\n<li>1 x ChemConnect Dosierer<\/li>\n<li>1 x Filterkartusche (VI)<\/li>\n<li>1 x Reparaturset<\/li>\n<\/ul>\n","protected":false},"excerpt":{"rendered":"<p>Tr\u00e4umen Sie davon, Ihren eigenen Whirlpool zu haben? Der Bestway Lay-Z-Spa Mauritius Airjet Whirlpool ist ein erschwinglicher Whirlpool, der \u00fcberall hin mitgenommen werden kann und in dem bis zu 7 Erwachsene bequem Platz finden. So k\u00f6nnen Sie auch im kalten Winter viel Spa\u00df mit Ihrer Familie und Ihren Freunden haben. Dank des rei\u00dffesten DuraPlus-Materials ist [&#8230;]\n","protected":false},"featured_media":109145,"template":"","meta":[],"product_cat":[109],"product_tag":[],"class_list":{"0":"post-56719","1":"product","2":"type-product","3":"status-publish","4":"has-post-thumbnail","6":"product_cat-pools-whirlpools","8":"first","9":"outofstock","10":"taxable","11":"shipping-taxable","12":"purchasable","13":"product-type-simple"},"_links":{"self":[{"href":"https:\/\/klima-theke.com\/index.php?rest_route=\/wp\/v2\/product\/56719","targetHints":{"allow":["GET"]}}],"collection":[{"href":"https:\/\/klima-theke.com\/index.php?rest_route=\/wp\/v2\/product"}],"about":[{"href":"https:\/\/klima-theke.com\/index.php?rest_route=\/wp\/v2\/types\/product"}],"wp:featuredmedia":[{"embeddable":true,"href":"https:\/\/klima-theke.com\/index.php?rest_route=\/wp\/v2\/media\/109145"}],"wp:attachment":[{"href":"https:\/\/klima-theke.com\/index.php?rest_route=%2Fwp%2Fv2%2Fmedia&parent=56719"}],"wp:term":[{"taxonomy":"product_cat","embeddable":true,"href":"https:\/\/klima-theke.com\/index.php?rest_route=%2Fwp%2Fv2%2Fproduct_cat&post=56719"},{"taxonomy":"product_tag","embeddable":true,"href":"https:\/\/klima-theke.com\/index.php?rest_route=%2Fwp%2Fv2%2Fproduct_tag&post=56719"}],"curies":[{"name":"wp","href":"https:\/\/api.w.org\/{rel}","templated":true}]}}