{"id":56708,"date":"2023-08-30T07:43:50","date_gmt":"2023-08-30T05:43:50","guid":{"rendered":"https:\/\/klima-theke.com\/produkt\/bestway-lay-z-spa-aufblasbarer-whirlpool-hollywood-airjet-196x66-cm\/"},"modified":"2023-10-26T09:37:56","modified_gmt":"2023-10-26T07:37:56","slug":"bestway-lay-z-spa-aufblasbarer-whirlpool-hollywood-airjet-196x66-cm","status":"publish","type":"product","link":"https:\/\/klima-theke.com\/?product=bestway-lay-z-spa-aufblasbarer-whirlpool-hollywood-airjet-196x66-cm","title":{"rendered":"Bestway Lay-Z-Spa Aufblasbarer Whirlpool Hollywood AirJet 196&#215;66 cm"},"content":{"rendered":"<p>Tauche ein in den warmen, sprudelnden Lay-Z-Spa Whirlpool Hollywood AirJet von Bestway, um dich nach einem langen und anstrengenden Tag zu entspannen! Der aufblasbare Whirlpool bietet Platz f\u00fcr bis zu 4 &#8211; 6 Personen. Komfortables Massagesystem: Das Heizsystem kann eine maximale Temperatur von 40\u00b0C erreichen, und mit dem Airjet-Luftmassagesystem mit 140 D\u00fcsen kannst du eine sprudelnde und au\u00dferordentlich entspannende Massage genie\u00dfen.Robustes Material: Durch das rei\u00dffeste DuraPlus-Material ist der Whirlpool besonders robust und langlebig.Automatische Heizfunktion: Das innovative Freeze Shield System erm\u00f6glicht es der Pumpe, \u00fcber lange Zeitr\u00e4ume bei niedriger Temperatur und im Energiesparmodus zu laufen. So wird verhindert, dass das Wasser im Whirlpool einfriert und die innere Struktur besch\u00e4digt wird.Stabiler Chlorgehalt: Dank des ChemConnect-Spenders und des integrierten Wasserfiltersystems hat das Becken immer sauberes Wasser.Bunte LEDs: Ferngesteuerte, mehrfarbige LED-Beleuchtung erstrahlt durch die halbtransparente Auskleidung, um das Wasser zu beleuchten.<\/p>\n<ul>\n<li>Farbe: Schwarz und Wei\u00df<\/li>\n<li>Abmessungen: 180 x 66 cm (Durchmesser x H)<\/li>\n<li>Kapazit\u00e4t: 4 bis 6 Erwachsene<\/li>\n<li>AirJet-System: 140 D\u00fcsen<\/li>\n<li>Wasser Fassungsverm\u00f6gen (80%): 908 L<\/li>\n<li>Gr\u00f6\u00dfe (aufgeblasen): 196 x 66 cm (77&#8243; x 26&#8243;)<\/li>\n<li>Innere Gr\u00f6\u00dfe: \u03c6 1,48 m (\u03c6 58&#8243;)<\/li>\n<li>Gewicht gef\u00fcllt: 937 kg<\/li>\n<li>Tats\u00e4chlicher Wasserdurchfluss: 1.325 l\/h (350 gal.\/h)<\/li>\n<li>Heizsystem: Ca. 1.5-2.0\u02daC\/h<\/li>\n<li>max. W\u00e4rmeleistung: 40\u02daC (104\u02daF)<\/li>\n<li>Nettogewicht: 29 kg<\/li>\n<li>Maximale Wassertiefe: 52 cm (20&#8243;)<\/li>\n<li>Montage erforderlich: Nein<\/li>\n<p><strong>Lieferung umfasst:<\/strong><\/p>\n<li>1 x Whirlpool<\/li>\n<li>1 x Poolabdeckung<\/li>\n<li>1 x ChemConnect-Chlorspender<\/li>\n<li>1 x Hochdruck-Handpumpe<\/li>\n<li>1 x Filterkartusche (VI)<\/li>\n<li>1 x LED-Lichtleiste<\/li>\n<li>4 x Kissen<\/li>\n<li>AirJet System<\/li>\n<li>1 x Reparaturflicken<\/li>\n<\/ul>\n","protected":false},"excerpt":{"rendered":"<p>Tauche ein in den warmen, sprudelnden Lay-Z-Spa Whirlpool Hollywood AirJet von Bestway, um dich nach einem langen und anstrengenden Tag zu entspannen! Der aufblasbare Whirlpool bietet Platz f\u00fcr bis zu 4 &#8211; 6 Personen. Komfortables Massagesystem: Das Heizsystem kann eine maximale Temperatur von 40\u00b0C erreichen, und mit dem Airjet-Luftmassagesystem mit 140 D\u00fcsen kannst du eine [&#8230;]\n","protected":false},"featured_media":121906,"template":"","meta":[],"product_cat":[109],"product_tag":[],"class_list":{"0":"post-56708","1":"product","2":"type-product","3":"status-publish","4":"has-post-thumbnail","6":"product_cat-pools-whirlpools","8":"first","9":"instock","10":"taxable","11":"shipping-taxable","12":"purchasable","13":"product-type-simple"},"_links":{"self":[{"href":"https:\/\/klima-theke.com\/index.php?rest_route=\/wp\/v2\/product\/56708","targetHints":{"allow":["GET"]}}],"collection":[{"href":"https:\/\/klima-theke.com\/index.php?rest_route=\/wp\/v2\/product"}],"about":[{"href":"https:\/\/klima-theke.com\/index.php?rest_route=\/wp\/v2\/types\/product"}],"wp:featuredmedia":[{"embeddable":true,"href":"https:\/\/klima-theke.com\/index.php?rest_route=\/wp\/v2\/media\/121906"}],"wp:attachment":[{"href":"https:\/\/klima-theke.com\/index.php?rest_route=%2Fwp%2Fv2%2Fmedia&parent=56708"}],"wp:term":[{"taxonomy":"product_cat","embeddable":true,"href":"https:\/\/klima-theke.com\/index.php?rest_route=%2Fwp%2Fv2%2Fproduct_cat&post=56708"},{"taxonomy":"product_tag","embeddable":true,"href":"https:\/\/klima-theke.com\/index.php?rest_route=%2Fwp%2Fv2%2Fproduct_tag&post=56708"}],"curies":[{"name":"wp","href":"https:\/\/api.w.org\/{rel}","templated":true}]}}