{"id":56675,"date":"2023-08-30T07:43:27","date_gmt":"2023-08-30T05:43:27","guid":{"rendered":"https:\/\/klima-theke.com\/produkt\/ubbink-wasserfall-mamba-145x465x50-cm-stahl\/"},"modified":"2023-10-13T14:49:02","modified_gmt":"2023-10-13T12:49:02","slug":"ubbink-wasserfall-mamba-145x465x50-cm-stahl","status":"publish","type":"product","link":"https:\/\/klima-theke.com\/?product=ubbink-wasserfall-mamba-145x465x50-cm-stahl","title":{"rendered":"Ubbink Wasserfall Mamba 14,5&#215;46,5&#215;50 cm Stahl"},"content":{"rendered":"<p>Die Mamba Schwalldusche von Ubbink sorgt f\u00fcr kraftvolle Massagen und weist ein zeitloses Design auf! Sie besteht vollst\u00e4ndig aus chlorbest\u00e4ndigem Edelstahl (316L). Dieses Wasserspiel ist nicht nur ein beeindruckendes Accessoire f\u00fcr Ihren Pool, sondern bietet auch eine kraftvolle Massagedusche, die Ihren K\u00f6rper revitalisiert und erfrischt. Jeder Ubbink Wasserfall ist ein Poolzubeh\u00f6r, das f\u00fcr Wohlbefinden im und um den Pool sorgt. Dar\u00fcber hinaus garantiert die robuste Konstruktion einen gleichm\u00e4\u00dfigen und starken Schwall, der durch den R\u00fccklauf des Filtersystems des Pools erzeugt wird.<\/p>\n<ul>\n<li>Farbe: Silber<\/li>\n<li>Material: Chlorbest\u00e4ndiger Edelstahl (316L)<\/li>\n<li>Abmessungen: 14,5 x 46,5 x 50 cm (B x T x H)<\/li>\n<li>Wasserspiel mit schlankem Design<\/li>\n<li>Kraftvolle Massagedusche <\/li>\n<li>Stabile Konstruktion<\/li>\n<li>Empfohlene Leistung der Pumpe: Poolmax TP 75\/120<\/li>\n<\/ul>\n","protected":false},"excerpt":{"rendered":"<p>Die Mamba Schwalldusche von Ubbink sorgt f\u00fcr kraftvolle Massagen und weist ein zeitloses Design auf! Sie besteht vollst\u00e4ndig aus chlorbest\u00e4ndigem Edelstahl (316L). Dieses Wasserspiel ist nicht nur ein beeindruckendes Accessoire f\u00fcr Ihren Pool, sondern bietet auch eine kraftvolle Massagedusche, die Ihren K\u00f6rper revitalisiert und erfrischt. Jeder Ubbink Wasserfall ist ein Poolzubeh\u00f6r, das f\u00fcr Wohlbefinden im [&#8230;]\n","protected":false},"featured_media":109278,"template":"","meta":[],"product_cat":[113],"product_tag":[],"class_list":{"0":"post-56675","1":"product","2":"type-product","3":"status-publish","4":"has-post-thumbnail","6":"product_cat-pool-whirlpool-zubehoer","8":"first","9":"instock","10":"taxable","11":"shipping-taxable","12":"purchasable","13":"product-type-simple"},"_links":{"self":[{"href":"https:\/\/klima-theke.com\/index.php?rest_route=\/wp\/v2\/product\/56675","targetHints":{"allow":["GET"]}}],"collection":[{"href":"https:\/\/klima-theke.com\/index.php?rest_route=\/wp\/v2\/product"}],"about":[{"href":"https:\/\/klima-theke.com\/index.php?rest_route=\/wp\/v2\/types\/product"}],"wp:featuredmedia":[{"embeddable":true,"href":"https:\/\/klima-theke.com\/index.php?rest_route=\/wp\/v2\/media\/109278"}],"wp:attachment":[{"href":"https:\/\/klima-theke.com\/index.php?rest_route=%2Fwp%2Fv2%2Fmedia&parent=56675"}],"wp:term":[{"taxonomy":"product_cat","embeddable":true,"href":"https:\/\/klima-theke.com\/index.php?rest_route=%2Fwp%2Fv2%2Fproduct_cat&post=56675"},{"taxonomy":"product_tag","embeddable":true,"href":"https:\/\/klima-theke.com\/index.php?rest_route=%2Fwp%2Fv2%2Fproduct_tag&post=56675"}],"curies":[{"name":"wp","href":"https:\/\/api.w.org\/{rel}","templated":true}]}}