{"id":56660,"date":"2023-08-30T07:43:16","date_gmt":"2023-08-30T05:43:16","guid":{"rendered":"https:\/\/klima-theke.com\/produkt\/poolzelt-stoff-500x433x250-cm-blau\/"},"modified":"2023-10-17T12:42:30","modified_gmt":"2023-10-17T10:42:30","slug":"poolzelt-stoff-500x433x250-cm-blau","status":"publish","type":"product","link":"https:\/\/klima-theke.com\/?product=poolzelt-stoff-500x433x250-cm-blau","title":{"rendered":"Poolzelt Stoff 500x433x250 cm Blau"},"content":{"rendered":"<p>Diese Pool-Abdeckung ist das ideale Zubeh\u00f6r zum Schattenspenden f\u00fcr Ihr Schwimmbecken. Sie l\u00e4sst sich sowohl als Sonnenschutz \u00fcber dem Pool als auch als \u00dcberdachung f\u00fcr Ihre Sitzgruppe verwenden. Das Partyzelt besteht aus Polyestergewebe mit PA-Beschichtung und ist daher sowohl UV- als auch wasserbest\u00e4ndig. Durch seinen starken Stahlrahmen ist das Zelt robust und langlebig. Dar\u00fcber hinaus ist der Sonnenschutz dank der Mesh-Seitenw\u00e4nde auch gut bel\u00fcftet. Diese Pool-\u00dcberdachung ist f\u00fcr runde Pools mit einem maximalen Durchmesser von 300 cm geeignet. Das Produkt muss montiert werden. Hinweis: Dieser Artikel sollte NIEMALS bei rauen Wetterbedingungen, wie starkem Wind, Regenschauer, starkem Schneefall, Sturm, Hagel, usw., genutzt werden.<\/p>\n<ul>\n<li>Farbe: Blau<\/li>\n<li>Material: Stoff mit PA-Beschichtung<\/li>\n<li>Gesamtabmessungen: 500 x 433 x 250 cm (L x B x H)<\/li>\n<li>Stoffgewicht: 180 g\/m\u00b2<\/li>\n<li>Mit Mesh-Seitenw\u00e4nden<\/li>\n<li>UV- und wasserbest\u00e4ndig<\/li>\n<li>Geeignet f\u00fcr runde Pools mit einem maximalen Durchmesser von 300 cm<\/li>\n<li>6 Seile und 12 Heringe inbegriffen<\/li>\n<\/ul>\n","protected":false},"excerpt":{"rendered":"<p>Diese Pool-Abdeckung ist das ideale Zubeh\u00f6r zum Schattenspenden f\u00fcr Ihr Schwimmbecken. Sie l\u00e4sst sich sowohl als Sonnenschutz \u00fcber dem Pool als auch als \u00dcberdachung f\u00fcr Ihre Sitzgruppe verwenden. Das Partyzelt besteht aus Polyestergewebe mit PA-Beschichtung und ist daher sowohl UV- als auch wasserbest\u00e4ndig. Durch seinen starken Stahlrahmen ist das Zelt robust und langlebig. Dar\u00fcber hinaus [&#8230;]\n","protected":false},"featured_media":113450,"template":"","meta":[],"product_cat":[113],"product_tag":[],"class_list":{"0":"post-56660","1":"product","2":"type-product","3":"status-publish","4":"has-post-thumbnail","6":"product_cat-pool-whirlpool-zubehoer","8":"first","9":"instock","10":"taxable","11":"shipping-taxable","12":"purchasable","13":"product-type-simple"},"_links":{"self":[{"href":"https:\/\/klima-theke.com\/index.php?rest_route=\/wp\/v2\/product\/56660","targetHints":{"allow":["GET"]}}],"collection":[{"href":"https:\/\/klima-theke.com\/index.php?rest_route=\/wp\/v2\/product"}],"about":[{"href":"https:\/\/klima-theke.com\/index.php?rest_route=\/wp\/v2\/types\/product"}],"wp:featuredmedia":[{"embeddable":true,"href":"https:\/\/klima-theke.com\/index.php?rest_route=\/wp\/v2\/media\/113450"}],"wp:attachment":[{"href":"https:\/\/klima-theke.com\/index.php?rest_route=%2Fwp%2Fv2%2Fmedia&parent=56660"}],"wp:term":[{"taxonomy":"product_cat","embeddable":true,"href":"https:\/\/klima-theke.com\/index.php?rest_route=%2Fwp%2Fv2%2Fproduct_cat&post=56660"},{"taxonomy":"product_tag","embeddable":true,"href":"https:\/\/klima-theke.com\/index.php?rest_route=%2Fwp%2Fv2%2Fproduct_tag&post=56660"}],"curies":[{"name":"wp","href":"https:\/\/api.w.org\/{rel}","templated":true}]}}