{"id":56637,"date":"2023-08-30T07:43:00","date_gmt":"2023-08-30T05:43:00","guid":{"rendered":"https:\/\/klima-theke.com\/produkt\/garten-solardusche-mit-duschkopf-und-wasserhahn-40-l\/"},"modified":"2023-10-17T09:37:36","modified_gmt":"2023-10-17T07:37:36","slug":"garten-solardusche-mit-duschkopf-und-wasserhahn-40-l","status":"publish","type":"product","link":"https:\/\/klima-theke.com\/?product=garten-solardusche-mit-duschkopf-und-wasserhahn-40-l","title":{"rendered":"Garten-Solardusche mit Duschkopf und Wasserhahn 40 L"},"content":{"rendered":"<p>Mit dieser Solardusche k\u00f6nnen Sie vor oder nach dem Schwimmen eine erfrischende Dusche in Ihrem Garten oder am Pool genie\u00dfen. Diese Gartendusche l\u00e4sst sich einfach an Ihren Gartenschlauch zur Kaltwasserversorgung anschlie\u00dfen. Die absorbierte Sonnenenergie erw\u00e4rmt das Wasser im Beh\u00e4lter, um f\u00fcr ein perfektes Duscherlebnis zu sorgen! Die Wassertemperatur kann bis auf 60\u00b0 C erw\u00e4rmt werden und die Dusche ist mit einem Wasserbeh\u00e4lter von 40 L versehen. Ein Wasserhahn ist im Lieferumfang mit dabei, um Ihren Wasserbedarf zu decken. Mit den 4 mitgelieferten Schrauben k\u00f6nnen Sie die Solardusche fest und stabil an jeder ebenen und festen Oberfl\u00e4che montieren. Mit ihrem schicken und schlichten Design passt diese Gartendusche perfekt zu Ihrem Garten oder Pool.<\/p>\n<ul>\n<li>Farbe: Schwarz <\/li>\n<li>Material: PVC, Aluminium, Messing<\/li>\n<li>Gesamtgr\u00f6\u00dfe: 16 x 220 cm (Durchmesser x H)<\/li>\n<li>Durchmesser Duschkopf: 15 cm<\/li>\n<li>Fassungsverm\u00f6gen Wassertank: 40 L<\/li>\n<li>Befestigungsschrauben enthalten<\/li>\n<li>Inklusive Kopf- und Fu\u00dfdusche<\/li>\n<li>UV-best\u00e4ndig<\/li>\n<li>Zusammenbau erforderlich: Ja<\/li>\n<\/ul>\n","protected":false},"excerpt":{"rendered":"<p>Mit dieser Solardusche k\u00f6nnen Sie vor oder nach dem Schwimmen eine erfrischende Dusche in Ihrem Garten oder am Pool genie\u00dfen. Diese Gartendusche l\u00e4sst sich einfach an Ihren Gartenschlauch zur Kaltwasserversorgung anschlie\u00dfen. Die absorbierte Sonnenenergie erw\u00e4rmt das Wasser im Beh\u00e4lter, um f\u00fcr ein perfektes Duscherlebnis zu sorgen! Die Wassertemperatur kann bis auf 60\u00b0 C erw\u00e4rmt werden [&#8230;]\n","protected":false},"featured_media":113053,"template":"","meta":[],"product_cat":[113],"product_tag":[],"class_list":{"0":"post-56637","1":"product","2":"type-product","3":"status-publish","4":"has-post-thumbnail","6":"product_cat-pool-whirlpool-zubehoer","8":"first","9":"instock","10":"taxable","11":"shipping-taxable","12":"purchasable","13":"product-type-simple"},"_links":{"self":[{"href":"https:\/\/klima-theke.com\/index.php?rest_route=\/wp\/v2\/product\/56637","targetHints":{"allow":["GET"]}}],"collection":[{"href":"https:\/\/klima-theke.com\/index.php?rest_route=\/wp\/v2\/product"}],"about":[{"href":"https:\/\/klima-theke.com\/index.php?rest_route=\/wp\/v2\/types\/product"}],"wp:featuredmedia":[{"embeddable":true,"href":"https:\/\/klima-theke.com\/index.php?rest_route=\/wp\/v2\/media\/113053"}],"wp:attachment":[{"href":"https:\/\/klima-theke.com\/index.php?rest_route=%2Fwp%2Fv2%2Fmedia&parent=56637"}],"wp:term":[{"taxonomy":"product_cat","embeddable":true,"href":"https:\/\/klima-theke.com\/index.php?rest_route=%2Fwp%2Fv2%2Fproduct_cat&post=56637"},{"taxonomy":"product_tag","embeddable":true,"href":"https:\/\/klima-theke.com\/index.php?rest_route=%2Fwp%2Fv2%2Fproduct_tag&post=56637"}],"curies":[{"name":"wp","href":"https:\/\/api.w.org\/{rel}","templated":true}]}}