{"id":56625,"date":"2023-08-30T07:42:51","date_gmt":"2023-08-30T05:42:51","guid":{"rendered":"https:\/\/klima-theke.com\/produkt\/bestway-poolreinigungsset-deluxe-58237\/"},"modified":"2023-10-29T10:34:13","modified_gmt":"2023-10-29T08:34:13","slug":"bestway-poolreinigungsset-deluxe-58237","status":"publish","type":"product","link":"https:\/\/klima-theke.com\/?product=bestway-poolreinigungsset-deluxe-58237","title":{"rendered":"Bestway Poolreinigungsset Deluxe 58237"},"content":{"rendered":"<p>Dieses multifunktionale Bestway Flowclear Poolreinigungsset Deluxe 58237 h\u00e4lt Ihren Pool garantiert sauber. Dieses Pool-Reinigungsset besteht aus langlebigen und korrosionsbest\u00e4ndigen Materialien. Das Poolreinigungsset beinhaltet einen Oberfl\u00e4chenskimmer, einen Vakuum-Sauger und einen Kescheraufsatz mit robuster Netzbespannung. Der Vakuum-Sauger mit einem abnehmbaren, wiederverwendbaren Schmutzfang-Beh\u00e4lter zum Anschluss an das Filterpumpensystem und der Oberfl\u00e4chenskimmer verhindern Algenwachstum und die Ansammlung von Schmutz im Pool. Der auswechselbare Abfallbeh\u00e4lter, in welchem sich der Schmutz ansammelt, kann einfach entleert und erneut benutzt werden. Dieses Reinigungsset ist f\u00fcr Filterpumpen mit einer Durchflussrate von mindestens 3028 l\/h geeignet und ist f\u00fcr die Verwendung mit allen oberirdischen Pools, ausgenommen Pools mit Stahlw\u00e4nden, bestimmt.<\/p>\n<ul>\n<li>Haltbarer und korrosionsbest\u00e4ndiger Kunststoff<\/li>\n<li>Inklusive 2,79 m lange, verl\u00e4ngerbare Aluminiumstange f\u00fcr Pools mit gro\u00dfem Durchmesser<\/li>\n<li>Herausnehmbarer und wiederverwendbarer Schmutz- und Blattsammelbeh\u00e4lter<\/li>\n<li>6 Adaptoren zur Verwendung mit verschiedenen Pools und Filterpumpensystemen<\/li>\n<li>Extra langer 7,5 m Vakuumschlauch (3,2 cm Durchmesser)<\/li>\n<li>Zum Skimmen und Absaugen an die Filterpumpe anschlie\u00dfen<\/li>\n<li>Geeignet f\u00fcr Filterpumpen mit einer Durchflussrate von mindestens 3028 l\/h<\/li>\n<li>Zur Verwendung mit allen oberirdischen Pools au\u00dfer Stahlwandbecken geegnet<\/li>\n<li><strong>Multifunktional<\/strong><\/li>\n<li>Oberfl\u00e4chenskimmer f\u00fcr Pools: Funktioniert mit der Filterpumpe, um schwimmende Bl\u00e4tter und andere R\u00fcckst\u00e4nde zu entfernen<\/li>\n<li>Vakuum-Sauger: Funktioniert mit der Filterpumpe zur Reinigung der Poolw\u00e4nde und des Bodens<\/li>\n<li>Kescher-Netz: Manuelles Entfernen von Treibgut<\/li>\n<li><strong>Lieferung beinhaltet:<\/strong><\/li>\n<li>1 x Oberfl\u00e4chenskimmer<\/li>\n<li>1 x Einstellbare Aluminiumstange<\/li>\n<li>1 x Staubsauger<\/li>\n<li>1 x Keschernetz<\/li>\n<li>6 x Adapter<\/li>\n<li>Bestway Artikelnummer: 58237<\/li>\n<\/ul>\n","protected":false},"excerpt":{"rendered":"<p>Dieses multifunktionale Bestway Flowclear Poolreinigungsset Deluxe 58237 h\u00e4lt Ihren Pool garantiert sauber. Dieses Pool-Reinigungsset besteht aus langlebigen und korrosionsbest\u00e4ndigen Materialien. Das Poolreinigungsset beinhaltet einen Oberfl\u00e4chenskimmer, einen Vakuum-Sauger und einen Kescheraufsatz mit robuster Netzbespannung. Der Vakuum-Sauger mit einem abnehmbaren, wiederverwendbaren Schmutzfang-Beh\u00e4lter zum Anschluss an das Filterpumpensystem und der Oberfl\u00e4chenskimmer verhindern Algenwachstum und die Ansammlung von Schmutz [&#8230;]\n","protected":false},"featured_media":124266,"template":"","meta":[],"product_cat":[113],"product_tag":[],"class_list":{"0":"post-56625","1":"product","2":"type-product","3":"status-publish","4":"has-post-thumbnail","6":"product_cat-pool-whirlpool-zubehoer","8":"first","9":"instock","10":"taxable","11":"shipping-taxable","12":"purchasable","13":"product-type-simple"},"_links":{"self":[{"href":"https:\/\/klima-theke.com\/index.php?rest_route=\/wp\/v2\/product\/56625","targetHints":{"allow":["GET"]}}],"collection":[{"href":"https:\/\/klima-theke.com\/index.php?rest_route=\/wp\/v2\/product"}],"about":[{"href":"https:\/\/klima-theke.com\/index.php?rest_route=\/wp\/v2\/types\/product"}],"wp:featuredmedia":[{"embeddable":true,"href":"https:\/\/klima-theke.com\/index.php?rest_route=\/wp\/v2\/media\/124266"}],"wp:attachment":[{"href":"https:\/\/klima-theke.com\/index.php?rest_route=%2Fwp%2Fv2%2Fmedia&parent=56625"}],"wp:term":[{"taxonomy":"product_cat","embeddable":true,"href":"https:\/\/klima-theke.com\/index.php?rest_route=%2Fwp%2Fv2%2Fproduct_cat&post=56625"},{"taxonomy":"product_tag","embeddable":true,"href":"https:\/\/klima-theke.com\/index.php?rest_route=%2Fwp%2Fv2%2Fproduct_tag&post=56625"}],"curies":[{"name":"wp","href":"https:\/\/api.w.org\/{rel}","templated":true}]}}