{"id":56605,"date":"2023-08-30T07:42:37","date_gmt":"2023-08-30T05:42:37","guid":{"rendered":"https:\/\/klima-theke.com\/produkt\/lay-z-spa-aufblasbare-umrandung-fuer-bestway-whirlpools-58432\/"},"modified":"2023-10-13T14:14:26","modified_gmt":"2023-10-13T12:14:26","slug":"lay-z-spa-aufblasbare-umrandung-fuer-bestway-whirlpools-58432","status":"publish","type":"product","link":"https:\/\/klima-theke.com\/?product=lay-z-spa-aufblasbare-umrandung-fuer-bestway-whirlpools-58432","title":{"rendered":"Lay-Z-Spa Aufblasbare Umrandung f\u00fcr Bestway Whirlpools 58432"},"content":{"rendered":"<p>Diese Lay-Z-Spa Umrandung kann zu einem Kreis rund um Ihren Lay-Z-Spa Whirlpool zusammengesetzt werden. Die Umrand ist aus TriTech-Material gefertigt, die Konstruktion aus vertikalen Luftkammern verleiht ihr h\u00f6chste Stabilit\u00e4t. Jede Umrandung entspricht 1\/3 Kreis. Drei Umrandungen formen also einen kompletten Rand um Ihren Lay-Z-Spa Whirlpool, auf dem Sie auch Platz nehmen oder sich zum Sonnen ausstrecken k\u00f6nnen. Zum Aufblasen der Umrandung k\u00f6nnen Sie ganz einfach die Spa-Pumpe oder eine Luftpumpe nutzen. Klettverschl\u00fcsse an den Innenseiten der Umrandung sorgen daf\u00fcr, dass mehrere Umrandungen fest miteinander verbunden werden k\u00f6nnen. Lieferung beinhaltet 1 Umrandung und einen Reparaturflicken. Bitte beachten Sie, dass die aufblasbare Umrandung f\u00fcr Bestway Whirlpools ausgelegt ist, sich jedoch nicht f\u00fcr die Modelle Hawaii Airjet und Hydrojet Pro sowie Siena eignet.<\/p>\n<ul>\n<li>Farbe: Grau<\/li>\n<li>Material: PVC<\/li>\n<li>Ma\u00dfe: 198 x 40 x 40 cm (L x B x H)<\/li>\n<li>Aufblasbare Whirlpool-Umrandung<\/li>\n<li>Stabile Konstruktion aus vertikalen Luftkammern<\/li>\n<li>Aufblasbar mithilfe der Spa-Pumpe oder Luftpumpe<\/li>\n<li>3 Umrandungen formen einen Kreis rund um Ihren Whirlpool, auf dem Sie sitzen oder liegen k\u00f6nnen<\/li>\n<li>Enth\u00e4lt: 1 Umrandung und 1 Reparaturflicken<\/li>\n<\/ul>\n","protected":false},"excerpt":{"rendered":"<p>Diese Lay-Z-Spa Umrandung kann zu einem Kreis rund um Ihren Lay-Z-Spa Whirlpool zusammengesetzt werden. Die Umrand ist aus TriTech-Material gefertigt, die Konstruktion aus vertikalen Luftkammern verleiht ihr h\u00f6chste Stabilit\u00e4t. Jede Umrandung entspricht 1\/3 Kreis. Drei Umrandungen formen also einen kompletten Rand um Ihren Lay-Z-Spa Whirlpool, auf dem Sie auch Platz nehmen oder sich zum Sonnen [&#8230;]\n","protected":false},"featured_media":109126,"template":"","meta":[],"product_cat":[113],"product_tag":[],"class_list":{"0":"post-56605","1":"product","2":"type-product","3":"status-publish","4":"has-post-thumbnail","6":"product_cat-pool-whirlpool-zubehoer","8":"first","9":"instock","10":"taxable","11":"shipping-taxable","12":"purchasable","13":"product-type-simple"},"_links":{"self":[{"href":"https:\/\/klima-theke.com\/index.php?rest_route=\/wp\/v2\/product\/56605","targetHints":{"allow":["GET"]}}],"collection":[{"href":"https:\/\/klima-theke.com\/index.php?rest_route=\/wp\/v2\/product"}],"about":[{"href":"https:\/\/klima-theke.com\/index.php?rest_route=\/wp\/v2\/types\/product"}],"wp:featuredmedia":[{"embeddable":true,"href":"https:\/\/klima-theke.com\/index.php?rest_route=\/wp\/v2\/media\/109126"}],"wp:attachment":[{"href":"https:\/\/klima-theke.com\/index.php?rest_route=%2Fwp%2Fv2%2Fmedia&parent=56605"}],"wp:term":[{"taxonomy":"product_cat","embeddable":true,"href":"https:\/\/klima-theke.com\/index.php?rest_route=%2Fwp%2Fv2%2Fproduct_cat&post=56605"},{"taxonomy":"product_tag","embeddable":true,"href":"https:\/\/klima-theke.com\/index.php?rest_route=%2Fwp%2Fv2%2Fproduct_tag&post=56605"}],"curies":[{"name":"wp","href":"https:\/\/api.w.org\/{rel}","templated":true}]}}