{"id":56588,"date":"2023-08-30T07:42:24","date_gmt":"2023-08-30T05:42:24","guid":{"rendered":"https:\/\/klima-theke.com\/produkt\/bestway-flowclear-soothing-led-wasserfall\/"},"modified":"2023-10-26T08:43:17","modified_gmt":"2023-10-26T06:43:17","slug":"bestway-flowclear-soothing-led-wasserfall","status":"publish","type":"product","link":"https:\/\/klima-theke.com\/?product=bestway-flowclear-soothing-led-wasserfall","title":{"rendered":"Bestway Flowclear Soothing LED-Wasserfall"},"content":{"rendered":"<p>F\u00fcgen Sie den Soothing LED-Wasserfall von Bestway hinzu, diesen fantastischen, mehrfarbigen Wasserfall, der eine Welle der Ruhe und Entspannung in Ihren Pool bringt! Dieser Wasserfall ist mit allen Filtersystemen mit Durchflussraten von 2006 bis 11355 L\/h (530-3000 gal.\/h) kompatibel. Mit einer unglaublichen Auswahl an hellen Lichtern k\u00f6nnen Sie einen Regenbogen von Farben genie\u00dfen und zwischen 8 Modi w\u00e4hlen, darunter 7 feste Farben und 1 wechselnde. Die beruhigende und sanfte Wasserkaskade verbessert Ihr Schwimmerlebnis und erzeugt einen \u00e4sthetischen Effekt und eine gewisse Wasserzirkulation. Einmal am Rand des Pools positioniert, gibt es nichts weiter zu tun, als sich zu entspannen und die magische Atmosph\u00e4re des Wasserfalls mit seinen leuchtenden Farben zu genie\u00dfen! Hinweis: Das Licht schaltet sich nach 2 Stunden automatisch aus und wird mit 3 AA-Batterien betrieben. Die Batterien sind nicht im Lieferumfang enthalten.<\/p>\n<ul>\n<li>Farbe: Wei\u00df und Blau<\/li>\n<li>Material: ABS, PP, PVC, Gummi<\/li>\n<li>Abmessungen: 34 x 24 x 32 cm (L x B x H)<\/li>\n<li>Der beruhigende Wasserfall sorgt f\u00fcr einen kontinuierlichen Fluss<\/li>\n<li>Abnehmbare LED-Leuchte<\/li>\n<li>Mit 8 Modi (7 feste Farben und 1 wechselnde)<\/li>\n<li>Das Licht schaltet sich nach 2 Stunden automatisch aus<\/li>\n<li>Die Leuchte wird mit 3 AA-Batterien betrieben (Batterien nicht im Lieferumfang enthalten).<\/li>\n<li>IP67 wasserdicht: zweith\u00f6chste Bewertung<\/li>\n<li>Schneller und einfacher Einbau<\/li>\n<li>Kompatibel mit allen Filtersystemen mit Durchflussraten von 2006 &#8211; 11355 L\/h (530-3000 gal.\/h)<\/li>\n<li>Kompatibel mit allen Aufstellpools<\/li>\n<li>Enth\u00e4lt einen Adapter zum Anschluss an 32-mm- und 38-mm-Schl\u00e4uche<\/li>\n<li>Bestway Artikelnummer: 58619<\/li>\n<\/ul>\n","protected":false},"excerpt":{"rendered":"<p>F\u00fcgen Sie den Soothing LED-Wasserfall von Bestway hinzu, diesen fantastischen, mehrfarbigen Wasserfall, der eine Welle der Ruhe und Entspannung in Ihren Pool bringt! Dieser Wasserfall ist mit allen Filtersystemen mit Durchflussraten von 2006 bis 11355 L\/h (530-3000 gal.\/h) kompatibel. Mit einer unglaublichen Auswahl an hellen Lichtern k\u00f6nnen Sie einen Regenbogen von Farben genie\u00dfen und zwischen [&#8230;]\n","protected":false},"featured_media":121534,"template":"","meta":[],"product_cat":[113],"product_tag":[],"class_list":{"0":"post-56588","1":"product","2":"type-product","3":"status-publish","4":"has-post-thumbnail","6":"product_cat-pool-whirlpool-zubehoer","8":"first","9":"instock","10":"taxable","11":"shipping-taxable","12":"purchasable","13":"product-type-simple"},"_links":{"self":[{"href":"https:\/\/klima-theke.com\/index.php?rest_route=\/wp\/v2\/product\/56588","targetHints":{"allow":["GET"]}}],"collection":[{"href":"https:\/\/klima-theke.com\/index.php?rest_route=\/wp\/v2\/product"}],"about":[{"href":"https:\/\/klima-theke.com\/index.php?rest_route=\/wp\/v2\/types\/product"}],"wp:featuredmedia":[{"embeddable":true,"href":"https:\/\/klima-theke.com\/index.php?rest_route=\/wp\/v2\/media\/121534"}],"wp:attachment":[{"href":"https:\/\/klima-theke.com\/index.php?rest_route=%2Fwp%2Fv2%2Fmedia&parent=56588"}],"wp:term":[{"taxonomy":"product_cat","embeddable":true,"href":"https:\/\/klima-theke.com\/index.php?rest_route=%2Fwp%2Fv2%2Fproduct_cat&post=56588"},{"taxonomy":"product_tag","embeddable":true,"href":"https:\/\/klima-theke.com\/index.php?rest_route=%2Fwp%2Fv2%2Fproduct_tag&post=56588"}],"curies":[{"name":"wp","href":"https:\/\/api.w.org\/{rel}","templated":true}]}}