{"id":56554,"date":"2023-08-30T07:42:00","date_gmt":"2023-08-30T05:42:00","guid":{"rendered":"https:\/\/klima-theke.com\/produkt\/bestway-lay-z-spa-komplettes-pool-reinigungsset\/"},"modified":"2023-10-26T08:43:16","modified_gmt":"2023-10-26T06:43:16","slug":"bestway-lay-z-spa-komplettes-pool-reinigungsset","status":"publish","type":"product","link":"https:\/\/klima-theke.com\/?product=bestway-lay-z-spa-komplettes-pool-reinigungsset","title":{"rendered":"Bestway Lay-Z-Spa Komplettes Pool-Reinigungsset"},"content":{"rendered":"<p>Der Lay-Z-Spa Werkzeugsatz von Bestway ist das perfekte Reinigungszubeh\u00f6r, um Ihren Whirlpool strahlend sauber zu halten! Die Schaufel hat einen Sto\u00dfd\u00e4mpfer, der die Oberfl\u00e4che des Pools sch\u00fctzt, und ein rundes Design, das sich an den Konturen des Innenraums des Whirlpools anpasst. Das tiefe Netz hilft beim Sammeln von Schmutz und kann von Hand gehalten oder f\u00fcr eine gr\u00f6\u00dfere Reichweite an eine Standard-Teleskopstange angeschlossen werden. Die B\u00fcrste hat auch einen Sto\u00dfd\u00e4mpfer und Nylonborsten, um die sichere Reinigung der Whirlpool-Oberfl\u00e4che zu gew\u00e4hrleisten. Sie kann auch von Hand gehalten oder an einer Standard-Teleskopstange befestigt werden. Au\u00dferdem ist der Handschuh aus Latex gefertigt und mit einem Scheuerpad versehen, um entlang der Wasserlinie des Whirlpools schrubben zu k\u00f6nnen und gleichzeitige aggressive Chemikalien von Ihrer Haut fernzuhalten.<\/p>\n<ul>\n<li><strong>Schaufel:<\/strong><\/li>\n<li>Puffer am Rand zum Schutz der Spa-Oberfl\u00e4che<\/li>\n<li>Runde Form passt sich ideal den Konturen des Whirlpool-Inneren an<\/li>\n<li>Tiefes Netz sammelt jeglichen Schmutz ein<\/li>\n<li>Kann von Hand gehalten oder an die Standard-Teleskopstange (nicht enthalten) angeschlossen werden<\/li>\n<li><strong>B\u00fcrste:<\/strong><\/li>\n<li>Sto\u00dfd\u00e4mpfer und Nylonborsten sch\u00fctzen die Oberfl\u00e4che des Whirlpools<\/li>\n<li>Kann von Hand gehalten oder an die Standard-Teleskopstange (nicht enthalten) angeschlossen werden<\/li>\n<li><strong>Reinigungshandschuh:<\/strong><\/li>\n<li>Zum Schrubben entlang der Pool-Wasserlinie<\/li>\n<li>Aus Latex mit einer Schrubbfl\u00e4che<\/li>\n<li>Bestway Artikelnummer: 60310<\/li>\n<li><strong>Lieferung enth\u00e4lt:<\/strong><\/li>\n<li>1 x Schaufel<\/li>\n<li>1 x B\u00fcrste<\/li>\n<li>1 x Reinigungshandschuh<\/li>\n<\/ul>\n","protected":false},"excerpt":{"rendered":"<p>Der Lay-Z-Spa Werkzeugsatz von Bestway ist das perfekte Reinigungszubeh\u00f6r, um Ihren Whirlpool strahlend sauber zu halten! Die Schaufel hat einen Sto\u00dfd\u00e4mpfer, der die Oberfl\u00e4che des Pools sch\u00fctzt, und ein rundes Design, das sich an den Konturen des Innenraums des Whirlpools anpasst. Das tiefe Netz hilft beim Sammeln von Schmutz und kann von Hand gehalten oder [&#8230;]\n","protected":false},"featured_media":121536,"template":"","meta":[],"product_cat":[113],"product_tag":[],"class_list":{"0":"post-56554","1":"product","2":"type-product","3":"status-publish","4":"has-post-thumbnail","6":"product_cat-pool-whirlpool-zubehoer","8":"first","9":"instock","10":"taxable","11":"shipping-taxable","12":"purchasable","13":"product-type-simple"},"_links":{"self":[{"href":"https:\/\/klima-theke.com\/index.php?rest_route=\/wp\/v2\/product\/56554","targetHints":{"allow":["GET"]}}],"collection":[{"href":"https:\/\/klima-theke.com\/index.php?rest_route=\/wp\/v2\/product"}],"about":[{"href":"https:\/\/klima-theke.com\/index.php?rest_route=\/wp\/v2\/types\/product"}],"wp:featuredmedia":[{"embeddable":true,"href":"https:\/\/klima-theke.com\/index.php?rest_route=\/wp\/v2\/media\/121536"}],"wp:attachment":[{"href":"https:\/\/klima-theke.com\/index.php?rest_route=%2Fwp%2Fv2%2Fmedia&parent=56554"}],"wp:term":[{"taxonomy":"product_cat","embeddable":true,"href":"https:\/\/klima-theke.com\/index.php?rest_route=%2Fwp%2Fv2%2Fproduct_cat&post=56554"},{"taxonomy":"product_tag","embeddable":true,"href":"https:\/\/klima-theke.com\/index.php?rest_route=%2Fwp%2Fv2%2Fproduct_tag&post=56554"}],"curies":[{"name":"wp","href":"https:\/\/api.w.org\/{rel}","templated":true}]}}