{"id":52944,"date":"2023-08-27T16:41:34","date_gmt":"2023-08-27T14:41:34","guid":{"rendered":"https:\/\/klima-theke.com\/produkt\/sunred-deckenheizstrahler-sirius-2100-w-halogen-schwarz-ce09b\/"},"modified":"2023-10-29T11:04:19","modified_gmt":"2023-10-29T09:04:19","slug":"sunred-deckenheizstrahler-sirius-2100-w-halogen-schwarz-ce09b","status":"publish","type":"product","link":"https:\/\/klima-theke.com\/?product=sunred-deckenheizstrahler-sirius-2100-w-halogen-schwarz-ce09b","title":{"rendered":"Sunred Deckenheizstrahler Sirius 2100 W Halogen Schwarz CE09B"},"content":{"rendered":"<p>Unter diesem Sunred Sirius 2100 in schwarzer Ausf\u00fchrung genie\u00dfen Sie W\u00e4rme und Licht bei K\u00e4lte und Dunkelheit. Dieser Terrassenstrahler erf\u00fcllt dank seines stilvollen schwarzen Designs auch eine dekorative Rolle. Dieser moderne Heizstrahler kann mit der mitgelieferten Fernbedienung betrieben werden. Sie k\u00f6nnen 3 verschiedene Heizstufen einstellen (900, 1200, 2100 Watt) und haben die M\u00f6glichkeit, die integrierte Leuchte ein- und auszuschalten. Die Heiz- und die Leucht-Funktion k\u00f6nnen von einander unabh\u00e4ngig verwendet werden. Der Heizstrahler erreicht innerhalb von 5 Sekunden seine volle Leistung (2100 Watt). In der h\u00f6chsten Einstellung kann er eine Fl\u00e4che von bis zu 19 Quadratmetern erw\u00e4rmen. Ein gro\u00dfer Vorteil der Halogenheizung ist, dass sie den menschlichen K\u00f6rper von innen erw\u00e4rmt. Wind hat somit keinen Einfluss auf die W\u00e4rmeverteilung, daher kann die abgegebene W\u00e4rme mit den Sonnenstrahlen verglichen werden. Der Deckenheizstrahler kann einfach mit der mitgelieferten Deckenkette montiert werden, so dass Sie sofort eine angenehm W\u00e4rme auf Ihrer Terrasse genie\u00dfen k\u00f6nnen.<\/p>\n<ul>\n<li>Farbe: Schwarz <\/li>\n<li>Material: Stahl, Aluminium, Kunststoff und Glas<\/li>\n<li>Spannung: 220 &#8211; 240 V<\/li>\n<li>Abmessungen: 58,5 x 35 cm (Durchmesser x H)<\/li>\n<li>Gewicht: 3,5 kg<\/li>\n<li>Leistungsstufen: 900 W, 1200 W, 2100 W<\/li>\n<li>Kabell\u00e4nge: 1,8 m<\/li>\n<li>Halogen-Heiztechnik<\/li>\n<li>IP-Code: IP24<\/li>\n<li>Ein-\/Aus-Schalter: Fernbedienung (2 x AAA-Batterie, nicht enthalten)<\/li>\n<li>Lieferung beinhaltet die Kette<\/li>\n<li>Die 3 W LED-Leuchte kann separat betrieben werden.<\/li>\n<\/ul>\n","protected":false},"excerpt":{"rendered":"<p>Unter diesem Sunred Sirius 2100 in schwarzer Ausf\u00fchrung genie\u00dfen Sie W\u00e4rme und Licht bei K\u00e4lte und Dunkelheit. Dieser Terrassenstrahler erf\u00fcllt dank seines stilvollen schwarzen Designs auch eine dekorative Rolle. Dieser moderne Heizstrahler kann mit der mitgelieferten Fernbedienung betrieben werden. Sie k\u00f6nnen 3 verschiedene Heizstufen einstellen (900, 1200, 2100 Watt) und haben die M\u00f6glichkeit, die integrierte [&#8230;]\n","protected":false},"featured_media":124367,"template":"","meta":[],"product_cat":[42],"product_tag":[],"class_list":{"0":"post-52944","1":"product","2":"type-product","3":"status-publish","4":"has-post-thumbnail","6":"product_cat-terrassenheizer","8":"first","9":"instock","10":"taxable","11":"shipping-taxable","12":"purchasable","13":"product-type-simple"},"_links":{"self":[{"href":"https:\/\/klima-theke.com\/index.php?rest_route=\/wp\/v2\/product\/52944","targetHints":{"allow":["GET"]}}],"collection":[{"href":"https:\/\/klima-theke.com\/index.php?rest_route=\/wp\/v2\/product"}],"about":[{"href":"https:\/\/klima-theke.com\/index.php?rest_route=\/wp\/v2\/types\/product"}],"wp:featuredmedia":[{"embeddable":true,"href":"https:\/\/klima-theke.com\/index.php?rest_route=\/wp\/v2\/media\/124367"}],"wp:attachment":[{"href":"https:\/\/klima-theke.com\/index.php?rest_route=%2Fwp%2Fv2%2Fmedia&parent=52944"}],"wp:term":[{"taxonomy":"product_cat","embeddable":true,"href":"https:\/\/klima-theke.com\/index.php?rest_route=%2Fwp%2Fv2%2Fproduct_cat&post=52944"},{"taxonomy":"product_tag","embeddable":true,"href":"https:\/\/klima-theke.com\/index.php?rest_route=%2Fwp%2Fv2%2Fproduct_tag&post=52944"}],"curies":[{"name":"wp","href":"https:\/\/api.w.org\/{rel}","templated":true}]}}