{"id":52941,"date":"2023-08-27T16:41:32","date_gmt":"2023-08-27T14:41:32","guid":{"rendered":"https:\/\/klima-theke.com\/produkt\/sunred-standheizstrahler-artix-corda-2100-w-halogen-braun\/"},"modified":"2023-10-27T12:20:08","modified_gmt":"2023-10-27T10:20:08","slug":"sunred-standheizstrahler-artix-corda-2100-w-halogen-braun","status":"publish","type":"product","link":"https:\/\/klima-theke.com\/?product=sunred-standheizstrahler-artix-corda-2100-w-halogen-braun","title":{"rendered":"Sunred Standheizstrahler Artix Corda 2100 W Halogen Braun"},"content":{"rendered":"<p>Der Artix Corda Standheizstrahler von Sunred ist eine fabelhafte Wahl f\u00fcr zus\u00e4tzliche W\u00e4rme, wenn es abends auf der Terrasse etwas k\u00e4lter wird. Mit einem Durchmesser von 60 cm ist dieser Standheizer ideal f\u00fcr den Au\u00dfenwohnbereich. Das schlanke, kompakte Design mit der braunen Oberfl\u00e4che verleihen dem Artix Corda-Heizger\u00e4t ein modernes Aussehen. Da der Infrarot-Terrassenheizstrahler die K\u00f6rper und die Gegenst\u00e4nde von innen nach au\u00dfen erw\u00e4rmt, beeintr\u00e4chtigt der Wind nicht die Effizienz des Halogen-Heizelements. Der schwere Fu\u00df h\u00e4lt die Artix Corda fest und stabil an Ort und Stelle. Zus\u00e4tzlich sorgt die Sturzsicherung daf\u00fcr, dass sich die Sunred Artix Corda beim unabsichtlichen Herunterfallen automatisch ausschaltet. Dank der 3 verschiedenen Leistungen von 900, 1200, 2100 Watt k\u00f6nnen Sie die Temperatur perfekt f\u00fcr alle einstellen. Da der Standheizstrahler eine gesch\u00e4tzte Lebensdauer von 8.000 Betriebsstunden hat, k\u00f6nnen Sie sich lange an diesem Produkt erfreuen.<\/p>\n<ul>\n<li>Farbe: Braun<\/li>\n<li>Material: Edelstahl, Aluminium, Kunststoff und Glas<\/li>\n<li>Abmessungen: 60 x 60 x 213 cm (L x B x H)<\/li>\n<li>Spannung: 220 &#8211; 240 V ~<\/li>\n<li>Leistungseinstellungen: 900 W \/ 1200 W \/ 2100 W<\/li>\n<li>Gewicht: 16 kg<\/li>\n<li>IP-Code: IP44<\/li>\n<li>Kabell\u00e4nge: 1,8 m<\/li>\n<li>Halogen-Heiztechnik<\/li>\n<li>Der K\u00f6rper wird von innen nach au\u00dfen erw\u00e4rmt<\/li>\n<li>Maximale Lebensdauer des Heizelements: 8000 h<\/li>\n<li>Sch\u00f6nes bemerkenswertes Design<\/li>\n<li>Kompakte Gr\u00f6\u00dfe<\/li>\n<li>Mit Absturzsicherung<\/li>\n<\/ul>\n","protected":false},"excerpt":{"rendered":"<p>Der Artix Corda Standheizstrahler von Sunred ist eine fabelhafte Wahl f\u00fcr zus\u00e4tzliche W\u00e4rme, wenn es abends auf der Terrasse etwas k\u00e4lter wird. Mit einem Durchmesser von 60 cm ist dieser Standheizer ideal f\u00fcr den Au\u00dfenwohnbereich. Das schlanke, kompakte Design mit der braunen Oberfl\u00e4che verleihen dem Artix Corda-Heizger\u00e4t ein modernes Aussehen. Da der Infrarot-Terrassenheizstrahler die K\u00f6rper [&#8230;]\n","protected":false},"featured_media":122995,"template":"","meta":[],"product_cat":[42],"product_tag":[],"class_list":{"0":"post-52941","1":"product","2":"type-product","3":"status-publish","4":"has-post-thumbnail","6":"product_cat-terrassenheizer","7":"product_shipping_class-spedition-light","9":"first","10":"instock","11":"taxable","12":"shipping-taxable","13":"purchasable","14":"product-type-simple"},"_links":{"self":[{"href":"https:\/\/klima-theke.com\/index.php?rest_route=\/wp\/v2\/product\/52941","targetHints":{"allow":["GET"]}}],"collection":[{"href":"https:\/\/klima-theke.com\/index.php?rest_route=\/wp\/v2\/product"}],"about":[{"href":"https:\/\/klima-theke.com\/index.php?rest_route=\/wp\/v2\/types\/product"}],"wp:featuredmedia":[{"embeddable":true,"href":"https:\/\/klima-theke.com\/index.php?rest_route=\/wp\/v2\/media\/122995"}],"wp:attachment":[{"href":"https:\/\/klima-theke.com\/index.php?rest_route=%2Fwp%2Fv2%2Fmedia&parent=52941"}],"wp:term":[{"taxonomy":"product_cat","embeddable":true,"href":"https:\/\/klima-theke.com\/index.php?rest_route=%2Fwp%2Fv2%2Fproduct_cat&post=52941"},{"taxonomy":"product_tag","embeddable":true,"href":"https:\/\/klima-theke.com\/index.php?rest_route=%2Fwp%2Fv2%2Fproduct_tag&post=52941"}],"curies":[{"name":"wp","href":"https:\/\/api.w.org\/{rel}","templated":true}]}}