{"id":52937,"date":"2023-08-27T16:41:29","date_gmt":"2023-08-27T14:41:29","guid":{"rendered":"https:\/\/klima-theke.com\/produkt\/sunred-wandheizstrahler-royal-diamond-dark-2000w-rotgold-kohle-schwarz\/"},"modified":"2023-10-10T10:04:49","modified_gmt":"2023-10-10T08:04:49","slug":"sunred-wandheizstrahler-royal-diamond-dark-2000w-rotgold-kohle-schwarz","status":"publish","type":"product","link":"https:\/\/klima-theke.com\/?product=sunred-wandheizstrahler-royal-diamond-dark-2000w-rotgold-kohle-schwarz","title":{"rendered":"Sunred Wandheizstrahler Royal Diamond Dark 2000W Rotgold-Kohle Schwarz"},"content":{"rendered":"<p>Der Royal Diamond Dark Wandheizk\u00f6rper von Sunred ist definitiv ein auffallend leistungsstarkes Heizelement in Ihrem Zuhause! Diese Terrassenheizung besteht aus einem Ros\u00e9gold-Kohle-Element, einer neuen Heizmethode, und ist durch die Reflexion einer rosa Blattgold-Schicht enorm leistungsstark. So k\u00f6nnen Sie innerhalb von nur 5 Sekunden eine maximale Heizleistung erleben. Die Technologie mit extrem geringer Blendung sorgt daf\u00fcr, dass dieses Modell weich leuchtet und atmosph\u00e4risch bleibt. Dank der Fernbedienung oder der benutzerfreundlichen Soft-Touch-Technologie k\u00f6nnen Sie die Leistung auf 1000, 1500 und 2000 Watt einstellen. Au\u00dferdem ist es mit einer gesch\u00e4tzten Lebensdauer von 8000 Brennstunden ziemlich langlebig. Dar\u00fcber hinaus k\u00f6nnen Sie es dank der mitgelieferten Wandhalterung leicht an der Wand befestigen.<\/p>\n<ul>\n<li>Farbe: Schwarz <\/li>\n<li>Abmessungen : 81,7 x 10 x 14,2 cm (L x B x H)<\/li>\n<li>Material: Aluminium, Edelstahl, Kunststoff und Glas<\/li>\n<li>Nennspannung: 220-240 V<\/li>\n<li>Leistung: 1000 W \/ 1500 W \/ 2000 W<\/li>\n<li>Gewicht: 2 kg<\/li>\n<li>IP-Code: IP55<\/li>\n<li>Kabell\u00e4nge: 1,8 m<\/li>\n<li>Heiztechnik: Rotgold-Kohlenstoff<\/li>\n<li>Maximale Lebensdauer des Heizelements: 8000 h<\/li>\n<li>Ein- \/ Ausschalter: Fernbedienung (1 x CR2450, nicht enthalten)<\/li>\n<li>Schlankes und sauberes Design<\/li>\n<li>Im Lieferumfang ist eine Wandhalterung enthalten<\/li>\n<\/ul>\n","protected":false},"excerpt":{"rendered":"<p>Der Royal Diamond Dark Wandheizk\u00f6rper von Sunred ist definitiv ein auffallend leistungsstarkes Heizelement in Ihrem Zuhause! Diese Terrassenheizung besteht aus einem Ros\u00e9gold-Kohle-Element, einer neuen Heizmethode, und ist durch die Reflexion einer rosa Blattgold-Schicht enorm leistungsstark. So k\u00f6nnen Sie innerhalb von nur 5 Sekunden eine maximale Heizleistung erleben. Die Technologie mit extrem geringer Blendung sorgt daf\u00fcr, [&#8230;]\n","protected":false},"featured_media":103573,"template":"","meta":[],"product_cat":[42],"product_tag":[],"class_list":{"0":"post-52937","1":"product","2":"type-product","3":"status-publish","4":"has-post-thumbnail","6":"product_cat-terrassenheizer","8":"first","9":"outofstock","10":"taxable","11":"shipping-taxable","12":"purchasable","13":"product-type-simple"},"_links":{"self":[{"href":"https:\/\/klima-theke.com\/index.php?rest_route=\/wp\/v2\/product\/52937","targetHints":{"allow":["GET"]}}],"collection":[{"href":"https:\/\/klima-theke.com\/index.php?rest_route=\/wp\/v2\/product"}],"about":[{"href":"https:\/\/klima-theke.com\/index.php?rest_route=\/wp\/v2\/types\/product"}],"wp:featuredmedia":[{"embeddable":true,"href":"https:\/\/klima-theke.com\/index.php?rest_route=\/wp\/v2\/media\/103573"}],"wp:attachment":[{"href":"https:\/\/klima-theke.com\/index.php?rest_route=%2Fwp%2Fv2%2Fmedia&parent=52937"}],"wp:term":[{"taxonomy":"product_cat","embeddable":true,"href":"https:\/\/klima-theke.com\/index.php?rest_route=%2Fwp%2Fv2%2Fproduct_cat&post=52937"},{"taxonomy":"product_tag","embeddable":true,"href":"https:\/\/klima-theke.com\/index.php?rest_route=%2Fwp%2Fv2%2Fproduct_tag&post=52937"}],"curies":[{"name":"wp","href":"https:\/\/api.w.org\/{rel}","templated":true}]}}