{"id":52930,"date":"2023-08-27T16:41:24","date_gmt":"2023-08-27T14:41:24","guid":{"rendered":"https:\/\/klima-theke.com\/produkt\/sunred-deckenheizstrahler-artix-corda-1800-w-halogen-braun\/"},"modified":"2023-10-13T09:36:08","modified_gmt":"2023-10-13T07:36:08","slug":"sunred-deckenheizstrahler-artix-corda-1800-w-halogen-braun","status":"publish","type":"product","link":"https:\/\/klima-theke.com\/?product=sunred-deckenheizstrahler-artix-corda-1800-w-halogen-braun","title":{"rendered":"Sunred Deckenheizstrahler Artix Corda 1800 W Halogen Braun"},"content":{"rendered":"<p>Der Artix Corda Deckenheizstrahler von Sunred ist definitiv ein auffallend leistungsstarkes Heizelement in Ihrem Zuhause! Seine Seilstruktur wird zusammen mit dem \u00e4sthetisch ansprechenden Lampenschirm-Stil sicherlich eine auff\u00e4llige Erg\u00e4nzung zu Ihrem Au\u00dfenbereich darstellen. Diese Terrassenheizung besteht aus einem Halogen-Heizelement und bietet eine angenehme W\u00e4rme. Au\u00dferdem k\u00f6nnen Sie innerhalb von nur 5 Sekunden eine maximale Heizleistung erleben. Eine Brise wird zudem die W\u00e4rmequelle nicht entwerten. Dank der Fernbedienung oder der benutzerfreundlichen Soft-Touch-Technologie k\u00f6nnen Sie die Leistung auf 800, 1000 und 1800 Watt einstellen. Mit einer gesch\u00e4tzten Lebensdauer von 8000 Stunden ist dieses Heizger\u00e4t auch sehr langlebig. Dar\u00fcber hinaus k\u00f6nnen Sie es dank der mitgelieferten Installationskette einfach an der Decke installieren. Da der Durchmesser 60 cm betr\u00e4gt, kann er auch in kleineren R\u00e4umen platziert werden.<\/p>\n<ul>\n<li>Farbe: Braun<\/li>\n<li>Material: Aluminium, Edelstahl, Kunststoff und Glas<\/li>\n<li>Abmessungen: 60 x 60 x 30 cm (L x B x H)<\/li>\n<li>Nennspannung: 220-240 V<\/li>\n<li>Leistungseinstellungen: 800 W \/ 1000 W \/ 1800 W<\/li>\n<li>Gewicht: 4 kg<\/li>\n<li>IP-Code: IP24<\/li>\n<li>Kabell\u00e4nge: 1,8 m<\/li>\n<li>Halogen-Heiztechnik<\/li>\n<li>Der K\u00f6rper wird von innen nach au\u00dfen erw\u00e4rmt<\/li>\n<li>Maximale Lebensdauer des Heizelements: 8000 h<\/li>\n<li>Ein-\/Aus-Schalter: Fernbedienung (2 x AAA-Batterie, nicht enthalten)<\/li>\n<li>Sch\u00f6nes bemerkenswertes Design<\/li>\n<li>Mit Installationskette<\/li>\n<\/ul>\n","protected":false},"excerpt":{"rendered":"<p>Der Artix Corda Deckenheizstrahler von Sunred ist definitiv ein auffallend leistungsstarkes Heizelement in Ihrem Zuhause! Seine Seilstruktur wird zusammen mit dem \u00e4sthetisch ansprechenden Lampenschirm-Stil sicherlich eine auff\u00e4llige Erg\u00e4nzung zu Ihrem Au\u00dfenbereich darstellen. Diese Terrassenheizung besteht aus einem Halogen-Heizelement und bietet eine angenehme W\u00e4rme. Au\u00dferdem k\u00f6nnen Sie innerhalb von nur 5 Sekunden eine maximale Heizleistung erleben. [&#8230;]\n","protected":false},"featured_media":108439,"template":"","meta":[],"product_cat":[42],"product_tag":[],"class_list":{"0":"post-52930","1":"product","2":"type-product","3":"status-publish","4":"has-post-thumbnail","6":"product_cat-terrassenheizer","8":"first","9":"instock","10":"sale","11":"taxable","12":"shipping-taxable","13":"purchasable","14":"product-type-simple"},"_links":{"self":[{"href":"https:\/\/klima-theke.com\/index.php?rest_route=\/wp\/v2\/product\/52930","targetHints":{"allow":["GET"]}}],"collection":[{"href":"https:\/\/klima-theke.com\/index.php?rest_route=\/wp\/v2\/product"}],"about":[{"href":"https:\/\/klima-theke.com\/index.php?rest_route=\/wp\/v2\/types\/product"}],"wp:featuredmedia":[{"embeddable":true,"href":"https:\/\/klima-theke.com\/index.php?rest_route=\/wp\/v2\/media\/108439"}],"wp:attachment":[{"href":"https:\/\/klima-theke.com\/index.php?rest_route=%2Fwp%2Fv2%2Fmedia&parent=52930"}],"wp:term":[{"taxonomy":"product_cat","embeddable":true,"href":"https:\/\/klima-theke.com\/index.php?rest_route=%2Fwp%2Fv2%2Fproduct_cat&post=52930"},{"taxonomy":"product_tag","embeddable":true,"href":"https:\/\/klima-theke.com\/index.php?rest_route=%2Fwp%2Fv2%2Fproduct_tag&post=52930"}],"curies":[{"name":"wp","href":"https:\/\/api.w.org\/{rel}","templated":true}]}}