{"id":52927,"date":"2023-08-27T16:41:21","date_gmt":"2023-08-27T14:41:21","guid":{"rendered":"https:\/\/klima-theke.com\/produkt\/sunred-deckenheizstrahler-barcelona-1500-w-halogen-schwarz\/"},"modified":"2023-10-11T12:30:15","modified_gmt":"2023-10-11T10:30:15","slug":"sunred-deckenheizstrahler-barcelona-1500-w-halogen-schwarz","status":"publish","type":"product","link":"https:\/\/klima-theke.com\/?product=sunred-deckenheizstrahler-barcelona-1500-w-halogen-schwarz","title":{"rendered":"Sunred Deckenheizstrahler Barcelona 1500 W Halogen Schwarz"},"content":{"rendered":"<p>Auf der Suche nach W\u00e4rme an einem k\u00fchlen Abend? Genie\u00dfen Sie l\u00e4ngere Abende im Freien mit dem Heizger\u00e4t Barcelona von Sunred. Mit einem Durchmesser von 42,5 cm ist dieser Heizstrahler ideal f\u00fcr kleinere G\u00e4rten. Der Terrassenheizer zeichnet sich durch das schlanke Finish und die kompakte Gr\u00f6\u00dfe aus. Durch den mattschwarzen Look strahlt der Heizstrahler einen modischen Stil aus und beweist seinen Wert auch bei Nichtgebrauch. Da der Infrarot-Terrassenstrahler K\u00f6rper und Gegenst\u00e4nde von innen her aufheizt, k\u00f6nnen Sie sogar die Hitze f\u00fchlen, wenn der Wind weht. Mit diesem wunderbaren Deckenheizstrahler k\u00f6nnen Sie immer angenehme W\u00e4rme erleben, wenn es abends k\u00e4lter wird. Dank des weichen Halogengl\u00fchens ist es f\u00fcr die Augen nicht reizend und Sie k\u00f6nnen sich in diesem Bereich ausreichend wohl f\u00fchlen. Der Terrassenheizer enth\u00e4lt eine Kette, so dass Sie ihn leicht in Ihre Veranda oder \u00fcber den Gartentisch h\u00e4ngen k\u00f6nnen. Das Halogenheizelement heizt mit einer Leistung von 1.500 Watt. Wenn das Heizger\u00e4t eingeschaltet ist, brennt der Sunred Barcelona innerhalb von 5 Sekunden mit maximaler Leistung. Der Heizstrahler hat eine gesch\u00e4tzte Lebensdauer von 8.000 Stunden, so dass Sie lange Freude daran haben werden.<\/p>\n<ul>\n<li>Farbe: Schwarz <\/li>\n<li>Material: Edelstahl, Aluminium, Kunststoff und Glas<\/li>\n<li>Abmessungen: 42,5 x 25 cm (Durchmesser x H)<\/li>\n<li>Spannung: 220 &#8211; 240 V ~<\/li>\n<li>Leistung: 1500 W<\/li>\n<li>Gewicht: 2 kg<\/li>\n<li>IP-Code: IP24<\/li>\n<li>Kabell\u00e4nge: 1,8 m<\/li>\n<li>Maximale Lebensdauer des Heizelements: 8000 h<\/li>\n<li>Kompakte Gr\u00f6\u00dfe<\/li>\n<li>Ein- \/ Aus-Schalter: Zugschnur<\/li>\n<li>Volle Leistung innerhalb von 5 Sekunden<\/li>\n<li>Halogen-Heiztechnik<\/li>\n<li>Erhitzt den K\u00f6rper von innen<\/li>\n<li>Lieferung beinhaltet die Kette<\/li>\n<\/ul>\n","protected":false},"excerpt":{"rendered":"<p>Auf der Suche nach W\u00e4rme an einem k\u00fchlen Abend? Genie\u00dfen Sie l\u00e4ngere Abende im Freien mit dem Heizger\u00e4t Barcelona von Sunred. Mit einem Durchmesser von 42,5 cm ist dieser Heizstrahler ideal f\u00fcr kleinere G\u00e4rten. Der Terrassenheizer zeichnet sich durch das schlanke Finish und die kompakte Gr\u00f6\u00dfe aus. Durch den mattschwarzen Look strahlt der Heizstrahler einen [&#8230;]\n","protected":false},"featured_media":106653,"template":"","meta":[],"product_cat":[42],"product_tag":[],"class_list":{"0":"post-52927","1":"product","2":"type-product","3":"status-publish","4":"has-post-thumbnail","6":"product_cat-terrassenheizer","8":"first","9":"instock","10":"taxable","11":"shipping-taxable","12":"purchasable","13":"product-type-simple"},"_links":{"self":[{"href":"https:\/\/klima-theke.com\/index.php?rest_route=\/wp\/v2\/product\/52927","targetHints":{"allow":["GET"]}}],"collection":[{"href":"https:\/\/klima-theke.com\/index.php?rest_route=\/wp\/v2\/product"}],"about":[{"href":"https:\/\/klima-theke.com\/index.php?rest_route=\/wp\/v2\/types\/product"}],"wp:featuredmedia":[{"embeddable":true,"href":"https:\/\/klima-theke.com\/index.php?rest_route=\/wp\/v2\/media\/106653"}],"wp:attachment":[{"href":"https:\/\/klima-theke.com\/index.php?rest_route=%2Fwp%2Fv2%2Fmedia&parent=52927"}],"wp:term":[{"taxonomy":"product_cat","embeddable":true,"href":"https:\/\/klima-theke.com\/index.php?rest_route=%2Fwp%2Fv2%2Fproduct_cat&post=52927"},{"taxonomy":"product_tag","embeddable":true,"href":"https:\/\/klima-theke.com\/index.php?rest_route=%2Fwp%2Fv2%2Fproduct_tag&post=52927"}],"curies":[{"name":"wp","href":"https:\/\/api.w.org\/{rel}","templated":true}]}}