{"id":52908,"date":"2023-08-27T16:41:09","date_gmt":"2023-08-27T14:41:09","guid":{"rendered":"https:\/\/klima-theke.com\/produkt\/sunred-deckenheizstrahler-sirius-2100-w-halogen-silbern-ce09\/"},"modified":"2023-10-29T11:04:12","modified_gmt":"2023-10-29T09:04:12","slug":"sunred-deckenheizstrahler-sirius-2100-w-halogen-silbern-ce09","status":"publish","type":"product","link":"https:\/\/klima-theke.com\/?product=sunred-deckenheizstrahler-sirius-2100-w-halogen-silbern-ce09","title":{"rendered":"Sunred Deckenheizstrahler Sirius 2100 W Halogen Silbern CE09"},"content":{"rendered":"<p>Sehnen Sie sich nach etwas W\u00e4rme an einem k\u00fchlen Abend? Genie\u00dfen Sie auch an sp\u00e4teren Abendstunden angenehme W\u00e4rme drau\u00dfen unter diesem Sunred Sirius 2100 Deckenheizstrahler. Mit einer hohen Leistung von 2100 Watt kann der Infrarot-Halogenstrahler eine Fl\u00e4che von bis zu 19 Quadratmetern beheizen. Die Infrarot-Halogenstrahlung erw\u00e4rmt den menschlichen K\u00f6rper von innen, so dass der Wind keinen Einfluss auf die W\u00e4rmeverteilung hat. Ein Infrarot-Halogen-Heizger\u00e4t eignet sich daher am besten f\u00fcr den Einsatz in einem offenen Raum. Mit 3 Heizstufen von 900, 1200 bzw. 2100 Watt kann die abgegebene W\u00e4rme nach Ihren Bed\u00fcrfnissen eingestellt werden. Sie k\u00f6nnen also einfach eine niedrigere W\u00e4rmestufe einstellen, wenn der Sirius 2100 zu viel W\u00e4rme abgibt. Der Terrassenheizer wird mit einer Deckenkette geliefert, daher kann er problemlos montiert werden. Der Infrarot-Halogenstrahler mit einem Plug-and-Play-Betrieb hat einen Durchmesser von 58,5 cm und erreicht seine maximale Leistung innerhalb von 5 Sekunden, so dass Sie in k\u00fcrzester Zeit die optimale W\u00e4rme genie\u00dfen k\u00f6nnen.<\/p>\n<ul>\n<li>Farbe: Silber<\/li>\n<li>Material: Stahl, Aluminium, Kunststoff und Glas<\/li>\n<li>Spannung: 220 &#8211; 240 V<\/li>\n<li>Abmessungen: 58,5 x 35 cm (Durchmesser x H)<\/li>\n<li>Gewicht 2,9 kg<\/li>\n<li>Leistungsstufen: 900 W, 1200 W, 2100 W<\/li>\n<li>Kabell\u00e4nge: 1,8 m<\/li>\n<li>Halogen-Heiztechnik<\/li>\n<li>IP-Code: IP24<\/li>\n<li>Ein-\/Aus-Schalter: Taste<\/li>\n<li>Lieferung beinhaltet die Kette<\/li>\n<\/ul>\n","protected":false},"excerpt":{"rendered":"<p>Sehnen Sie sich nach etwas W\u00e4rme an einem k\u00fchlen Abend? Genie\u00dfen Sie auch an sp\u00e4teren Abendstunden angenehme W\u00e4rme drau\u00dfen unter diesem Sunred Sirius 2100 Deckenheizstrahler. Mit einer hohen Leistung von 2100 Watt kann der Infrarot-Halogenstrahler eine Fl\u00e4che von bis zu 19 Quadratmetern beheizen. Die Infrarot-Halogenstrahlung erw\u00e4rmt den menschlichen K\u00f6rper von innen, so dass der Wind [&#8230;]\n","protected":false},"featured_media":124347,"template":"","meta":[],"product_cat":[42],"product_tag":[],"class_list":{"0":"post-52908","1":"product","2":"type-product","3":"status-publish","4":"has-post-thumbnail","6":"product_cat-terrassenheizer","8":"first","9":"instock","10":"taxable","11":"shipping-taxable","12":"purchasable","13":"product-type-simple"},"_links":{"self":[{"href":"https:\/\/klima-theke.com\/index.php?rest_route=\/wp\/v2\/product\/52908","targetHints":{"allow":["GET"]}}],"collection":[{"href":"https:\/\/klima-theke.com\/index.php?rest_route=\/wp\/v2\/product"}],"about":[{"href":"https:\/\/klima-theke.com\/index.php?rest_route=\/wp\/v2\/types\/product"}],"wp:featuredmedia":[{"embeddable":true,"href":"https:\/\/klima-theke.com\/index.php?rest_route=\/wp\/v2\/media\/124347"}],"wp:attachment":[{"href":"https:\/\/klima-theke.com\/index.php?rest_route=%2Fwp%2Fv2%2Fmedia&parent=52908"}],"wp:term":[{"taxonomy":"product_cat","embeddable":true,"href":"https:\/\/klima-theke.com\/index.php?rest_route=%2Fwp%2Fv2%2Fproduct_cat&post=52908"},{"taxonomy":"product_tag","embeddable":true,"href":"https:\/\/klima-theke.com\/index.php?rest_route=%2Fwp%2Fv2%2Fproduct_tag&post=52908"}],"curies":[{"name":"wp","href":"https:\/\/api.w.org\/{rel}","templated":true}]}}