{"id":52893,"date":"2023-08-27T16:40:59","date_gmt":"2023-08-27T14:40:59","guid":{"rendered":"https:\/\/klima-theke.com\/produkt\/sunred-deckenheizstrahler-artix-compact-1500-w-halogen-artix-c-hb\/"},"modified":"2023-10-29T11:04:11","modified_gmt":"2023-10-29T09:04:11","slug":"sunred-deckenheizstrahler-artix-compact-1500-w-halogen-artix-c-hb","status":"publish","type":"product","link":"https:\/\/klima-theke.com\/?product=sunred-deckenheizstrahler-artix-compact-1500-w-halogen-artix-c-hb","title":{"rendered":"Sunred Deckenheizstrahler Artix compact 1500 W Halogen ARTIX C-HB"},"content":{"rendered":"<p>Dank diesem Sunred Decken-Heizstrahler werden Sie Ihre Freizeit im Garten oder auf der Terrasse auch bei k\u00fchleren Temperaturen genie\u00dfen k\u00f6nnen. Das Lampenschirm-Design und seine tiefschwarze Farbe verleihen dem Heizstrahler ein einzigartiges Aussehen. Er verf\u00fcgt \u00fcber 3 Heizstufen (600, 900 und 1500 W), so dass Sie die W\u00e4rme ganz nach Ihren W\u00fcnschen dosieren k\u00f6nnen. Die W\u00e4rme, die das Halogenelement abgibt, ist vergleichbar mit der der Sonne, denn sie w\u00e4rmt den K\u00f6rper von Innen heraus und wird nicht durch Wind abgeleitet. Der H\u00e4ngeheizstrahler ist zudem sehr benutzerfreundlich. Mit den Soft-Touch-Bedienelementen oder der mitgelieferten Fernbedienung k\u00f6nnen Sie den Heizstrahler einschalten und die Heizstufen einstellen. Sie k\u00f6nnen es auch als Leuchte verwenden, da es mit einer LED-Lampe ausgestattet ist. Der Heizstrahler ist einfach zu montieren. Mit der mitgelieferten Kette l\u00e4sst er sich binnen weniger Minuten an die Decke anbringen.<\/p>\n<ul>\n<li>Farbe: Schwarz <\/li>\n<li>Material: Stahl, Aluminium, Stoff, Kunststoff und Glas<\/li>\n<li>Spannung: 220 &#8211; 240 V<\/li>\n<li>Ma\u00dfe: 50 x 30 cm (Durchmesser x H)<\/li>\n<li>Gewicht: 3 kg<\/li>\n<li>3 verschiedene Heizstufen: 600, 900 und 1500 W<\/li>\n<li>Kabell\u00e4nge: 1,8 m<\/li>\n<li>Halogen-Heiztechnik<\/li>\n<li>IP-Code: IP24<\/li>\n<li>Ein-\/Aus-Schalter: Fernbedienung (2 x AAA-Batterie, nicht enthalten)<\/li>\n<li>Lieferung beinhaltet die Kette<\/li>\n<li>Die 3 W LED-Leuchte kann separat betrieben werden.<\/li>\n<\/ul>\n","protected":false},"excerpt":{"rendered":"<p>Dank diesem Sunred Decken-Heizstrahler werden Sie Ihre Freizeit im Garten oder auf der Terrasse auch bei k\u00fchleren Temperaturen genie\u00dfen k\u00f6nnen. Das Lampenschirm-Design und seine tiefschwarze Farbe verleihen dem Heizstrahler ein einzigartiges Aussehen. Er verf\u00fcgt \u00fcber 3 Heizstufen (600, 900 und 1500 W), so dass Sie die W\u00e4rme ganz nach Ihren W\u00fcnschen dosieren k\u00f6nnen. Die W\u00e4rme, [&#8230;]\n","protected":false},"featured_media":124348,"template":"","meta":[],"product_cat":[42],"product_tag":[],"class_list":{"0":"post-52893","1":"product","2":"type-product","3":"status-publish","4":"has-post-thumbnail","6":"product_cat-terrassenheizer","8":"first","9":"instock","10":"taxable","11":"shipping-taxable","12":"purchasable","13":"product-type-simple"},"_links":{"self":[{"href":"https:\/\/klima-theke.com\/index.php?rest_route=\/wp\/v2\/product\/52893","targetHints":{"allow":["GET"]}}],"collection":[{"href":"https:\/\/klima-theke.com\/index.php?rest_route=\/wp\/v2\/product"}],"about":[{"href":"https:\/\/klima-theke.com\/index.php?rest_route=\/wp\/v2\/types\/product"}],"wp:featuredmedia":[{"embeddable":true,"href":"https:\/\/klima-theke.com\/index.php?rest_route=\/wp\/v2\/media\/124348"}],"wp:attachment":[{"href":"https:\/\/klima-theke.com\/index.php?rest_route=%2Fwp%2Fv2%2Fmedia&parent=52893"}],"wp:term":[{"taxonomy":"product_cat","embeddable":true,"href":"https:\/\/klima-theke.com\/index.php?rest_route=%2Fwp%2Fv2%2Fproduct_cat&post=52893"},{"taxonomy":"product_tag","embeddable":true,"href":"https:\/\/klima-theke.com\/index.php?rest_route=%2Fwp%2Fv2%2Fproduct_tag&post=52893"}],"curies":[{"name":"wp","href":"https:\/\/api.w.org\/{rel}","templated":true}]}}