{"id":52692,"date":"2023-08-27T15:20:01","date_gmt":"2023-08-27T13:20:01","guid":{"rendered":"https:\/\/klima-theke.com\/produkt\/solarmodul-faltbar-120-w-12-v\/"},"modified":"2023-10-28T09:25:12","modified_gmt":"2023-10-28T07:25:12","slug":"solarmodul-faltbar-120-w-12-v","status":"publish","type":"product","link":"https:\/\/klima-theke.com\/?product=solarmodul-faltbar-120-w-12-v","title":{"rendered":"Solarmodul Faltbar 120 W 12 V"},"content":{"rendered":"<p>Dieses faltbare Solarmodul von 120 W ist mit einem Solarregler und einem Krokodilclip-Kabel ausgestattet, um die 12 V-Batterie bei Sonnenlicht aufzuladen. Es ist ideal f\u00fcr Wohnmobile, Boote, Haushalte, Camping, Klettern sowie f\u00fcr alle Outdoor-Aktivit\u00e4ten! Dank 120 W Leistung und eines unzerbrechlichen Solarbatterieladeger\u00e4ts nutzt die leistungsstarke monokristalline Solarzelle die Sonnenenergie mit einem hohen Wirkungsgrad. Das Panel ist gut gesch\u00fctzt in einer dicken Stofftasche, die f\u00fcr eine lange Lebensdauer mit N\u00e4hten verst\u00e4rkt ist. Das Panel ist nur 6 mm dick und wiegt nur 4,28 kg, was das Transportieren, Aufh\u00e4ngen und Zusammenpacken erleichtert. Hinweis: Das mitgelieferte Steuerger\u00e4t ist nur f\u00fcr 12 V Blei-S\u00e4ure- und Gel-Batterien geeignet.<\/p>\n<ul>\n<li>Material: Siliziumzelle, geh\u00e4rtetes Glas, EVA<\/li>\n<li>Ma\u00dfe (gefaltet): 435 x 380 x 85 mm (L x B x T)<\/li>\n<li>Gesamtma\u00dfe: 1141 x 853 x 6 mm (L x B x T)<\/li>\n<li>Leistung: 120 W<\/li>\n<li>Gewicht: 4,28 kg<\/li>\n<li>Leerlaufspannung: 22 V<\/li>\n<li>Maximaler Arbeitsstrom: 9 A<\/li>\n<li>Kurzschlussstrom: 6,9 A<\/li>\n<li>Arbeitstemperatur: &#8211; 40 \u2103 ~ + 85 \u2103<\/li>\n<li>Hohe Konversionsrate dank monokristallinen Zellen<\/li>\n<li><strong>Lieferung beinhaltet:<\/strong><\/li>\n<li>1 x 120 W Solarmodul<\/li>\n<li>1 x 0,5 m Batterieklemmen zum Anschlie\u00dfen des Steuerger\u00e4ts am Akku<\/li>\n<li>1 x 2,6 m Verl\u00e4ngerungskabel<\/li>\n<li>1 x PWM-Controller<\/li>\n<\/ul>\n","protected":false},"excerpt":{"rendered":"<p>Dieses faltbare Solarmodul von 120 W ist mit einem Solarregler und einem Krokodilclip-Kabel ausgestattet, um die 12 V-Batterie bei Sonnenlicht aufzuladen. Es ist ideal f\u00fcr Wohnmobile, Boote, Haushalte, Camping, Klettern sowie f\u00fcr alle Outdoor-Aktivit\u00e4ten! Dank 120 W Leistung und eines unzerbrechlichen Solarbatterieladeger\u00e4ts nutzt die leistungsstarke monokristalline Solarzelle die Sonnenenergie mit einem hohen Wirkungsgrad. Das Panel [&#8230;]\n","protected":false},"featured_media":123692,"template":"","meta":[],"product_cat":[111],"product_tag":[],"class_list":{"0":"post-52692","1":"product","2":"type-product","3":"status-publish","4":"has-post-thumbnail","6":"product_cat-solarpaneele","8":"first","9":"instock","10":"taxable","11":"shipping-taxable","12":"purchasable","13":"product-type-simple"},"_links":{"self":[{"href":"https:\/\/klima-theke.com\/index.php?rest_route=\/wp\/v2\/product\/52692","targetHints":{"allow":["GET"]}}],"collection":[{"href":"https:\/\/klima-theke.com\/index.php?rest_route=\/wp\/v2\/product"}],"about":[{"href":"https:\/\/klima-theke.com\/index.php?rest_route=\/wp\/v2\/types\/product"}],"wp:featuredmedia":[{"embeddable":true,"href":"https:\/\/klima-theke.com\/index.php?rest_route=\/wp\/v2\/media\/123692"}],"wp:attachment":[{"href":"https:\/\/klima-theke.com\/index.php?rest_route=%2Fwp%2Fv2%2Fmedia&parent=52692"}],"wp:term":[{"taxonomy":"product_cat","embeddable":true,"href":"https:\/\/klima-theke.com\/index.php?rest_route=%2Fwp%2Fv2%2Fproduct_cat&post=52692"},{"taxonomy":"product_tag","embeddable":true,"href":"https:\/\/klima-theke.com\/index.php?rest_route=%2Fwp%2Fv2%2Fproduct_tag&post=52692"}],"curies":[{"name":"wp","href":"https:\/\/api.w.org\/{rel}","templated":true}]}}