{"id":52682,"date":"2023-08-27T15:19:54","date_gmt":"2023-08-27T13:19:54","guid":{"rendered":"https:\/\/klima-theke.com\/produkt\/solarmodul-in-koffer-design-klappbar-120-w-12v\/"},"modified":"2023-10-18T21:31:16","modified_gmt":"2023-10-18T19:31:16","slug":"solarmodul-in-koffer-design-klappbar-120-w-12v","status":"publish","type":"product","link":"https:\/\/klima-theke.com\/?product=solarmodul-in-koffer-design-klappbar-120-w-12v","title":{"rendered":"Solarmodul in Koffer-Design Klappbar 120 W 12V"},"content":{"rendered":"<p>Jederzeit, \u00fcberall und kostenlos: elektrische Energie! Dieses wasserdichte, kosteng\u00fcnstige, monokristalline 120-W-Solarmodul zum Laden von 12-V-Batterien eignet sich f\u00fcr Wanderungen, Camping, milit\u00e4rische Zwecke, netzunabh\u00e4ngige Solarpanelsysteme, Wohnwagen, Wohnmobile, Boote usw. Dieses monokristalline Solarladesystem besteht aus monokristallinen Solarzellen, die einen hohen Wirkungsgrad aufweisen, um die Nutzung des verf\u00fcgbaren Sonnenlichts zu maximieren. Mit verstellbaren Beinen werden unterschiedliche Montagewinkel m\u00f6glich. Der korrosionsbest\u00e4ndige Aluminiumrahmen sorgt f\u00fcr eine l\u00e4ngere Lebensdauer, sodass die Paneele jahrzehntelang halten und harten Elementen standhalten. Krokodilklemmen sind f\u00fcr den einfachen Anschluss an die Batterie mit dabei. Zus\u00e4tzlich wird dieses Solarmodul mit Steuerger\u00e4t in einer Schutzh\u00fclle mit Griffen geliefert, die Sie \u00fcberall hin mitnehmen und innerhalb von Minuten einrichten k\u00f6nnen.<\/p>\n<ul>\n<li>Material: Siliziumzelle, geh\u00e4rtetes Glas, Aluminium<\/li>\n<li>Erweiterte Gr\u00f6\u00dfe: 1050 x 743 x 28 mm (L x B x T)<\/li>\n<li>Gefaltete Gr\u00f6\u00dfe: 743 x 540 x 58 mm (L x B x T)<\/li>\n<li>Leistung: 120 W<\/li>\n<li>Gewicht: 9,89 kg<\/li>\n<li>Steuerger\u00e4t-Spannung: 12 V<\/li>\n<li>Leerlaufspannung: 22 V<\/li>\n<li>Maximaler Arbeitsstrom: 9 A<\/li>\n<li>Kurzschlussstrom: 6,9 A<\/li>\n<li>Arbeitstemperatur: &#8211; 40 \u2103 ~ + 85 \u2103<\/li>\n<li>Einstellbare und starke St\u00fctzbeine<\/li>\n<li>Inklusive Kunststoff-Schutzecken<\/li>\n<li>Hohe Konversionsrate dank monokristallinen Zellen<\/li>\n<li><strong>Lieferung beinhaltet:<\/strong><\/li>\n<li>2 x 60 W Solarpaneel<\/li>\n<li>1 x 0,5 m Batterieklemmen zum Anschlie\u00dfen des Steuerger\u00e4ts am Akku<\/li>\n<li>1 x 2,6 m Verl\u00e4ngerungskabel<\/li>\n<li>1 x Steuerger\u00e4t<\/li>\n<li>1 x Schutztasche<\/li>\n<\/ul>\n","protected":false},"excerpt":{"rendered":"<p>Jederzeit, \u00fcberall und kostenlos: elektrische Energie! Dieses wasserdichte, kosteng\u00fcnstige, monokristalline 120-W-Solarmodul zum Laden von 12-V-Batterien eignet sich f\u00fcr Wanderungen, Camping, milit\u00e4rische Zwecke, netzunabh\u00e4ngige Solarpanelsysteme, Wohnwagen, Wohnmobile, Boote usw. Dieses monokristalline Solarladesystem besteht aus monokristallinen Solarzellen, die einen hohen Wirkungsgrad aufweisen, um die Nutzung des verf\u00fcgbaren Sonnenlichts zu maximieren. Mit verstellbaren Beinen werden unterschiedliche Montagewinkel m\u00f6glich. [&#8230;]\n","protected":false},"featured_media":115697,"template":"","meta":[],"product_cat":[111],"product_tag":[],"class_list":{"0":"post-52682","1":"product","2":"type-product","3":"status-publish","4":"has-post-thumbnail","6":"product_cat-solarpaneele","8":"first","9":"outofstock","10":"taxable","11":"shipping-taxable","12":"purchasable","13":"product-type-simple"},"_links":{"self":[{"href":"https:\/\/klima-theke.com\/index.php?rest_route=\/wp\/v2\/product\/52682","targetHints":{"allow":["GET"]}}],"collection":[{"href":"https:\/\/klima-theke.com\/index.php?rest_route=\/wp\/v2\/product"}],"about":[{"href":"https:\/\/klima-theke.com\/index.php?rest_route=\/wp\/v2\/types\/product"}],"wp:featuredmedia":[{"embeddable":true,"href":"https:\/\/klima-theke.com\/index.php?rest_route=\/wp\/v2\/media\/115697"}],"wp:attachment":[{"href":"https:\/\/klima-theke.com\/index.php?rest_route=%2Fwp%2Fv2%2Fmedia&parent=52682"}],"wp:term":[{"taxonomy":"product_cat","embeddable":true,"href":"https:\/\/klima-theke.com\/index.php?rest_route=%2Fwp%2Fv2%2Fproduct_cat&post=52682"},{"taxonomy":"product_tag","embeddable":true,"href":"https:\/\/klima-theke.com\/index.php?rest_route=%2Fwp%2Fv2%2Fproduct_tag&post=52682"}],"curies":[{"name":"wp","href":"https:\/\/api.w.org\/{rel}","templated":true}]}}