{"id":52547,"date":"2023-08-27T15:08:39","date_gmt":"2023-08-27T13:08:39","guid":{"rendered":"https:\/\/klima-theke.com\/produkt\/kaminholzhalter-weiss-335x30x110-cm-massivholz-kiefer\/"},"modified":"2023-10-28T14:20:13","modified_gmt":"2023-10-28T12:20:13","slug":"kaminholzhalter-weiss-335x30x110-cm-massivholz-kiefer","status":"publish","type":"product","link":"https:\/\/klima-theke.com\/?product=kaminholzhalter-weiss-335x30x110-cm-massivholz-kiefer","title":{"rendered":"Kaminholzhalter Wei\u00df 33,5x30x110 cm Massivholz Kiefer"},"content":{"rendered":"<p>Dieser Kaminholzhalter sollte neben deinem gem\u00fctlichen Kamin nicht fehlen! Massives Kiefernholz: Massives Kiefernholz ist ein wundersch\u00f6nes Naturmaterial. Kiefernholz weist eine gerade Maserung auf und die Aststellen verleihen dem Material seine charakteristische, rustikale Optik.H\u00e4lt Brennholz trocken: In diesem Kaminholzst\u00e4nder liegt das Holz nicht direkt auf dem Boden, sodass es trocken bleibt und nicht verrottet.Viel Stauraum: Das Kaminholzregal bietet reichlich Platz zur ordentlichen Lagerung deines Brennholzes. Hinweis:Jedes Produkt wird mit einer Montageanleitung in der Verpackung f\u00fcr eine einfache Montage geliefert.<\/p>\n<ul>\n<li>Farbe: Wei\u00df<\/li>\n<li>Material: Massives Kiefernholz<\/li>\n<li>Abmessungen: 33,5 x 30 x 110 cm (L x B x H)<\/li>\n<\/ul>\n","protected":false},"excerpt":{"rendered":"<p>Dieser Kaminholzhalter sollte neben deinem gem\u00fctlichen Kamin nicht fehlen! Massives Kiefernholz: Massives Kiefernholz ist ein wundersch\u00f6nes Naturmaterial. Kiefernholz weist eine gerade Maserung auf und die Aststellen verleihen dem Material seine charakteristische, rustikale Optik.H\u00e4lt Brennholz trocken: In diesem Kaminholzst\u00e4nder liegt das Holz nicht direkt auf dem Boden, sodass es trocken bleibt und nicht verrottet.Viel Stauraum: Das [&#8230;]\n","protected":false},"featured_media":123797,"template":"","meta":[],"product_cat":[45],"product_tag":[],"class_list":{"0":"post-52547","1":"product","2":"type-product","3":"status-publish","4":"has-post-thumbnail","6":"product_cat-regale","8":"first","9":"instock","10":"taxable","11":"shipping-taxable","12":"purchasable","13":"product-type-simple"},"_links":{"self":[{"href":"https:\/\/klima-theke.com\/index.php?rest_route=\/wp\/v2\/product\/52547","targetHints":{"allow":["GET"]}}],"collection":[{"href":"https:\/\/klima-theke.com\/index.php?rest_route=\/wp\/v2\/product"}],"about":[{"href":"https:\/\/klima-theke.com\/index.php?rest_route=\/wp\/v2\/types\/product"}],"wp:featuredmedia":[{"embeddable":true,"href":"https:\/\/klima-theke.com\/index.php?rest_route=\/wp\/v2\/media\/123797"}],"wp:attachment":[{"href":"https:\/\/klima-theke.com\/index.php?rest_route=%2Fwp%2Fv2%2Fmedia&parent=52547"}],"wp:term":[{"taxonomy":"product_cat","embeddable":true,"href":"https:\/\/klima-theke.com\/index.php?rest_route=%2Fwp%2Fv2%2Fproduct_cat&post=52547"},{"taxonomy":"product_tag","embeddable":true,"href":"https:\/\/klima-theke.com\/index.php?rest_route=%2Fwp%2Fv2%2Fproduct_tag&post=52547"}],"curies":[{"name":"wp","href":"https:\/\/api.w.org\/{rel}","templated":true}]}}