{"id":52538,"date":"2023-08-27T15:08:33","date_gmt":"2023-08-27T13:08:33","guid":{"rendered":"https:\/\/klima-theke.com\/produkt\/kaminholzhalter-weiss-47x395x48-cm-massivholz-kiefer\/"},"modified":"2023-10-16T20:02:58","modified_gmt":"2023-10-16T18:02:58","slug":"kaminholzhalter-weiss-47x395x48-cm-massivholz-kiefer","status":"publish","type":"product","link":"https:\/\/klima-theke.com\/?product=kaminholzhalter-weiss-47x395x48-cm-massivholz-kiefer","title":{"rendered":"Kaminholzhalter Wei\u00df 47&#215;39,5&#215;48 cm Massivholz Kiefer"},"content":{"rendered":"<p>Dieses Kaminholzhalter aus Holz bietet die ideale L\u00f6sung f\u00fcr die ordentliche Lagerung deines Brennholzes. Massives Kiefernholz: Massives Kiefernholz ist ein wundersch\u00f6nes Naturmaterial. Kiefernholz weist eine gerade Maserung auf und die Aststellen verleihen dem Material seine charakteristische, rustikale Optik. Aus Massivholz gefertigt, ist dieses Brenholzregal sehr stabil.Viel Stauraum: Dieser Brennholzst\u00e4nder bietet reichlich Platz f\u00fcr Scheite, um das Feuer sch\u00f6n brennen zu lassen und im Winter stets f\u00fcr W\u00e4rme zu sorgen. Gute Bel\u00fcftung: Der Brennholzhalter h\u00e4lt die Holzscheite vom Boden fern und erm\u00f6glicht so eine bessere Luftzirkulation, um das Brennholz vor F\u00e4ulnis zu sch\u00fctzen und es trocken zu halten. Praktischer Brennholzst\u00e4nder: Er ist ein Muss f\u00fcr alle, die das Brennholz sch\u00f6n ordentlich und griffbereit neben dem Kamin bzw. Holzofen aufbewahren m\u00f6chten. Hinweis:Jedes Produkt wird mit einer Montageanleitung in der Verpackung f\u00fcr eine einfache Montage geliefert.<\/p>\n<ul>\n<li>Farbe: Wei\u00df<\/li>\n<li>Material: Massives Kiefernholz<\/li>\n<li>Abmessungen: 47 x 39,5 x 48 cm (L x B x H)<\/li>\n<\/ul>\n","protected":false},"excerpt":{"rendered":"<p>Dieses Kaminholzhalter aus Holz bietet die ideale L\u00f6sung f\u00fcr die ordentliche Lagerung deines Brennholzes. Massives Kiefernholz: Massives Kiefernholz ist ein wundersch\u00f6nes Naturmaterial. Kiefernholz weist eine gerade Maserung auf und die Aststellen verleihen dem Material seine charakteristische, rustikale Optik. Aus Massivholz gefertigt, ist dieses Brenholzregal sehr stabil.Viel Stauraum: Dieser Brennholzst\u00e4nder bietet reichlich Platz f\u00fcr Scheite, um [&#8230;]\n","protected":false},"featured_media":112301,"template":"","meta":[],"product_cat":[45],"product_tag":[],"class_list":{"0":"post-52538","1":"product","2":"type-product","3":"status-publish","4":"has-post-thumbnail","6":"product_cat-regale","8":"first","9":"instock","10":"taxable","11":"shipping-taxable","12":"purchasable","13":"product-type-simple"},"_links":{"self":[{"href":"https:\/\/klima-theke.com\/index.php?rest_route=\/wp\/v2\/product\/52538","targetHints":{"allow":["GET"]}}],"collection":[{"href":"https:\/\/klima-theke.com\/index.php?rest_route=\/wp\/v2\/product"}],"about":[{"href":"https:\/\/klima-theke.com\/index.php?rest_route=\/wp\/v2\/types\/product"}],"wp:featuredmedia":[{"embeddable":true,"href":"https:\/\/klima-theke.com\/index.php?rest_route=\/wp\/v2\/media\/112301"}],"wp:attachment":[{"href":"https:\/\/klima-theke.com\/index.php?rest_route=%2Fwp%2Fv2%2Fmedia&parent=52538"}],"wp:term":[{"taxonomy":"product_cat","embeddable":true,"href":"https:\/\/klima-theke.com\/index.php?rest_route=%2Fwp%2Fv2%2Fproduct_cat&post=52538"},{"taxonomy":"product_tag","embeddable":true,"href":"https:\/\/klima-theke.com\/index.php?rest_route=%2Fwp%2Fv2%2Fproduct_tag&post=52538"}],"curies":[{"name":"wp","href":"https:\/\/api.w.org\/{rel}","templated":true}]}}