{"id":52529,"date":"2023-08-27T15:08:27","date_gmt":"2023-08-27T13:08:27","guid":{"rendered":"https:\/\/klima-theke.com\/produkt\/kaminholzregal-honigbraun-108x73x108-cm-massivholz-kiefer\/"},"modified":"2023-10-29T17:23:14","modified_gmt":"2023-10-29T15:23:14","slug":"kaminholzregal-honigbraun-108x73x108-cm-massivholz-kiefer","status":"publish","type":"product","link":"https:\/\/klima-theke.com\/?product=kaminholzregal-honigbraun-108x73x108-cm-massivholz-kiefer","title":{"rendered":"Kaminholzregal Honigbraun 108x73x108 cm Massivholz Kiefer"},"content":{"rendered":"<p>Dieses Kaminholzregal aus Holz bietet die ideale L\u00f6sung f\u00fcr die ordentliche Lagerung deines Brennholzes. Massives Kiefernholz: Massives Kiefernholz ist ein wundersch\u00f6nes Naturmaterial. Kiefernholz weist eine gerade Maserung auf und die Aststellen verleihen dem Material seine charakteristische, rustikale Optik.Viel Stauraum: Dieser Holzspeicher fasst gen\u00fcgend Scheite, um das Feuer sch\u00f6n brennen zu lassen und im Winter stets f\u00fcr W\u00e4rme zu sorgen.Trockenes Brennholz: Der Brennholzhalter h\u00e4lt die Scheite vom Boden fern und erm\u00f6glicht so eine bessere Luftzirkulation, um das Brennholz vor F\u00e4ulnis zu sch\u00fctzen und es trocken zu halten. Hinweis:Jedes Produkt wird mit einer Montageanleitung in der Verpackung f\u00fcr eine einfache Montage geliefert.Das Dach ist nicht vollst\u00e4ndig geschlossen und wasserbest\u00e4ndig.<\/p>\n<ul>\n<li>Farbe: Honigbraun<\/li>\n<li>Material: Massives Kiefernholz<\/li>\n<li>Abmessungen: 108 x 73 x 108 cm (L x B x H)<\/li>\n<\/ul>\n","protected":false},"excerpt":{"rendered":"<p>Dieses Kaminholzregal aus Holz bietet die ideale L\u00f6sung f\u00fcr die ordentliche Lagerung deines Brennholzes. Massives Kiefernholz: Massives Kiefernholz ist ein wundersch\u00f6nes Naturmaterial. Kiefernholz weist eine gerade Maserung auf und die Aststellen verleihen dem Material seine charakteristische, rustikale Optik.Viel Stauraum: Dieser Holzspeicher fasst gen\u00fcgend Scheite, um das Feuer sch\u00f6n brennen zu lassen und im Winter stets [&#8230;]\n","protected":false},"featured_media":124524,"template":"","meta":[],"product_cat":[45],"product_tag":[],"class_list":{"0":"post-52529","1":"product","2":"type-product","3":"status-publish","4":"has-post-thumbnail","6":"product_cat-regale","8":"first","9":"instock","10":"taxable","11":"shipping-taxable","12":"purchasable","13":"product-type-simple"},"_links":{"self":[{"href":"https:\/\/klima-theke.com\/index.php?rest_route=\/wp\/v2\/product\/52529","targetHints":{"allow":["GET"]}}],"collection":[{"href":"https:\/\/klima-theke.com\/index.php?rest_route=\/wp\/v2\/product"}],"about":[{"href":"https:\/\/klima-theke.com\/index.php?rest_route=\/wp\/v2\/types\/product"}],"wp:featuredmedia":[{"embeddable":true,"href":"https:\/\/klima-theke.com\/index.php?rest_route=\/wp\/v2\/media\/124524"}],"wp:attachment":[{"href":"https:\/\/klima-theke.com\/index.php?rest_route=%2Fwp%2Fv2%2Fmedia&parent=52529"}],"wp:term":[{"taxonomy":"product_cat","embeddable":true,"href":"https:\/\/klima-theke.com\/index.php?rest_route=%2Fwp%2Fv2%2Fproduct_cat&post=52529"},{"taxonomy":"product_tag","embeddable":true,"href":"https:\/\/klima-theke.com\/index.php?rest_route=%2Fwp%2Fv2%2Fproduct_tag&post=52529"}],"curies":[{"name":"wp","href":"https:\/\/api.w.org\/{rel}","templated":true}]}}