{"id":5243,"date":"2023-07-19T12:09:17","date_gmt":"2023-07-19T10:09:17","guid":{"rendered":"https:\/\/klima-theke.com\/produkt\/nature-einzelparaffinheizung-coldframe-45-l-6020424\/"},"modified":"2023-10-29T17:20:09","modified_gmt":"2023-10-29T15:20:09","slug":"nature-einzelparaffinheizung-coldframe-45-l-6020424","status":"publish","type":"product","link":"https:\/\/klima-theke.com\/?product=nature-einzelparaffinheizung-coldframe-45-l-6020424","title":{"rendered":"Nature Einzelparaffinheizung Coldframe 4,5 l 6020424"},"content":{"rendered":"<p>Dieser Coldframe Einzelparaffinheizer von Nature hat eine Brennstoffkapazit\u00e4t von 4,5 l und erzeugt eine W\u00e4rme, die der einer 600 Watt Elektroheizung entspricht. Diese Paraffinheizungen stellen eine gute und wirtschaftliche M\u00f6glichkeit dar, im Gew\u00e4chshaus eine konstante Strahlungsw\u00e4rme zu erzeugen. Diese W\u00e4rme ist wichtig, um empfindliche Pflanzen, wie zum Beispiel Fuchsien oder Pelargonien, durch den Winter zu bringen. Beim Anz\u00fcnden der Flamme wird Wasserdampf freigesetzt, der die Luft im Gew\u00e4chshaus befeuchtet. Bei der Verbrennung entsteht auch Kohlendioxid, ein wesentliches Element f\u00fcr das Pflanzenwachstum.<\/p>\n<ul>\n<li>Farbe: Grau<\/li>\n<li>Material: Verzinktes Metall<\/li>\n<li>Ma\u00dfe: 30 x 41 cm (Durchmesser x H)<\/li>\n<li>F\u00fcllvolumen: 4,5 L<\/li>\n<li>Einzelparaffinheizung<\/li>\n<li>Unbeaufsichtigter Dauerbetrieb f\u00fcr ca. 10 Tage<\/li>\n<li>Beheizt eine Fl\u00e4che von bis zu 4 m\u00b2<\/li>\n<\/ul>\n","protected":false},"excerpt":{"rendered":"<p>Dieser Coldframe Einzelparaffinheizer von Nature hat eine Brennstoffkapazit\u00e4t von 4,5 l und erzeugt eine W\u00e4rme, die der einer 600 Watt Elektroheizung entspricht. Diese Paraffinheizungen stellen eine gute und wirtschaftliche M\u00f6glichkeit dar, im Gew\u00e4chshaus eine konstante Strahlungsw\u00e4rme zu erzeugen. Diese W\u00e4rme ist wichtig, um empfindliche Pflanzen, wie zum Beispiel Fuchsien oder Pelargonien, durch den Winter zu [&#8230;]\n","protected":false},"featured_media":124513,"template":"","meta":[],"product_cat":[38],"product_tag":[],"class_list":{"0":"post-5243","1":"product","2":"type-product","3":"status-publish","4":"has-post-thumbnail","6":"product_cat-heizungen-zubehoer","8":"first","9":"instock","10":"taxable","11":"shipping-taxable","12":"purchasable","13":"product-type-simple"},"_links":{"self":[{"href":"https:\/\/klima-theke.com\/index.php?rest_route=\/wp\/v2\/product\/5243","targetHints":{"allow":["GET"]}}],"collection":[{"href":"https:\/\/klima-theke.com\/index.php?rest_route=\/wp\/v2\/product"}],"about":[{"href":"https:\/\/klima-theke.com\/index.php?rest_route=\/wp\/v2\/types\/product"}],"wp:featuredmedia":[{"embeddable":true,"href":"https:\/\/klima-theke.com\/index.php?rest_route=\/wp\/v2\/media\/124513"}],"wp:attachment":[{"href":"https:\/\/klima-theke.com\/index.php?rest_route=%2Fwp%2Fv2%2Fmedia&parent=5243"}],"wp:term":[{"taxonomy":"product_cat","embeddable":true,"href":"https:\/\/klima-theke.com\/index.php?rest_route=%2Fwp%2Fv2%2Fproduct_cat&post=5243"},{"taxonomy":"product_tag","embeddable":true,"href":"https:\/\/klima-theke.com\/index.php?rest_route=%2Fwp%2Fv2%2Fproduct_tag&post=5243"}],"curies":[{"name":"wp","href":"https:\/\/api.w.org\/{rel}","templated":true}]}}