{"id":52376,"date":"2023-08-27T15:04:00","date_gmt":"2023-08-27T13:04:00","guid":{"rendered":"https:\/\/klima-theke.com\/produkt\/outdoor-kaminholzregal-108x52x74-cm-massivholz-kiefer\/"},"modified":"2023-10-27T22:27:19","modified_gmt":"2023-10-27T20:27:19","slug":"outdoor-kaminholzregal-108x52x74-cm-massivholz-kiefer","status":"publish","type":"product","link":"https:\/\/klima-theke.com\/?product=outdoor-kaminholzregal-108x52x74-cm-massivholz-kiefer","title":{"rendered":"Outdoor-Kaminholzregal 108x52x74 cm Massivholz Kiefer"},"content":{"rendered":"<p>Diese Outdoor-Holzablage eignet sich perfekt, um dein Brennholz auf der Veranda oder im Garten zu lagern, zu trocknen und sogar zur Schau zu stellen. Massives Kiefernholz: Massives Kiefernholz ist ein wundersch\u00f6nes Naturmaterial. Kiefernholz weist eine gerade Maserung auf und die Aststellen verleihen dem Material seine charakteristische, rustikale Optik.F\u00fcr den Au\u00dfenbereich geeignet: Der Kaminholzhalter ist f\u00fcr den Au\u00dfenbereich geeignet und l\u00e4sst sich daher auf deiner Veranda oder in deinem Garten einsetzen, um das Holz vor Feuchtigkeit oder Verrottung zu sch\u00fctzen.Dekoratives Pflanzgef\u00e4\u00df: Das Brennholzregal ist mit einem oberen Pflanzgef\u00e4\u00df versehen, in dem du Pflanzen anbauen kannst, um dein Zuhause zu versch\u00f6nern.Viel Stauraum: Das Kaminholzregal bietet reichlich Stauraum zur ordentlichen Aufbewahrung deines Brennholzes. Hinweis:Jedes Produkt wird mit einer Montageanleitung in der Verpackung f\u00fcr eine einfache Montage geliefert.<\/p>\n<ul>\n<li>Material: Massives Kiefernholz (unbehandelt)<\/li>\n<li>Abmessungen: 108 x 52 x 74 cm (L x B x H)<\/li>\n<\/ul>\n","protected":false},"excerpt":{"rendered":"<p>Diese Outdoor-Holzablage eignet sich perfekt, um dein Brennholz auf der Veranda oder im Garten zu lagern, zu trocknen und sogar zur Schau zu stellen. Massives Kiefernholz: Massives Kiefernholz ist ein wundersch\u00f6nes Naturmaterial. Kiefernholz weist eine gerade Maserung auf und die Aststellen verleihen dem Material seine charakteristische, rustikale Optik.F\u00fcr den Au\u00dfenbereich geeignet: Der Kaminholzhalter ist f\u00fcr [&#8230;]\n","protected":false},"featured_media":123471,"template":"","meta":[],"product_cat":[45],"product_tag":[],"class_list":{"0":"post-52376","1":"product","2":"type-product","3":"status-publish","4":"has-post-thumbnail","6":"product_cat-regale","8":"first","9":"instock","10":"taxable","11":"shipping-taxable","12":"purchasable","13":"product-type-simple"},"_links":{"self":[{"href":"https:\/\/klima-theke.com\/index.php?rest_route=\/wp\/v2\/product\/52376","targetHints":{"allow":["GET"]}}],"collection":[{"href":"https:\/\/klima-theke.com\/index.php?rest_route=\/wp\/v2\/product"}],"about":[{"href":"https:\/\/klima-theke.com\/index.php?rest_route=\/wp\/v2\/types\/product"}],"wp:featuredmedia":[{"embeddable":true,"href":"https:\/\/klima-theke.com\/index.php?rest_route=\/wp\/v2\/media\/123471"}],"wp:attachment":[{"href":"https:\/\/klima-theke.com\/index.php?rest_route=%2Fwp%2Fv2%2Fmedia&parent=52376"}],"wp:term":[{"taxonomy":"product_cat","embeddable":true,"href":"https:\/\/klima-theke.com\/index.php?rest_route=%2Fwp%2Fv2%2Fproduct_cat&post=52376"},{"taxonomy":"product_tag","embeddable":true,"href":"https:\/\/klima-theke.com\/index.php?rest_route=%2Fwp%2Fv2%2Fproduct_tag&post=52376"}],"curies":[{"name":"wp","href":"https:\/\/api.w.org\/{rel}","templated":true}]}}