{"id":52294,"date":"2023-08-27T15:00:17","date_gmt":"2023-08-27T13:00:17","guid":{"rendered":"https:\/\/klima-theke.com\/produkt\/kaminholzregal-110x35x1085-cm-massivholz-kiefer\/"},"modified":"2023-10-22T18:22:19","modified_gmt":"2023-10-22T16:22:19","slug":"kaminholzregal-110x35x1085-cm-massivholz-kiefer","status":"publish","type":"product","link":"https:\/\/klima-theke.com\/?product=kaminholzregal-110x35x1085-cm-massivholz-kiefer","title":{"rendered":"Kaminholzregal 110x35x108,5 cm Massivholz Kiefer"},"content":{"rendered":"<p>Dieses Kaminholzregal aus Holz bietet die ideale L\u00f6sung f\u00fcr die ordentliche Lagerung deines Brennholzes. Massives Kiefernholz: Massives Kiefernholz ist ein wundersch\u00f6nes Naturmaterial. Kiefernholz weist eine gerade Maserung auf und die Aststellen verleihen dem Material seine charakteristische, rustikale Optik. Viel Stauraum: Dieser Holzspeicher fasst gen\u00fcgend Scheite, um das Feuer sch\u00f6n brennen zu lassen und im Winter stets f\u00fcr W\u00e4rme zu sorgen. Trockenes Brennholz: Der Brennholzhalter h\u00e4lt die Scheite vom Boden fern und erm\u00f6glicht so eine bessere Luftzirkulation, um das Brennholz vor F\u00e4ulnis zu sch\u00fctzen und es trocken zu halten. Praktischer Brennholzst\u00e4nder: Er ist ein Muss f\u00fcr alle, die das Brennholz sch\u00f6n ordentlich und griffbereit neben dem Kamin bzw. Holzofen aufbewahren m\u00f6chten. Hinweis:Jedes Produkt wird mit einer Montageanleitung in der Verpackung f\u00fcr einen einfachen Zusammenbau geliefert.<\/p>\n<ul>\n<li>Material: Massives Kiefernholz (unbehandelt)<\/li>\n<li>Abmessungen: 110 x 35 x 108,5 cm (B x T x H)<\/li>\n<\/ul>\n","protected":false},"excerpt":{"rendered":"<p>Dieses Kaminholzregal aus Holz bietet die ideale L\u00f6sung f\u00fcr die ordentliche Lagerung deines Brennholzes. Massives Kiefernholz: Massives Kiefernholz ist ein wundersch\u00f6nes Naturmaterial. Kiefernholz weist eine gerade Maserung auf und die Aststellen verleihen dem Material seine charakteristische, rustikale Optik. Viel Stauraum: Dieser Holzspeicher fasst gen\u00fcgend Scheite, um das Feuer sch\u00f6n brennen zu lassen und im Winter [&#8230;]\n","protected":false},"featured_media":117953,"template":"","meta":[],"product_cat":[45],"product_tag":[],"class_list":{"0":"post-52294","1":"product","2":"type-product","3":"status-publish","4":"has-post-thumbnail","6":"product_cat-regale","8":"first","9":"instock","10":"taxable","11":"shipping-taxable","12":"purchasable","13":"product-type-simple"},"_links":{"self":[{"href":"https:\/\/klima-theke.com\/index.php?rest_route=\/wp\/v2\/product\/52294","targetHints":{"allow":["GET"]}}],"collection":[{"href":"https:\/\/klima-theke.com\/index.php?rest_route=\/wp\/v2\/product"}],"about":[{"href":"https:\/\/klima-theke.com\/index.php?rest_route=\/wp\/v2\/types\/product"}],"wp:featuredmedia":[{"embeddable":true,"href":"https:\/\/klima-theke.com\/index.php?rest_route=\/wp\/v2\/media\/117953"}],"wp:attachment":[{"href":"https:\/\/klima-theke.com\/index.php?rest_route=%2Fwp%2Fv2%2Fmedia&parent=52294"}],"wp:term":[{"taxonomy":"product_cat","embeddable":true,"href":"https:\/\/klima-theke.com\/index.php?rest_route=%2Fwp%2Fv2%2Fproduct_cat&post=52294"},{"taxonomy":"product_tag","embeddable":true,"href":"https:\/\/klima-theke.com\/index.php?rest_route=%2Fwp%2Fv2%2Fproduct_tag&post=52294"}],"curies":[{"name":"wp","href":"https:\/\/api.w.org\/{rel}","templated":true}]}}