{"id":5217,"date":"2023-07-19T10:08:59","date_gmt":"2023-07-19T10:08:59","guid":{"rendered":"https:\/\/klima-theke.com\/produkt\/deckenventilator-mit-lampe-edm-aral-weiss-50-w\/"},"modified":"2023-09-30T13:00:45","modified_gmt":"2023-09-30T11:00:45","slug":"deckenventilator-mit-lampe-edm-aral-weiss-50-w","status":"publish","type":"product","link":"https:\/\/klima-theke.com\/?product=deckenventilator-mit-lampe-edm-aral-weiss-50-w","title":{"rendered":"Deckenventilator mit Lampe EDM Aral Wei\u00df 50 W"},"content":{"rendered":"<p>Wenn Sie bei der Einrichtung ihres Heims Wert auf Details legen und bei Produkten, die Ihnen das Leben leichter machen, auf dem letzten Stand sein m\u00f6chten, dann kaufen Sie <b>Deckenventilator mit Lampe EDM Aral Wei\u00df 50 W<\/b>.<\/p>\n<ul>\n<li>Farbe: Wei\u00df<\/li>\n<li>Kappe: E14<\/li>\n<li>Klinge: 6<\/li>\n<li>Spannung: 220-240 V 50 Hz<\/li>\n<li>Leistung: 50 W<\/li>\n<li>Durchmesser: \u00d8  76 cm<\/li>\n<li>Art: Deckenventilator<\/li>\n<\/ul>\n","protected":false},"excerpt":{"rendered":"<p>Wenn Sie bei der Einrichtung ihres Heims Wert auf Details legen und bei Produkten, die Ihnen das Leben leichter machen, auf dem letzten Stand sein m\u00f6chten, dann kaufen Sie Deckenventilator mit Lampe EDM Aral Wei\u00df 50 W. Farbe: Wei\u00df Kappe: E14 Klinge: 6 Spannung: 220-240 V 50 Hz Leistung: 50 W Durchmesser: \u00d8 76 cm [&#8230;]\n","protected":false},"featured_media":90007,"template":"","meta":[],"product_cat":[36],"product_tag":[],"class_list":{"0":"post-5217","1":"product","2":"type-product","3":"status-publish","4":"has-post-thumbnail","6":"product_cat-deckenventilatoren","8":"first","9":"outofstock","10":"taxable","11":"shipping-taxable","12":"purchasable","13":"product-type-simple"},"_links":{"self":[{"href":"https:\/\/klima-theke.com\/index.php?rest_route=\/wp\/v2\/product\/5217","targetHints":{"allow":["GET"]}}],"collection":[{"href":"https:\/\/klima-theke.com\/index.php?rest_route=\/wp\/v2\/product"}],"about":[{"href":"https:\/\/klima-theke.com\/index.php?rest_route=\/wp\/v2\/types\/product"}],"wp:featuredmedia":[{"embeddable":true,"href":"https:\/\/klima-theke.com\/index.php?rest_route=\/wp\/v2\/media\/90007"}],"wp:attachment":[{"href":"https:\/\/klima-theke.com\/index.php?rest_route=%2Fwp%2Fv2%2Fmedia&parent=5217"}],"wp:term":[{"taxonomy":"product_cat","embeddable":true,"href":"https:\/\/klima-theke.com\/index.php?rest_route=%2Fwp%2Fv2%2Fproduct_cat&post=5217"},{"taxonomy":"product_tag","embeddable":true,"href":"https:\/\/klima-theke.com\/index.php?rest_route=%2Fwp%2Fv2%2Fproduct_tag&post=5217"}],"curies":[{"name":"wp","href":"https:\/\/api.w.org\/{rel}","templated":true}]}}