{"id":5211,"date":"2023-07-19T12:08:54","date_gmt":"2023-07-19T10:08:54","guid":{"rendered":"https:\/\/klima-theke.com\/produkt\/standfuesse-des-heizkoerpers-haverland-rcw\/"},"modified":"2023-10-18T14:21:36","modified_gmt":"2023-10-18T12:21:36","slug":"standfuesse-des-heizkoerpers-haverland-rcw","status":"publish","type":"product","link":"https:\/\/klima-theke.com\/?product=standfuesse-des-heizkoerpers-haverland-rcw","title":{"rendered":"Standf\u00fc\u00dfe des Heizk\u00f6rpers Haverland RCW"},"content":{"rendered":"<p>Wenn Sie Haushaltsger\u00e4te zum besten Gro\u00dfhandelspreis suchen, dann verpassen Sie nicht Ihre Chance auf <b>Standf\u00fc\u00dfe des Heizk\u00f6rpers Haverland RCW<\/b> sowie ein breites Sortiment an kleinen Haushaltsger\u00e4ten!<\/p>\n<ul>\n<li>Material: Kunststoff<\/li>\n<\/ul>\n","protected":false},"excerpt":{"rendered":"<p>Wenn Sie Haushaltsger\u00e4te zum besten Gro\u00dfhandelspreis suchen, dann verpassen Sie nicht Ihre Chance auf Standf\u00fc\u00dfe des Heizk\u00f6rpers Haverland RCW sowie ein breites Sortiment an kleinen Haushaltsger\u00e4ten! Material: Kunststoff<\/p>\n","protected":false},"featured_media":115206,"template":"","meta":[],"product_cat":[38],"product_tag":[],"class_list":{"0":"post-5211","1":"product","2":"type-product","3":"status-publish","4":"has-post-thumbnail","6":"product_cat-heizungen-zubehoer","8":"first","9":"instock","10":"taxable","11":"shipping-taxable","12":"purchasable","13":"product-type-simple"},"_links":{"self":[{"href":"https:\/\/klima-theke.com\/index.php?rest_route=\/wp\/v2\/product\/5211","targetHints":{"allow":["GET"]}}],"collection":[{"href":"https:\/\/klima-theke.com\/index.php?rest_route=\/wp\/v2\/product"}],"about":[{"href":"https:\/\/klima-theke.com\/index.php?rest_route=\/wp\/v2\/types\/product"}],"wp:featuredmedia":[{"embeddable":true,"href":"https:\/\/klima-theke.com\/index.php?rest_route=\/wp\/v2\/media\/115206"}],"wp:attachment":[{"href":"https:\/\/klima-theke.com\/index.php?rest_route=%2Fwp%2Fv2%2Fmedia&parent=5211"}],"wp:term":[{"taxonomy":"product_cat","embeddable":true,"href":"https:\/\/klima-theke.com\/index.php?rest_route=%2Fwp%2Fv2%2Fproduct_cat&post=5211"},{"taxonomy":"product_tag","embeddable":true,"href":"https:\/\/klima-theke.com\/index.php?rest_route=%2Fwp%2Fv2%2Fproduct_tag&post=5211"}],"curies":[{"name":"wp","href":"https:\/\/api.w.org\/{rel}","templated":true}]}}