{"id":5135,"date":"2023-07-19T12:08:03","date_gmt":"2023-07-19T10:08:03","guid":{"rendered":"https:\/\/klima-theke.com\/produkt\/quartz-heizung-edm-07103-badezimmer-600-1200-w-weiss\/"},"modified":"2023-10-30T12:59:12","modified_gmt":"2023-10-30T10:59:12","slug":"quartz-heizung-edm-07103-badezimmer-600-1200-w-weiss","status":"publish","type":"product","link":"https:\/\/klima-theke.com\/?product=quartz-heizung-edm-07103-badezimmer-600-1200-w-weiss","title":{"rendered":"Quartz-Heizung EDM 07103 Badezimmer 600-1200 W Wei\u00df"},"content":{"rendered":"<p>Wenn Sie Haushaltsger\u00e4te zum besten Gro\u00dfhandelspreis suchen, dann verpassen Sie nicht Ihre Chance auf <b>Quartz-Heizung EDM 07103 Badezimmer 600-1200 W Wei\u00df<\/b> sowie ein breites Sortiment an kleinen Haushaltsger\u00e4ten!<\/p>\n<ul>\n<li>Art: Herd<\/li>\n<li>Farbe: Wei\u00df<\/li>\n<li>Spannung: 220-240 V<\/li>\n<li>Leistung: 600-1200 W<\/li>\n<li>Heizsystem: Quarzstangen<\/li>\n<li>Ma\u00dfe ca.: 57 x 10 x 10,5 cm<\/li>\n<li>Empfohlene verwendung: Badezimmer<\/li>\n<li>Stromquelle: Stromnetz<\/li>\n<\/ul>\n","protected":false},"excerpt":{"rendered":"<p>Wenn Sie Haushaltsger\u00e4te zum besten Gro\u00dfhandelspreis suchen, dann verpassen Sie nicht Ihre Chance auf Quartz-Heizung EDM 07103 Badezimmer 600-1200 W Wei\u00df sowie ein breites Sortiment an kleinen Haushaltsger\u00e4ten! Art: Herd Farbe: Wei\u00df Spannung: 220-240 V Leistung: 600-1200 W Heizsystem: Quarzstangen Ma\u00dfe ca.: 57 x 10 x 10,5 cm Empfohlene verwendung: Badezimmer Stromquelle: Stromnetz<\/p>\n","protected":false},"featured_media":125177,"template":"","meta":[],"product_cat":[115],"product_tag":[],"class_list":{"0":"post-5135","1":"product","2":"type-product","3":"status-publish","4":"has-post-thumbnail","6":"product_cat-heizstrahler","8":"first","9":"instock","10":"taxable","11":"shipping-taxable","12":"purchasable","13":"product-type-simple"},"_links":{"self":[{"href":"https:\/\/klima-theke.com\/index.php?rest_route=\/wp\/v2\/product\/5135","targetHints":{"allow":["GET"]}}],"collection":[{"href":"https:\/\/klima-theke.com\/index.php?rest_route=\/wp\/v2\/product"}],"about":[{"href":"https:\/\/klima-theke.com\/index.php?rest_route=\/wp\/v2\/types\/product"}],"wp:featuredmedia":[{"embeddable":true,"href":"https:\/\/klima-theke.com\/index.php?rest_route=\/wp\/v2\/media\/125177"}],"wp:attachment":[{"href":"https:\/\/klima-theke.com\/index.php?rest_route=%2Fwp%2Fv2%2Fmedia&parent=5135"}],"wp:term":[{"taxonomy":"product_cat","embeddable":true,"href":"https:\/\/klima-theke.com\/index.php?rest_route=%2Fwp%2Fv2%2Fproduct_cat&post=5135"},{"taxonomy":"product_tag","embeddable":true,"href":"https:\/\/klima-theke.com\/index.php?rest_route=%2Fwp%2Fv2%2Fproduct_tag&post=5135"}],"curies":[{"name":"wp","href":"https:\/\/api.w.org\/{rel}","templated":true}]}}