{"id":5133,"date":"2023-07-19T12:08:00","date_gmt":"2023-07-19T10:08:00","guid":{"rendered":"https:\/\/klima-theke.com\/produkt\/tristar-haengender-terrassenheizer-ka-5273-1500-w-halogen-schwarz\/"},"modified":"2023-10-29T10:34:31","modified_gmt":"2023-10-29T08:34:31","slug":"tristar-haengender-terrassenheizer-ka-5273-1500-w-halogen-schwarz","status":"publish","type":"product","link":"https:\/\/klima-theke.com\/?product=tristar-haengender-terrassenheizer-ka-5273-1500-w-halogen-schwarz","title":{"rendered":"Tristar H\u00e4ngender Terrassenheizer KA-5273 1500 W Halogen Schwarz"},"content":{"rendered":"<p>Genie\u00dfen Sie Ihre Zeit im Freien mit diesem Infrarot-Terassenheizer KA-5273 von Tristar. Die Tristar Terrassenheizung mit einer Leistung von 1500 W gibt mit der runden Lampenschirmform rundum eine angenehme W\u00e4rme ab. Sie ist ideal f\u00fcr die Montage \u00fcber einem Tisch oder in der Mitte der Terrasse geeignet, damit die W\u00e4rme von mehreren Personen genossen werden kann. Dank der Schutzart IP34 ist die Terrassenheizung vor Spritzwasser gesch\u00fctzt und Sie haben somit genug Zeit, sie auszuschalten, wenn es anf\u00e4ngt zu regnen. Wir empfehlen, die Verwendung des Heizger\u00e4ts bei Regen zu vermeiden und es immer unter einer \u00dcberdachung zu montieren.<\/p>\n<ul>\n<li>Farbe: Schwarz <\/li>\n<li>Koffermaterial: Metall<\/li>\n<li>Abmessungen: 42,5 x 42,5 x 30 cm (L x B x H)<\/li>\n<li>Spannung: 220-240 V~, 50\/60 Hz<\/li>\n<li>Maximale Leistung: 1500 W.<\/li>\n<li>Gewicht: 2,55 kg<\/li>\n<li>Halogen-Heiztechnik<\/li>\n<li>Heizungsart: Infrarot<\/li>\n<li>Heiz-Reichweite: ca. 15 m\u00b2<\/li>\n<li>Kabell\u00e4nge: 1,9 m<\/li>\n<li>360 \u00b0 W\u00e4rmeabgabe<\/li>\n<li>Ein-\/Aus-Schalter<\/li>\n<li>IP-Code: IP 34<\/li>\n<\/ul>\n","protected":false},"excerpt":{"rendered":"<p>Genie\u00dfen Sie Ihre Zeit im Freien mit diesem Infrarot-Terassenheizer KA-5273 von Tristar. Die Tristar Terrassenheizung mit einer Leistung von 1500 W gibt mit der runden Lampenschirmform rundum eine angenehme W\u00e4rme ab. Sie ist ideal f\u00fcr die Montage \u00fcber einem Tisch oder in der Mitte der Terrasse geeignet, damit die W\u00e4rme von mehreren Personen genossen werden [&#8230;]\n","protected":false},"featured_media":124296,"template":"","meta":[],"product_cat":[42],"product_tag":[],"class_list":{"0":"post-5133","1":"product","2":"type-product","3":"status-publish","4":"has-post-thumbnail","6":"product_cat-terrassenheizer","8":"first","9":"instock","10":"sale","11":"taxable","12":"shipping-taxable","13":"purchasable","14":"product-type-simple"},"_links":{"self":[{"href":"https:\/\/klima-theke.com\/index.php?rest_route=\/wp\/v2\/product\/5133","targetHints":{"allow":["GET"]}}],"collection":[{"href":"https:\/\/klima-theke.com\/index.php?rest_route=\/wp\/v2\/product"}],"about":[{"href":"https:\/\/klima-theke.com\/index.php?rest_route=\/wp\/v2\/types\/product"}],"wp:featuredmedia":[{"embeddable":true,"href":"https:\/\/klima-theke.com\/index.php?rest_route=\/wp\/v2\/media\/124296"}],"wp:attachment":[{"href":"https:\/\/klima-theke.com\/index.php?rest_route=%2Fwp%2Fv2%2Fmedia&parent=5133"}],"wp:term":[{"taxonomy":"product_cat","embeddable":true,"href":"https:\/\/klima-theke.com\/index.php?rest_route=%2Fwp%2Fv2%2Fproduct_cat&post=5133"},{"taxonomy":"product_tag","embeddable":true,"href":"https:\/\/klima-theke.com\/index.php?rest_route=%2Fwp%2Fv2%2Fproduct_tag&post=5133"}],"curies":[{"name":"wp","href":"https:\/\/api.w.org\/{rel}","templated":true}]}}