{"id":5112,"date":"2023-07-19T12:07:44","date_gmt":"2023-07-19T10:07:44","guid":{"rendered":"https:\/\/klima-theke.com\/produkt\/luftbefeuchter-mit-ultraschall-aromazerstaeuber-und-led-licht-stearal-innovagoods\/"},"modified":"2023-10-30T12:54:16","modified_gmt":"2023-10-30T10:54:16","slug":"luftbefeuchter-mit-ultraschall-aromazerstaeuber-und-led-licht-stearal-innovagoods","status":"publish","type":"product","link":"https:\/\/klima-theke.com\/?product=luftbefeuchter-mit-ultraschall-aromazerstaeuber-und-led-licht-stearal-innovagoods","title":{"rendered":"Luftbefeuchter mit Ultraschall, Aromazerst\u00e4uber und LED-Licht Stearal InnovaGoods"},"content":{"rendered":"<p><b>InnovaGoods<\/b> bietet Ihnen die Neuheiten f\u00fcr Ihr Zuhause, wie zum Beispiel <b>Luftbefeuchter mit Ultraschall, Aromazerst\u00e4uber und LED-Licht Stearal InnovaGoods Home Living<\/b>! Entdecken Sie eine breite Palette von Qualit\u00e4tsprodukten, die sich durch Funktionalit\u00e4t, Effizienz und innovatives Design auszeichnen: Beleuchtung, Organisation, Dekoration, Klimaanlage, Garten, Haustiere, Reinigung, etc.<\/p>\n<p>Ein origineller multifunktioneller Ultraschall-Luftbefeuchter, der kontinuierlich oder sto\u00dfweise k\u00fchlen Nebel erzeugt. Er kann auch durch Hinzuf\u00fcgen von Essenzen als Aromazerst\u00e4uber verwendet werden, um eine angenehmere Atmosph\u00e4re zu schaffen. Er verf\u00fcgt \u00fcber ein warmes LED-Licht, das sich langsam und fortschreitend ein- und ausschaltet und so eine entspannende Atmosph\u00e4re erzeugt. Die Befeuchtungsfunktion und die Beleuchtungsfunktion k\u00f6nnen gleichzeitig oder unabh\u00e4ngig voneinander betrieben werden. Dank des ger\u00e4uscharmen und kompakten Designs nimmt er mit einem Fassungsverm\u00f6gen von 300 ml nur wenig Platz ein und kann \u00fcberall diskret platziert werden. Dar\u00fcber hinaus kann er sich auch an andere Beh\u00e4lter anpassen (Gl\u00e4ser, Flaschen&#8230;). Er schaltet sich nach 4 Stunden Betrieb automatisch ab, ist aus Soft-Touch-Silikon und hat einen rutschfesten Boden. Die Ultraschall-Zerst\u00e4uberfunktion arbeitet mit 60-70 ml\/Std. 5 Baumwollzylinder (4 Ersatzzylinder) und ein USB-auf-Micro-USB-Anschlusskabel enthalten.<\/p>\n<ul>\n<li>Material:\n<ul>\n<li>ABS<\/li>\n<li>PP<\/li>\n<li>PET<\/li>\n<li>Silikon<\/li>\n<\/ul>\n<\/li>\n<li>Innovatives und funktionelles Design: 3-in-1<\/li>\n<li>Art:\n<ul>\n<li>Elektrisch<\/li>\n<li>Leise<\/li>\n<li>Kompakt<\/li>\n<\/ul>\n<\/li>\n<li>Multifunktion:\n<ul>\n<li>Beleuchtung<\/li>\n<li>Luftbefeuchter<\/li>\n<li>Aroma-Diffusor<\/li>\n<\/ul>\n<\/li>\n<li>Weiches und angenehmes Gef\u00fchl<\/li>\n<li>Kapazit\u00e4t: 300 ml<\/li>\n<li>LED: Warmes Licht<\/li>\n<li>Spr\u00fchverfahren: 60-70 ml\/h<\/li>\n<li>Automatische Ausschaltung: 4 h<\/li>\n<li>Rutschfester Boden<\/li>\n<li>Verwendung mit Wasser, Aromen, Essenzen&#8230; (nicht mitgeliefert)<\/li>\n<li>Leicht, handlich und einfach zu benutzen<\/li>\n<li>Kompakte, reduzierte Gr\u00f6\u00dfe: Geringer Platzbedarf<\/li>\n<li>Enthalten:\n<ul>\n<li>5 Wattezylinder<\/li>\n<li>USB-Kabel auf Micro-USB<\/li>\n<\/ul>\n<\/li>\n<li>Leistung: 3 W<\/li>\n<li>DC in: 5 V \/ 1 A<\/li>\n<li>Ma\u00dfe ca.: \u00d8 6,8 x 15 cm<\/li>\n<\/ul>\n","protected":false},"excerpt":{"rendered":"<p>30 Tage R\u00fcckgaberecht: einfach bestellen und testen!<\/p>\n","protected":false},"featured_media":125152,"template":"","meta":[],"product_cat":[35],"product_tag":[],"class_list":{"0":"post-5112","1":"product","2":"type-product","3":"status-publish","4":"has-post-thumbnail","6":"product_cat-luftbefeuchter-diffusor","8":"first","9":"instock","10":"sale","11":"taxable","12":"shipping-taxable","13":"purchasable","14":"product-type-simple"},"_links":{"self":[{"href":"https:\/\/klima-theke.com\/index.php?rest_route=\/wp\/v2\/product\/5112","targetHints":{"allow":["GET"]}}],"collection":[{"href":"https:\/\/klima-theke.com\/index.php?rest_route=\/wp\/v2\/product"}],"about":[{"href":"https:\/\/klima-theke.com\/index.php?rest_route=\/wp\/v2\/types\/product"}],"wp:featuredmedia":[{"embeddable":true,"href":"https:\/\/klima-theke.com\/index.php?rest_route=\/wp\/v2\/media\/125152"}],"wp:attachment":[{"href":"https:\/\/klima-theke.com\/index.php?rest_route=%2Fwp%2Fv2%2Fmedia&parent=5112"}],"wp:term":[{"taxonomy":"product_cat","embeddable":true,"href":"https:\/\/klima-theke.com\/index.php?rest_route=%2Fwp%2Fv2%2Fproduct_cat&post=5112"},{"taxonomy":"product_tag","embeddable":true,"href":"https:\/\/klima-theke.com\/index.php?rest_route=%2Fwp%2Fv2%2Fproduct_tag&post=5112"}],"curies":[{"name":"wp","href":"https:\/\/api.w.org\/{rel}","templated":true}]}}