{"id":50385,"date":"2023-08-25T08:28:25","date_gmt":"2023-08-25T06:28:25","guid":{"rendered":"https:\/\/klima-theke.com\/produkt\/tristar-elektroheizer-ka-5064-ptc-keramik-1500-w-grau\/"},"modified":"2023-10-29T09:48:22","modified_gmt":"2023-10-29T07:48:22","slug":"tristar-elektroheizer-ka-5064-ptc-keramik-1500-w-grau","status":"publish","type":"product","link":"https:\/\/klima-theke.com\/?product=tristar-elektroheizer-ka-5064-ptc-keramik-1500-w-grau","title":{"rendered":"Tristar Elektroheizer KA-5064 PTC Keramik 1500 W Grau"},"content":{"rendered":"<p>Dieser kompakte und dennoch hocheffiziente PTC-Keramikheizstrahler KA-5064 von Tristar ist perfekt f\u00fcr die effiziente W\u00e4rmeverteilung im Raum. Er ist mit einstellbaren Heizleistungsstufen, aber auch mit Kipp- und \u00dcberhitzungsschutz ausgestattet. Mit dem einstellbaren Thermostat l\u00e4sst sich die gew\u00fcnschte Temperatur einfach einstellen. Diese leistungsstarke Elektroheizung ist ideal f\u00fcr bis zu 30 m\u00b2 gro\u00dfe R\u00e4ume.<\/p>\n<ul>\n<li>Farbe: Grau<\/li>\n<li>Material: Kunststoff<\/li>\n<li>Abmessungen: 15 x 9,2 x 21,2 cm (L x B x H)<\/li>\n<li>Leistung: 1500 W<\/li>\n<li>Leistungsstufen: 750\/1500 W<\/li>\n<li>Heizelement: PTC (Keramik)<\/li>\n<li>Empfohlene Raumgr\u00f6\u00dfe: 30 m\u00b2<\/li>\n<li>Mit Ventilator-Funktion (Frische Luft)<\/li>\n<li>Hohe Heizleistung<\/li>\n<li>Einstellbarer Thermostat<\/li>\n<li>\u00dcberhitzungsschutz<\/li>\n<li>Kippschutz<\/li>\n<li>Integrierter Handgriff<\/li>\n<\/ul>\n","protected":false},"excerpt":{"rendered":"<p>Dieser kompakte und dennoch hocheffiziente PTC-Keramikheizstrahler KA-5064 von Tristar ist perfekt f\u00fcr die effiziente W\u00e4rmeverteilung im Raum. Er ist mit einstellbaren Heizleistungsstufen, aber auch mit Kipp- und \u00dcberhitzungsschutz ausgestattet. Mit dem einstellbaren Thermostat l\u00e4sst sich die gew\u00fcnschte Temperatur einfach einstellen. Diese leistungsstarke Elektroheizung ist ideal f\u00fcr bis zu 30 m\u00b2 gro\u00dfe R\u00e4ume. Farbe: Grau Material: [&#8230;]\n","protected":false},"featured_media":124136,"template":"","meta":[],"product_cat":[118],"product_tag":[],"class_list":{"0":"post-50385","1":"product","2":"type-product","3":"status-publish","4":"has-post-thumbnail","6":"product_cat-keramik-heizung","8":"first","9":"instock","10":"taxable","11":"shipping-taxable","12":"purchasable","13":"product-type-simple"},"_links":{"self":[{"href":"https:\/\/klima-theke.com\/index.php?rest_route=\/wp\/v2\/product\/50385","targetHints":{"allow":["GET"]}}],"collection":[{"href":"https:\/\/klima-theke.com\/index.php?rest_route=\/wp\/v2\/product"}],"about":[{"href":"https:\/\/klima-theke.com\/index.php?rest_route=\/wp\/v2\/types\/product"}],"wp:featuredmedia":[{"embeddable":true,"href":"https:\/\/klima-theke.com\/index.php?rest_route=\/wp\/v2\/media\/124136"}],"wp:attachment":[{"href":"https:\/\/klima-theke.com\/index.php?rest_route=%2Fwp%2Fv2%2Fmedia&parent=50385"}],"wp:term":[{"taxonomy":"product_cat","embeddable":true,"href":"https:\/\/klima-theke.com\/index.php?rest_route=%2Fwp%2Fv2%2Fproduct_cat&post=50385"},{"taxonomy":"product_tag","embeddable":true,"href":"https:\/\/klima-theke.com\/index.php?rest_route=%2Fwp%2Fv2%2Fproduct_tag&post=50385"}],"curies":[{"name":"wp","href":"https:\/\/api.w.org\/{rel}","templated":true}]}}