{"id":50367,"date":"2023-08-25T08:28:13","date_gmt":"2023-08-25T06:28:13","guid":{"rendered":"https:\/\/klima-theke.com\/produkt\/master-elektro-heizluefter-b3eca-288-m%c2%b3-h\/"},"modified":"2023-10-17T14:29:42","modified_gmt":"2023-10-17T12:29:42","slug":"master-elektro-heizluefter-b3eca-288-m%c2%b3-h","status":"publish","type":"product","link":"https:\/\/klima-theke.com\/?product=master-elektro-heizluefter-b3eca-288-m%c2%b3-h","title":{"rendered":"Master Elektro Heizl\u00fcfter B3ECA 288 m\u00b3\/h"},"content":{"rendered":"<p>Dieser hochwertige, sparsame Heizl\u00fcfter von Master ist ein hocheffizientes Ger\u00e4t, dass es saubere Hitze schnell bieten kann.Dank der elektrischen Energieversorgung und Luftverdr\u00e4ngung von 288 m\u00b3\/h, verbraucht das Ger\u00e4t kein Sauerstoff und st\u00f6\u00dft keine Gase, D\u00e4mpfe, Ger\u00fcche oder Feuchtigkeit aus, was gut f\u00fcr die Luftqualit\u00e4t im Raum ist. Dar\u00fcber hinaus betreibt es bei sehr niedergen Ger\u00e4uschpegel . Mit einem Multi-Positions-Schalter k\u00f6nnen Sie die Heizung nach Bedarf einstellen.Der Heizl\u00fcfter ist mit einem Thermoschalter und \u00dcberhitzungsschutz ausgestattet, was Ihnen erm\u00f6glicht, den Heizer sicherer zu kontrollieren. Da es kompakt und tragbar ist, k\u00f6nnen Sie ihn \u00fcberall mitnehmen. Die Elektro-Heizer von Master sind dauerhaft und zuverl\u00e4ssig, da sie nur zertifizierte und hochwertige Komponenten, so wie Elemente aus Edelstahl verwenden.<\/p>\n<ul>\n<li>Leistung:1,65\/ 3,3 kW (5630-11260 BTU\/h)<\/li>\n<li>Stromversorgung:230 V, 50 Hz<\/li>\n<li>Luftleistung: 288 m\u00b3\/h<\/li>\n<li>Packma\u00dfe:28 x 27 x 44 cm(L x B x H)<\/li>\n<li>Nennstrom: 14,5 A<\/li>\n<li>Material: Edelstahl<\/li>\n<li>Schalterposition 1: OFF<\/li>\n<li>Schalterposition 2: L\u00fcfter<\/li>\n<li>Schalterposition 3: 1,65 kw<\/li>\n<li>Schalterposition 4: 3,3 kw<\/li>\n<li>Widerstandsnorm: IP24<\/li>\n<li>Nettogewicht: 5,1 kg<\/li>\n<\/ul>\n","protected":false},"excerpt":{"rendered":"<p>Dieser hochwertige, sparsame Heizl\u00fcfter von Master ist ein hocheffizientes Ger\u00e4t, dass es saubere Hitze schnell bieten kann.Dank der elektrischen Energieversorgung und Luftverdr\u00e4ngung von 288 m\u00b3\/h, verbraucht das Ger\u00e4t kein Sauerstoff und st\u00f6\u00dft keine Gase, D\u00e4mpfe, Ger\u00fcche oder Feuchtigkeit aus, was gut f\u00fcr die Luftqualit\u00e4t im Raum ist. Dar\u00fcber hinaus betreibt es bei sehr niedergen Ger\u00e4uschpegel [&#8230;]\n","protected":false},"featured_media":113695,"template":"","meta":[],"product_cat":[117],"product_tag":[],"class_list":{"0":"post-50367","1":"product","2":"type-product","3":"status-publish","4":"has-post-thumbnail","6":"product_cat-heizluefter","8":"first","9":"instock","10":"taxable","11":"shipping-taxable","12":"purchasable","13":"product-type-simple"},"_links":{"self":[{"href":"https:\/\/klima-theke.com\/index.php?rest_route=\/wp\/v2\/product\/50367","targetHints":{"allow":["GET"]}}],"collection":[{"href":"https:\/\/klima-theke.com\/index.php?rest_route=\/wp\/v2\/product"}],"about":[{"href":"https:\/\/klima-theke.com\/index.php?rest_route=\/wp\/v2\/types\/product"}],"wp:featuredmedia":[{"embeddable":true,"href":"https:\/\/klima-theke.com\/index.php?rest_route=\/wp\/v2\/media\/113695"}],"wp:attachment":[{"href":"https:\/\/klima-theke.com\/index.php?rest_route=%2Fwp%2Fv2%2Fmedia&parent=50367"}],"wp:term":[{"taxonomy":"product_cat","embeddable":true,"href":"https:\/\/klima-theke.com\/index.php?rest_route=%2Fwp%2Fv2%2Fproduct_cat&post=50367"},{"taxonomy":"product_tag","embeddable":true,"href":"https:\/\/klima-theke.com\/index.php?rest_route=%2Fwp%2Fv2%2Fproduct_tag&post=50367"}],"curies":[{"name":"wp","href":"https:\/\/api.w.org\/{rel}","templated":true}]}}