{"id":50314,"date":"2023-08-25T08:27:39","date_gmt":"2023-08-25T06:27:39","guid":{"rendered":"https:\/\/klima-theke.com\/produkt\/heizkoerperverkleidung-795x19x84-cm-massivholz-kiefer\/"},"modified":"2023-10-29T23:27:16","modified_gmt":"2023-10-29T21:27:16","slug":"heizkoerperverkleidung-795x19x84-cm-massivholz-kiefer","status":"publish","type":"product","link":"https:\/\/klima-theke.com\/?product=heizkoerperverkleidung-795x19x84-cm-massivholz-kiefer","title":{"rendered":"Heizk\u00f6rperverkleidung 79,5x19x84 cm Massivholz Kiefer"},"content":{"rendered":"<p>Diese Heizk\u00f6rperverkleidung aus Holz verleiht deinem Heizk\u00f6rper eine dekorative Funktion und bietet eine zus\u00e4tzliche Ablagefl\u00e4che. Massives Kiefernholz: Massives Kiefernholz ist ein wundersch\u00f6nes Naturmaterial. Kiefernholz weist eine gerade Maserung auf und die Aststellen verleihen dem Material seine charakteristische, rustikale Optik.Praktische Ablage: Die Heizungsabdeckung bietet auch eine zus\u00e4tzliche Ablagefl\u00e4che, auf der B\u00fccher, Fotorahmen, Ornamente usw. Platz finden.Modernes Lamellen-Design: Der Heizk\u00f6rperschrank weist ein modernes Lamellen-Design auf, das perfekt zu jeder Einrichtung passt. Hinweis:Jedes Produkt wird mit einer Montageanleitung in der Verpackung f\u00fcr eine einfache Montage geliefert.<\/p>\n<ul>\n<li>Material: Massives Kiefernholz (unbehandelt)<\/li>\n<li>Abmessungen: 79,5 x 19 x 84 cm (L x B x H)<\/li>\n<li>Mit horizontalen Latten<\/li>\n<\/ul>\n","protected":false},"excerpt":{"rendered":"<p>Diese Heizk\u00f6rperverkleidung aus Holz verleiht deinem Heizk\u00f6rper eine dekorative Funktion und bietet eine zus\u00e4tzliche Ablagefl\u00e4che. Massives Kiefernholz: Massives Kiefernholz ist ein wundersch\u00f6nes Naturmaterial. Kiefernholz weist eine gerade Maserung auf und die Aststellen verleihen dem Material seine charakteristische, rustikale Optik.Praktische Ablage: Die Heizungsabdeckung bietet auch eine zus\u00e4tzliche Ablagefl\u00e4che, auf der B\u00fccher, Fotorahmen, Ornamente usw. Platz finden.Modernes [&#8230;]\n","protected":false},"featured_media":124666,"template":"","meta":[],"product_cat":[38],"product_tag":[],"class_list":{"0":"post-50314","1":"product","2":"type-product","3":"status-publish","4":"has-post-thumbnail","6":"product_cat-heizungen-zubehoer","8":"first","9":"instock","10":"taxable","11":"shipping-taxable","12":"purchasable","13":"product-type-simple"},"_links":{"self":[{"href":"https:\/\/klima-theke.com\/index.php?rest_route=\/wp\/v2\/product\/50314","targetHints":{"allow":["GET"]}}],"collection":[{"href":"https:\/\/klima-theke.com\/index.php?rest_route=\/wp\/v2\/product"}],"about":[{"href":"https:\/\/klima-theke.com\/index.php?rest_route=\/wp\/v2\/types\/product"}],"wp:featuredmedia":[{"embeddable":true,"href":"https:\/\/klima-theke.com\/index.php?rest_route=\/wp\/v2\/media\/124666"}],"wp:attachment":[{"href":"https:\/\/klima-theke.com\/index.php?rest_route=%2Fwp%2Fv2%2Fmedia&parent=50314"}],"wp:term":[{"taxonomy":"product_cat","embeddable":true,"href":"https:\/\/klima-theke.com\/index.php?rest_route=%2Fwp%2Fv2%2Fproduct_cat&post=50314"},{"taxonomy":"product_tag","embeddable":true,"href":"https:\/\/klima-theke.com\/index.php?rest_route=%2Fwp%2Fv2%2Fproduct_tag&post=50314"}],"curies":[{"name":"wp","href":"https:\/\/api.w.org\/{rel}","templated":true}]}}