{"id":4937,"date":"2023-07-19T12:05:36","date_gmt":"2023-07-19T10:05:36","guid":{"rendered":"https:\/\/klima-theke.com\/produkt\/propeller-turbinengeblaese-edm-33984-ersatzteil-322-mm\/"},"modified":"2023-10-16T20:38:10","modified_gmt":"2023-10-16T18:38:10","slug":"propeller-turbinengeblaese-edm-33984-ersatzteil-322-mm","status":"publish","type":"product","link":"https:\/\/klima-theke.com\/?product=propeller-turbinengeblaese-edm-33984-ersatzteil-322-mm","title":{"rendered":"Propeller\/Turbinengebl\u00e4se EDM 33984 Ersatzteil 322 mm"},"content":{"rendered":"<p>Wenn Sie bei der Einrichtung ihres Heims Wert auf Details legen und bei Produkten, die Ihnen das Leben leichter machen, auf dem letzten Stand sein m\u00f6chten, dann kaufen Sie <b>Propeller\/Turbinengebl\u00e4se EDM 33984 Ersatzteil 322 mm<\/b> zum besten Preis.<\/p>\n<ul>\n<li>Art:\n<ul>\n<li>Schaufel<\/li>\n<li>Ersatzteil<\/li>\n<\/ul>\n<\/li>\n<li>Farbe: Wengue<\/li>\n<li>Anzahl der St\u00fccke: 1 St\u00fccke<\/li>\n<li>Ma\u00dfe ca.: 322 mm<\/li>\n<\/ul>\n","protected":false},"excerpt":{"rendered":"<p>Wenn Sie bei der Einrichtung ihres Heims Wert auf Details legen und bei Produkten, die Ihnen das Leben leichter machen, auf dem letzten Stand sein m\u00f6chten, dann kaufen Sie Propeller\/Turbinengebl\u00e4se EDM 33984 Ersatzteil 322 mm zum besten Preis. Art: Schaufel Ersatzteil Farbe: Wengue Anzahl der St\u00fccke: 1 St\u00fccke Ma\u00dfe ca.: 322 mm<\/p>\n","protected":false},"featured_media":112575,"template":"","meta":[],"product_cat":[34],"product_tag":[],"class_list":{"0":"post-4937","1":"product","2":"type-product","3":"status-publish","4":"has-post-thumbnail","6":"product_cat-tisch-standventilatoren","8":"first","9":"instock","10":"taxable","11":"shipping-taxable","12":"purchasable","13":"product-type-simple"},"_links":{"self":[{"href":"https:\/\/klima-theke.com\/index.php?rest_route=\/wp\/v2\/product\/4937","targetHints":{"allow":["GET"]}}],"collection":[{"href":"https:\/\/klima-theke.com\/index.php?rest_route=\/wp\/v2\/product"}],"about":[{"href":"https:\/\/klima-theke.com\/index.php?rest_route=\/wp\/v2\/types\/product"}],"wp:featuredmedia":[{"embeddable":true,"href":"https:\/\/klima-theke.com\/index.php?rest_route=\/wp\/v2\/media\/112575"}],"wp:attachment":[{"href":"https:\/\/klima-theke.com\/index.php?rest_route=%2Fwp%2Fv2%2Fmedia&parent=4937"}],"wp:term":[{"taxonomy":"product_cat","embeddable":true,"href":"https:\/\/klima-theke.com\/index.php?rest_route=%2Fwp%2Fv2%2Fproduct_cat&post=4937"},{"taxonomy":"product_tag","embeddable":true,"href":"https:\/\/klima-theke.com\/index.php?rest_route=%2Fwp%2Fv2%2Fproduct_tag&post=4937"}],"curies":[{"name":"wp","href":"https:\/\/api.w.org\/{rel}","templated":true}]}}