{"id":4924,"date":"2023-07-19T12:05:25","date_gmt":"2023-07-19T10:05:25","guid":{"rendered":"https:\/\/klima-theke.com\/produkt\/quartz-heizung-edm-07108-badezimmer-weiss-800-w\/"},"modified":"2023-10-30T12:59:15","modified_gmt":"2023-10-30T10:59:15","slug":"quartz-heizung-edm-07108-badezimmer-weiss-800-w","status":"publish","type":"product","link":"https:\/\/klima-theke.com\/?product=quartz-heizung-edm-07108-badezimmer-weiss-800-w","title":{"rendered":"Quartz-Heizung EDM 07108 Badezimmer Wei\u00df 800 W"},"content":{"rendered":"<p>Wenn Sie Haushaltsger\u00e4te zum besten Gro\u00dfhandelspreis suchen, dann verpassen Sie nicht Ihre Chance auf <b>Quartz-Heizung EDM 07108 Badezimmer Wei\u00df 800 W<\/b> sowie ein breites Sortiment an kleinen Haushaltsger\u00e4ten!<\/p>\n<ul>\n<li>Art: Herd<\/li>\n<li>Farbe: Wei\u00df<\/li>\n<li>Leistung: 800 W<\/li>\n<li>Spannung: 220-240 V<\/li>\n<li>Heizsystem: Quarzstangen<\/li>\n<li>Ma\u00dfe ca.: 53,5 x 6 x 13,5 cm<\/li>\n<li>Empfohlene verwendung: Badezimmer<\/li>\n<\/ul>\n","protected":false},"excerpt":{"rendered":"<p>Wenn Sie Haushaltsger\u00e4te zum besten Gro\u00dfhandelspreis suchen, dann verpassen Sie nicht Ihre Chance auf Quartz-Heizung EDM 07108 Badezimmer Wei\u00df 800 W sowie ein breites Sortiment an kleinen Haushaltsger\u00e4ten! Art: Herd Farbe: Wei\u00df Leistung: 800 W Spannung: 220-240 V Heizsystem: Quarzstangen Ma\u00dfe ca.: 53,5 x 6 x 13,5 cm Empfohlene verwendung: Badezimmer<\/p>\n","protected":false},"featured_media":125178,"template":"","meta":[],"product_cat":[115],"product_tag":[],"class_list":{"0":"post-4924","1":"product","2":"type-product","3":"status-publish","4":"has-post-thumbnail","6":"product_cat-heizstrahler","8":"first","9":"instock","10":"taxable","11":"shipping-taxable","12":"purchasable","13":"product-type-simple"},"_links":{"self":[{"href":"https:\/\/klima-theke.com\/index.php?rest_route=\/wp\/v2\/product\/4924","targetHints":{"allow":["GET"]}}],"collection":[{"href":"https:\/\/klima-theke.com\/index.php?rest_route=\/wp\/v2\/product"}],"about":[{"href":"https:\/\/klima-theke.com\/index.php?rest_route=\/wp\/v2\/types\/product"}],"wp:featuredmedia":[{"embeddable":true,"href":"https:\/\/klima-theke.com\/index.php?rest_route=\/wp\/v2\/media\/125178"}],"wp:attachment":[{"href":"https:\/\/klima-theke.com\/index.php?rest_route=%2Fwp%2Fv2%2Fmedia&parent=4924"}],"wp:term":[{"taxonomy":"product_cat","embeddable":true,"href":"https:\/\/klima-theke.com\/index.php?rest_route=%2Fwp%2Fv2%2Fproduct_cat&post=4924"},{"taxonomy":"product_tag","embeddable":true,"href":"https:\/\/klima-theke.com\/index.php?rest_route=%2Fwp%2Fv2%2Fproduct_tag&post=4924"}],"curies":[{"name":"wp","href":"https:\/\/api.w.org\/{rel}","templated":true}]}}