{"id":4844,"date":"2023-07-19T12:04:17","date_gmt":"2023-07-19T10:04:17","guid":{"rendered":"https:\/\/klima-theke.com\/produkt\/tristar-klimaanlage-ac-5529-9000-btu-980-w-weiss\/"},"modified":"2023-10-26T09:04:25","modified_gmt":"2023-10-26T07:04:25","slug":"tristar-klimaanlage-ac-5529-9000-btu-980-w-weiss","status":"publish","type":"product","link":"https:\/\/klima-theke.com\/?product=tristar-klimaanlage-ac-5529-9000-btu-980-w-weiss","title":{"rendered":"Tristar Klimaanlage AC-5529 9000 BTU 980 W Wei\u00df"},"content":{"rendered":"<p>Wenn Sie nach einer flexiblen Luftk\u00fchlm\u00f6glichkeit f\u00fcr Ihre Familie suchen, dann ist diese Klimaanlage AC-5529 von Tristar mit einer K\u00fchlleistung von 9000 BTU genau die richtige Wahl. Diese mobile Klimaanlage ist speziell f\u00fcr den Hausgebrauch konzipiert. Dank seiner kompakten Bauweise mit Lenkrollen ist das Ger\u00e4t mobil und l\u00e4sst sich leicht bewegen. Die Klimaanlage verf\u00fcgt \u00fcber drei Betriebsmodi: K\u00fchlen, Entfeuchten und Bel\u00fcften. Sie verf\u00fcgt \u00fcber 2 w\u00e4hlbare Ventilatorgeschwindigkeiten, wobei die gew\u00fcnschte Temeperatur genau eingestellt werden kann. Diese Klimaanlage eignet sich f\u00fcr R\u00e4ume von bis zu 80 m\u00b3. Bitte beachten Sie, dass diese Klimaanlage keine Heizfunktion besitzt.<\/p>\n<ul>\n<li>Farbe: Wei\u00df<\/li>\n<li>Material: Kunststoff<\/li>\n<li>Ma\u00dfe: 28 x 33 x 68 cm (B x T x H)<\/li>\n<li>Spannung: 220-240 V<\/li>\n<li>Leistung: 980 W<\/li>\n<li>K\u00fchlleistung: 2,63 kWh (9000 BTU)<\/li>\n<li>EER: 2,6 W<\/li>\n<li>Luftstrom: 320 m\u00b3\/h<\/li>\n<li>Entfeuchtungsleistung: 1,2 L\/h <\/li>\n<li>Wassertankvolumen: 0,5 L<\/li>\n<li>3 Modi: K\u00fchlen, Entfeuchten und Bel\u00fcften<\/li>\n<li>2 ausw\u00e4hlbare Bel\u00fcftungsgeschwindigkeiten<\/li>\n<li>Einstellbare Temperatur<\/li>\n<li>Anzeige, wenn Wassertank voll ist<\/li>\n<li>Digitales Bedienfeld<\/li>\n<li>Fernbedienung<\/li>\n<li>Digitaler Timer<\/li>\n<li>Schlauch: 1,5 m<\/li>\n<li>Geeignet f\u00fcr R\u00e4ume: &lt; 80 m\u00b3<\/li>\n<li>Energieklasse: A<\/li>\n<li>Ger\u00e4uschpegel: 65 db<\/li>\n<li>K\u00e4ltemittel: R410a, 290 g<\/li>\n<\/ul>\n","protected":false},"excerpt":{"rendered":"<p>Wenn Sie nach einer flexiblen Luftk\u00fchlm\u00f6glichkeit f\u00fcr Ihre Familie suchen, dann ist diese Klimaanlage AC-5529 von Tristar mit einer K\u00fchlleistung von 9000 BTU genau die richtige Wahl. Diese mobile Klimaanlage ist speziell f\u00fcr den Hausgebrauch konzipiert. Dank seiner kompakten Bauweise mit Lenkrollen ist das Ger\u00e4t mobil und l\u00e4sst sich leicht bewegen. Die Klimaanlage verf\u00fcgt \u00fcber [&#8230;]\n","protected":false},"featured_media":121734,"template":"","meta":[],"product_cat":[41],"product_tag":[],"class_list":{"0":"post-4844","1":"product","2":"type-product","3":"status-publish","4":"has-post-thumbnail","6":"product_cat-klimaanlagen-zubehoer","8":"first","9":"outofstock","10":"taxable","11":"shipping-taxable","12":"purchasable","13":"product-type-simple"},"_links":{"self":[{"href":"https:\/\/klima-theke.com\/index.php?rest_route=\/wp\/v2\/product\/4844","targetHints":{"allow":["GET"]}}],"collection":[{"href":"https:\/\/klima-theke.com\/index.php?rest_route=\/wp\/v2\/product"}],"about":[{"href":"https:\/\/klima-theke.com\/index.php?rest_route=\/wp\/v2\/types\/product"}],"wp:featuredmedia":[{"embeddable":true,"href":"https:\/\/klima-theke.com\/index.php?rest_route=\/wp\/v2\/media\/121734"}],"wp:attachment":[{"href":"https:\/\/klima-theke.com\/index.php?rest_route=%2Fwp%2Fv2%2Fmedia&parent=4844"}],"wp:term":[{"taxonomy":"product_cat","embeddable":true,"href":"https:\/\/klima-theke.com\/index.php?rest_route=%2Fwp%2Fv2%2Fproduct_cat&post=4844"},{"taxonomy":"product_tag","embeddable":true,"href":"https:\/\/klima-theke.com\/index.php?rest_route=%2Fwp%2Fv2%2Fproduct_tag&post=4844"}],"curies":[{"name":"wp","href":"https:\/\/api.w.org\/{rel}","templated":true}]}}