{"id":4744,"date":"2023-07-19T11:59:32","date_gmt":"2023-07-19T09:59:32","guid":{"rendered":"https:\/\/klima-theke.com\/produkt\/raster-fepre-aluminium-weiss-15-x-15-cm\/"},"modified":"2023-10-28T09:53:08","modified_gmt":"2023-10-28T07:53:08","slug":"raster-fepre-aluminium-weiss-15-x-15-cm","status":"publish","type":"product","link":"https:\/\/klima-theke.com\/?product=raster-fepre-aluminium-weiss-15-x-15-cm","title":{"rendered":"Raster Fepre Aluminium Wei\u00df (15 x 15 cm)"},"content":{"rendered":"<p>Wenn Sie bei der Einrichtung ihres Heims Wert auf Details legen und bei Produkten, die Ihnen das Leben leichter machen, auf dem letzten Stand sein m\u00f6chten, dann kaufen Sie <b>Raster Fepre Aluminium Wei\u00df (15 x 15 cm)<\/b> zum besten Preis.<\/p>\n<ul>\n<li>Art: Raster<\/li>\n<li>Farbe: Wei\u00df<\/li>\n<li>Material: Aluminium<\/li>\n<li>Ma\u00dfe ca.: 15 x 15 cm<\/li>\n<\/ul>\n","protected":false},"excerpt":{"rendered":"<p>Wenn Sie bei der Einrichtung ihres Heims Wert auf Details legen und bei Produkten, die Ihnen das Leben leichter machen, auf dem letzten Stand sein m\u00f6chten, dann kaufen Sie Raster Fepre Aluminium Wei\u00df (15 x 15 cm) zum besten Preis. Art: Raster Farbe: Wei\u00df Material: Aluminium Ma\u00dfe ca.: 15 x 15 cm<\/p>\n","protected":false},"featured_media":123705,"template":"","meta":[],"product_cat":[34],"product_tag":[],"class_list":{"0":"post-4744","1":"product","2":"type-product","3":"status-publish","4":"has-post-thumbnail","6":"product_cat-tisch-standventilatoren","8":"first","9":"instock","10":"taxable","11":"shipping-taxable","12":"purchasable","13":"product-type-simple"},"_links":{"self":[{"href":"https:\/\/klima-theke.com\/index.php?rest_route=\/wp\/v2\/product\/4744","targetHints":{"allow":["GET"]}}],"collection":[{"href":"https:\/\/klima-theke.com\/index.php?rest_route=\/wp\/v2\/product"}],"about":[{"href":"https:\/\/klima-theke.com\/index.php?rest_route=\/wp\/v2\/types\/product"}],"wp:featuredmedia":[{"embeddable":true,"href":"https:\/\/klima-theke.com\/index.php?rest_route=\/wp\/v2\/media\/123705"}],"wp:attachment":[{"href":"https:\/\/klima-theke.com\/index.php?rest_route=%2Fwp%2Fv2%2Fmedia&parent=4744"}],"wp:term":[{"taxonomy":"product_cat","embeddable":true,"href":"https:\/\/klima-theke.com\/index.php?rest_route=%2Fwp%2Fv2%2Fproduct_cat&post=4744"},{"taxonomy":"product_tag","embeddable":true,"href":"https:\/\/klima-theke.com\/index.php?rest_route=%2Fwp%2Fv2%2Fproduct_tag&post=4744"}],"curies":[{"name":"wp","href":"https:\/\/api.w.org\/{rel}","templated":true}]}}