{"id":4671,"date":"2023-07-19T11:58:15","date_gmt":"2023-07-19T09:58:15","guid":{"rendered":"https:\/\/klima-theke.com\/produkt\/zeitschaltthermostat-fuer-klimaanlagen-tm-electron\/"},"modified":"2023-10-27T22:53:32","modified_gmt":"2023-10-27T20:53:32","slug":"zeitschaltthermostat-fuer-klimaanlagen-tm-electron","status":"publish","type":"product","link":"https:\/\/klima-theke.com\/?product=zeitschaltthermostat-fuer-klimaanlagen-tm-electron","title":{"rendered":"Zeitschaltthermostat f\u00fcr Klimaanlagen TM Electron"},"content":{"rendered":"<p>Wenn Sie Haushaltsger\u00e4te zum besten Gro\u00dfhandelspreis suchen, dann verpassen Sie nicht Ihre Chance auf <b>Zeitschaltthermostat f\u00fcr Klimaanlagen TM Electron<\/b> sowie ein breites Sortiment an kleinen Haushaltsger\u00e4ten!<\/p>\n<ul>\n<li>Art: Fernbedienung<\/li>\n<li>Merkmale: Langstrecke<\/li>\n<\/ul>\n","protected":false},"excerpt":{"rendered":"<p>Wenn Sie Haushaltsger\u00e4te zum besten Gro\u00dfhandelspreis suchen, dann verpassen Sie nicht Ihre Chance auf Zeitschaltthermostat f\u00fcr Klimaanlagen TM Electron sowie ein breites Sortiment an kleinen Haushaltsger\u00e4ten! Art: Fernbedienung Merkmale: Langstrecke<\/p>\n","protected":false},"featured_media":123497,"template":"","meta":[],"product_cat":[41],"product_tag":[],"class_list":{"0":"post-4671","1":"product","2":"type-product","3":"status-publish","4":"has-post-thumbnail","6":"product_cat-klimaanlagen-zubehoer","8":"first","9":"instock","10":"taxable","11":"shipping-taxable","12":"purchasable","13":"product-type-simple"},"_links":{"self":[{"href":"https:\/\/klima-theke.com\/index.php?rest_route=\/wp\/v2\/product\/4671","targetHints":{"allow":["GET"]}}],"collection":[{"href":"https:\/\/klima-theke.com\/index.php?rest_route=\/wp\/v2\/product"}],"about":[{"href":"https:\/\/klima-theke.com\/index.php?rest_route=\/wp\/v2\/types\/product"}],"wp:featuredmedia":[{"embeddable":true,"href":"https:\/\/klima-theke.com\/index.php?rest_route=\/wp\/v2\/media\/123497"}],"wp:attachment":[{"href":"https:\/\/klima-theke.com\/index.php?rest_route=%2Fwp%2Fv2%2Fmedia&parent=4671"}],"wp:term":[{"taxonomy":"product_cat","embeddable":true,"href":"https:\/\/klima-theke.com\/index.php?rest_route=%2Fwp%2Fv2%2Fproduct_cat&post=4671"},{"taxonomy":"product_tag","embeddable":true,"href":"https:\/\/klima-theke.com\/index.php?rest_route=%2Fwp%2Fv2%2Fproduct_tag&post=4671"}],"curies":[{"name":"wp","href":"https:\/\/api.w.org\/{rel}","templated":true}]}}