{"id":4636,"date":"2023-07-19T11:57:45","date_gmt":"2023-07-19T09:57:45","guid":{"rendered":"https:\/\/klima-theke.com\/produkt\/vertikaler-heizkoerper-sp-tl-39vm-2000w-schwarz\/"},"modified":"2023-10-17T21:10:27","modified_gmt":"2023-10-17T19:10:27","slug":"vertikaler-heizkoerper-sp-tl-39vm-2000w-schwarz","status":"publish","type":"product","link":"https:\/\/klima-theke.com\/?product=vertikaler-heizkoerper-sp-tl-39vm-2000w-schwarz","title":{"rendered":"Vertikaler Heizl\u00fcfter S&amp;P TL-39VM 2000W Schwarz"},"content":{"rendered":"<p>Wenn Sie Haushaltsger\u00e4te zum besten Gro\u00dfhandelspreis suchen, dann verpassen Sie nicht Ihre Chance auf <b>Vertikaler Heizk\u00f6rper S&amp;P TL-39VM 2000W Schwarz<\/b> sowie ein breites Sortiment an kleinen Haushaltsger\u00e4ten!<\/p>\n<ul>\n<li>Farbe:\n<ul>\n<li>Schwarz<\/li>\n<li>Schwarz<\/li>\n<\/ul>\n<\/li>\n<li>Leistung:\n<ul>\n<li>2000 W<\/li>\n<li>24 m\u00b2<\/li>\n<\/ul>\n<\/li>\n<li>Temperatur:\n<ul>\n<li>Einstellbar<\/li>\n<li>2 Ebenen<\/li>\n<\/ul>\n<\/li>\n<li>Dreh: 60\u00ba<\/li>\n<li>Steuerung: Drehend<\/li>\n<li>Merkmale: Thermostat<\/li>\n<li>Stromquelle: Stromnetz<\/li>\n<li>Spannung: 230 V<\/li>\n<li>Ma\u00dfe ca.: 39,5 x 22 x 16,5 cm<\/li>\n<\/ul>\n","protected":false},"excerpt":{"rendered":"<p>Wenn Sie Haushaltsger\u00e4te zum besten Gro\u00dfhandelspreis suchen, dann verpassen Sie nicht Ihre Chance auf Vertikaler Heizk\u00f6rper S&amp;P TL-39VM 2000W Schwarz sowie ein breites Sortiment an kleinen Haushaltsger\u00e4ten! Farbe: Schwarz Schwarz Leistung: 2000 W 24 m\u00b2 Temperatur: Einstellbar 2 Ebenen Dreh: 60\u00ba Steuerung: Drehend Merkmale: Thermostat Stromquelle: Stromnetz Spannung: 230 V Ma\u00dfe ca.: 39,5 x 22 [&#8230;]\n","protected":false},"featured_media":114360,"template":"","meta":[],"product_cat":[117],"product_tag":[],"class_list":{"0":"post-4636","1":"product","2":"type-product","3":"status-publish","4":"has-post-thumbnail","6":"product_cat-heizluefter","8":"first","9":"outofstock","10":"taxable","11":"shipping-taxable","12":"purchasable","13":"product-type-simple"},"_links":{"self":[{"href":"https:\/\/klima-theke.com\/index.php?rest_route=\/wp\/v2\/product\/4636","targetHints":{"allow":["GET"]}}],"collection":[{"href":"https:\/\/klima-theke.com\/index.php?rest_route=\/wp\/v2\/product"}],"about":[{"href":"https:\/\/klima-theke.com\/index.php?rest_route=\/wp\/v2\/types\/product"}],"wp:featuredmedia":[{"embeddable":true,"href":"https:\/\/klima-theke.com\/index.php?rest_route=\/wp\/v2\/media\/114360"}],"wp:attachment":[{"href":"https:\/\/klima-theke.com\/index.php?rest_route=%2Fwp%2Fv2%2Fmedia&parent=4636"}],"wp:term":[{"taxonomy":"product_cat","embeddable":true,"href":"https:\/\/klima-theke.com\/index.php?rest_route=%2Fwp%2Fv2%2Fproduct_cat&post=4636"},{"taxonomy":"product_tag","embeddable":true,"href":"https:\/\/klima-theke.com\/index.php?rest_route=%2Fwp%2Fv2%2Fproduct_tag&post=4636"}],"curies":[{"name":"wp","href":"https:\/\/api.w.org\/{rel}","templated":true}]}}